{"id":717050,"date":"2025-08-27T17:51:01","date_gmt":"2025-08-27T14:51:01","guid":{"rendered":"https:\/\/roveyayinevi.com.tr\/index.php\/urun\/tropikal-iklim-cocuklar-icin-yaratici-etkinliklerle-ekoloji\/"},"modified":"2026-04-16T02:25:08","modified_gmt":"2026-04-15T23:25:08","slug":"tropikal-iklim-cocuklar-icin-yaratici-etkinliklerle-ekoloji","status":"publish","type":"product","link":"https:\/\/roveyayinevi.com.tr\/index.php\/urun\/tropikal-iklim-cocuklar-icin-yaratici-etkinliklerle-ekoloji\/","title":{"rendered":"Tropikal \u0130klim-\u00c7ocuklar i\u00e7in Yarat\u0131c\u0131 Etkinliklerle Ekoloji"},"content":{"rendered":"<p>Ekoloji hi\u00e7 bu kadar keyifli olmam\u0131\u015ft\u0131!Hayal g\u00fcc\u00fc ve yarat\u0131c\u0131 etkinliklerle dolu bu ekoloji serisinde canl\u0131lar\u0131n bilinmeyen y\u00f6nlerini ke\u015ffedecek, Kes-Yap\u0131\u015ft\u0131r-Boya etkinlikleriyle e\u011flenceli vakit ge\u00e7ireceksiniz.Minik elektrikli y\u0131lan bal\u0131\u011f\u0131 g\u00f6rd\u00fcn\u00fcz m\u00fc? Pamuk \u015fekerden kaplumba\u011fa olur mu? Tropikal hayvanlar\u0131n d\u00fcnyas\u0131nda hayal g\u00fcc\u00fc ve yarat\u0131c\u0131l\u0131k s\u0131n\u0131rs\u0131z! Kes-yap\u0131\u015ft\u0131r-boya aktiviteleri ve e\u011flenceli \u00e7\u0131kartmalar\u0131yla tropikal hayvanlar\u0131n d\u00fcnyas\u0131na konuk olal\u0131m.<\/p>\n","protected":false},"excerpt":{"rendered":"<p>Ekoloji hi\u00e7 bu kadar keyifli olmam\u0131\u015ft\u0131!Hayal g\u00fcc\u00fc ve yarat\u0131c\u0131 etkinliklerle dolu bu ekoloji serisinde canl\u0131lar\u0131n bilinmeyen y\u00f6nlerini ke\u015ffedecek, Kes-Yap\u0131\u015ft\u0131r-Boya etkinlikleriyle e\u011flenceli vakit ge\u00e7ireceksiniz.Minik elektrikli y\u0131lan bal\u0131\u011f\u0131<span class=\"excerpt-hellip\"> [\u2026]<\/span><\/p>\n","protected":false},"featured_media":0,"template":"","meta":{"_monsterinsights_skip_tracking":false,"_monsterinsights_sitenote_active":false,"_monsterinsights_sitenote_note":"","_monsterinsights_sitenote_category":0},"product_brand":[],"product_cat":[12644,12274],"product_tag":[],"class_list":{"0":"post-717050","1":"product","2":"type-product","3":"status-publish","5":"product_cat-boyama-kitaplari","6":"product_cat-cocuk-ve-genclik-kitaplari","7":"pa_cilt-ciltsiz","8":"pa_tur-kitap","9":"pa_yayinevi-erdem-yayinlari","10":"pa_yazar-kim-myung-hee","12":"first","13":"instock","14":"sale","15":"shipping-taxable","16":"purchasable","17":"product-type-simple"},"_links":{"self":[{"href":"https:\/\/roveyayinevi.com.tr\/index.php\/wp-json\/wp\/v2\/product\/717050","targetHints":{"allow":["GET"]}}],"collection":[{"href":"https:\/\/roveyayinevi.com.tr\/index.php\/wp-json\/wp\/v2\/product"}],"about":[{"href":"https:\/\/roveyayinevi.com.tr\/index.php\/wp-json\/wp\/v2\/types\/product"}],"wp:attachment":[{"href":"https:\/\/roveyayinevi.com.tr\/index.php\/wp-json\/wp\/v2\/media?parent=717050"}],"wp:term":[{"taxonomy":"product_brand","embeddable":true,"href":"https:\/\/roveyayinevi.com.tr\/index.php\/wp-json\/wp\/v2\/product_brand?post=717050"},{"taxonomy":"product_cat","embeddable":true,"href":"https:\/\/roveyayinevi.com.tr\/index.php\/wp-json\/wp\/v2\/product_cat?post=717050"},{"taxonomy":"product_tag","embeddable":true,"href":"https:\/\/roveyayinevi.com.tr\/index.php\/wp-json\/wp\/v2\/product_tag?post=717050"}],"curies":[{"name":"wp","href":"https:\/\/api.w.org\/{rel}","templated":true}]}}