{"id":717043,"date":"2025-08-27T17:50:57","date_gmt":"2025-08-27T14:50:57","guid":{"rendered":"https:\/\/roveyayinevi.com.tr\/index.php\/urun\/erkekler-neden-baglanir\/"},"modified":"2026-04-16T02:25:07","modified_gmt":"2026-04-15T23:25:07","slug":"erkekler-neden-baglanir","status":"publish","type":"product","link":"https:\/\/roveyayinevi.com.tr\/index.php\/urun\/erkekler-neden-baglanir\/","title":{"rendered":"Erkekler Neden Ba\u011flan\u0131r?"},"content":{"rendered":"<p>Bu kitap, mutlu bir beraberlik ya\u015famak ve evlenmek isteyen b\u00fct\u00fcn kad\u0131nlar i\u00e7indir. Erkekler Neden Ba\u011flan\u0131r, erkeklerin ili\u015fkiye nas\u0131l ba\u011fland\u0131klar\u0131n\u0131n ger\u00e7ek nedenlerini a\u00e7\u0131\u011fa \u00e7\u0131kar\u0131yor ve erke\u011finizi mutlu bir evlili\u011fe nas\u0131l g\u00f6t\u00fcrece\u011finizi g\u00f6steriyor. Hayat\u0131n\u0131zdaki erke\u011fi sizden \u00f6nceki ya da belki sizden sonraki kad\u0131n yerine, size ba\u011flayacak olan nedir? Onu stat\u00fckoda tuttu\u011fu ili\u015fkiyi de\u011fi\u015ftirmeye ya da derinle\u015ftirmeye esinlendirecek olan nedir? Evlilik amac\u0131n\u0131za ula\u015fma i\u015flemlerinizi h\u0131zland\u0131rmak i\u00e7in yapabilece\u011finiz bir \u015fey var m\u0131? Evet! Erkekler Neden Ba\u011flan\u0131r, size nas\u0131l bir kan\u0131tlanm\u0131\u015f, entelekt\u00fcel bir yakla\u015f\u0131m alaca\u011f\u0131n\u0131z\u0131, nas\u0131l bir strateji geli\u015ftirece\u011finizi ve se\u00e7ti\u011finiz erke\u011fe bunu nas\u0131l uygulayaca\u011f\u0131n\u0131z\u0131 g\u00f6sterecektir. Susan Curtin Kelley\u2019nin bu kitab\u0131nda, 1000\u2019den fazla erkek, bir ili\u015fkiyi \u00f6m\u00fcr boyu s\u00fcrecek bir beraberli\u011fe d\u00f6n\u00fc\u015ft\u00fcrmek i\u00e7in gereken ipu\u00e7lar\u0131n\u0131 veriyor.<\/p>\n","protected":false},"excerpt":{"rendered":"<p>Bu kitap, mutlu bir beraberlik ya\u015famak ve evlenmek isteyen b\u00fct\u00fcn kad\u0131nlar i\u00e7indir. Erkekler Neden Ba\u011flan\u0131r, erkeklerin ili\u015fkiye nas\u0131l ba\u011fland\u0131klar\u0131n\u0131n ger\u00e7ek nedenlerini a\u00e7\u0131\u011fa \u00e7\u0131kar\u0131yor ve erke\u011finizi mutlu<span class=\"excerpt-hellip\"> [\u2026]<\/span><\/p>\n","protected":false},"featured_media":0,"template":"","meta":{"_monsterinsights_skip_tracking":false,"_monsterinsights_sitenote_active":false,"_monsterinsights_sitenote_note":"","_monsterinsights_sitenote_category":0},"product_brand":[],"product_cat":[26396,13488],"product_tag":[],"class_list":{"0":"post-717043","1":"product","2":"type-product","3":"status-publish","5":"product_cat-kadin-erkek-iliskileri","6":"product_cat-toplum-ve-insan","7":"pa_cilt-ciltsiz","8":"pa_tur-kitap","9":"pa_yayinevi-totem-yayinlari","10":"pa_yazar-susan-curtin-kelley","12":"first","13":"instock","14":"sale","15":"shipping-taxable","16":"purchasable","17":"product-type-simple"},"_links":{"self":[{"href":"https:\/\/roveyayinevi.com.tr\/index.php\/wp-json\/wp\/v2\/product\/717043","targetHints":{"allow":["GET"]}}],"collection":[{"href":"https:\/\/roveyayinevi.com.tr\/index.php\/wp-json\/wp\/v2\/product"}],"about":[{"href":"https:\/\/roveyayinevi.com.tr\/index.php\/wp-json\/wp\/v2\/types\/product"}],"wp:attachment":[{"href":"https:\/\/roveyayinevi.com.tr\/index.php\/wp-json\/wp\/v2\/media?parent=717043"}],"wp:term":[{"taxonomy":"product_brand","embeddable":true,"href":"https:\/\/roveyayinevi.com.tr\/index.php\/wp-json\/wp\/v2\/product_brand?post=717043"},{"taxonomy":"product_cat","embeddable":true,"href":"https:\/\/roveyayinevi.com.tr\/index.php\/wp-json\/wp\/v2\/product_cat?post=717043"},{"taxonomy":"product_tag","embeddable":true,"href":"https:\/\/roveyayinevi.com.tr\/index.php\/wp-json\/wp\/v2\/product_tag?post=717043"}],"curies":[{"name":"wp","href":"https:\/\/api.w.org\/{rel}","templated":true}]}}