{"id":717042,"date":"2025-08-27T17:50:56","date_gmt":"2025-08-27T14:50:56","guid":{"rendered":"https:\/\/roveyayinevi.com.tr\/index.php\/urun\/akdeniz-iklim-cocuklar-icin-yaratici-etkinliklerle-ekoloji\/"},"modified":"2026-04-16T02:25:07","modified_gmt":"2026-04-15T23:25:07","slug":"akdeniz-iklim-cocuklar-icin-yaratici-etkinliklerle-ekoloji","status":"publish","type":"product","link":"https:\/\/roveyayinevi.com.tr\/index.php\/urun\/akdeniz-iklim-cocuklar-icin-yaratici-etkinliklerle-ekoloji\/","title":{"rendered":"Akdeniz \u0130klim-\u00c7ocuklar i\u00e7in Yarat\u0131c\u0131 Etkinliklerle Ekoloji"},"content":{"rendered":"<p>Ekoloji hi\u00e7 bu kadar keyifli olmam\u0131\u015ft\u0131!Hayal g\u00fcc\u00fc ve yarat\u0131c\u0131 etkinliklerle dolu bu ekoloji serisinde canl\u0131lar\u0131n bilinmeyen y\u00f6nlerini ke\u015ffedecek, Kes-Yap\u0131\u015ft\u0131r-Boya etkinlikleriyle e\u011flenceli vakit ge\u00e7ireceksiniz.Yumurta kabu\u011fundan karetta karetta yapmak isteyenler buraya! Bu kitapla Akdeniz iklimine \u00f6zg\u00fc canl\u0131lar\u0131; kes-boya-yap\u0131\u015ft\u0131r, origami gibi yarat\u0131c\u0131 aktivitelerle \u00f6\u011frenecek, ekolojiyle ilgili \u00f6nemli bilgilere sahip olacaks\u0131n\u0131z.<\/p>\n","protected":false},"excerpt":{"rendered":"<p>Ekoloji hi\u00e7 bu kadar keyifli olmam\u0131\u015ft\u0131!Hayal g\u00fcc\u00fc ve yarat\u0131c\u0131 etkinliklerle dolu bu ekoloji serisinde canl\u0131lar\u0131n bilinmeyen y\u00f6nlerini ke\u015ffedecek, Kes-Yap\u0131\u015ft\u0131r-Boya etkinlikleriyle e\u011flenceli vakit ge\u00e7ireceksiniz.Yumurta kabu\u011fundan karetta karetta<span class=\"excerpt-hellip\"> [\u2026]<\/span><\/p>\n","protected":false},"featured_media":0,"template":"","meta":{"_monsterinsights_skip_tracking":false,"_monsterinsights_sitenote_active":false,"_monsterinsights_sitenote_note":"","_monsterinsights_sitenote_category":0},"product_brand":[],"product_cat":[12644,12274],"product_tag":[],"class_list":{"0":"post-717042","1":"product","2":"type-product","3":"status-publish","5":"product_cat-boyama-kitaplari","6":"product_cat-cocuk-ve-genclik-kitaplari","7":"pa_cilt-ciltsiz","8":"pa_tur-kitap","9":"pa_yayinevi-erdem-yayinlari","10":"pa_yazar-kim-hye-young","12":"first","13":"instock","14":"sale","15":"shipping-taxable","16":"purchasable","17":"product-type-simple"},"_links":{"self":[{"href":"https:\/\/roveyayinevi.com.tr\/index.php\/wp-json\/wp\/v2\/product\/717042","targetHints":{"allow":["GET"]}}],"collection":[{"href":"https:\/\/roveyayinevi.com.tr\/index.php\/wp-json\/wp\/v2\/product"}],"about":[{"href":"https:\/\/roveyayinevi.com.tr\/index.php\/wp-json\/wp\/v2\/types\/product"}],"wp:attachment":[{"href":"https:\/\/roveyayinevi.com.tr\/index.php\/wp-json\/wp\/v2\/media?parent=717042"}],"wp:term":[{"taxonomy":"product_brand","embeddable":true,"href":"https:\/\/roveyayinevi.com.tr\/index.php\/wp-json\/wp\/v2\/product_brand?post=717042"},{"taxonomy":"product_cat","embeddable":true,"href":"https:\/\/roveyayinevi.com.tr\/index.php\/wp-json\/wp\/v2\/product_cat?post=717042"},{"taxonomy":"product_tag","embeddable":true,"href":"https:\/\/roveyayinevi.com.tr\/index.php\/wp-json\/wp\/v2\/product_tag?post=717042"}],"curies":[{"name":"wp","href":"https:\/\/api.w.org\/{rel}","templated":true}]}}