{"id":717041,"date":"2025-08-27T17:50:55","date_gmt":"2025-08-27T14:50:55","guid":{"rendered":"https:\/\/roveyayinevi.com.tr\/index.php\/urun\/kizak-macerasi-29-ugurbocegi-sevecen-ile-salyangoz-tomurcuk\/"},"modified":"2026-04-16T02:25:07","modified_gmt":"2026-04-15T23:25:07","slug":"kizak-macerasi-29-ugurbocegi-sevecen-ile-salyangoz-tomurcuk","status":"publish","type":"product","link":"https:\/\/roveyayinevi.com.tr\/index.php\/urun\/kizak-macerasi-29-ugurbocegi-sevecen-ile-salyangoz-tomurcuk\/","title":{"rendered":"K\u0131zak Maceras\u0131 29 &#8211; U\u011furb\u00f6ce\u011fi Sevecen ile Salyangoz Tomurcuk"},"content":{"rendered":"<p>So\u011fuk bir k\u0131\u015f sabah\u0131 Salyangoz Tomurcuk ne\u015fe i\u00e7inde U\u011furb\u00f6ce\u011fi Sevecen\u2019in kap\u0131s\u0131n\u0131 \u00e7ald\u0131, \u201cHadi, birlikte k\u0131zakla kaymaya gidelim!\u201d dedi. \u0130ki arkada\u015f\u0131n yolu, Ar\u0131c\u0131k Baltazar\u2019\u0131n kardan adam\u0131yla kesi\u015fince olanlar oldu! Bu g\u00fczel g\u00fcn\u00fcn sonunda, Baltazar kardan adam\u0131na kavu\u015fabilecek miydi? <\/p>\n","protected":false},"excerpt":{"rendered":"<p>So\u011fuk bir k\u0131\u015f sabah\u0131 Salyangoz Tomurcuk ne\u015fe i\u00e7inde U\u011furb\u00f6ce\u011fi Sevecen\u2019in kap\u0131s\u0131n\u0131 \u00e7ald\u0131, \u201cHadi, birlikte k\u0131zakla kaymaya gidelim!\u201d dedi. \u0130ki arkada\u015f\u0131n yolu, Ar\u0131c\u0131k Baltazar\u2019\u0131n kardan adam\u0131yla kesi\u015fince<span class=\"excerpt-hellip\"> [\u2026]<\/span><\/p>\n","protected":false},"featured_media":0,"template":"","meta":{"_monsterinsights_skip_tracking":false,"_monsterinsights_sitenote_active":false,"_monsterinsights_sitenote_note":"","_monsterinsights_sitenote_category":0},"product_brand":[],"product_cat":[12274,12518],"product_tag":[],"class_list":{"0":"post-717041","1":"product","2":"type-product","3":"status-publish","5":"product_cat-cocuk-ve-genclik-kitaplari","6":"product_cat-okul-oncesi-kitaplar","7":"pa_cilt-ciltsiz","8":"pa_tur-kitap","9":"pa_yayinevi-yapi-kredi-yayinlari","10":"pa_yazar-erika-bartos","12":"first","13":"instock","14":"sale","15":"shipping-taxable","16":"purchasable","17":"product-type-simple"},"_links":{"self":[{"href":"https:\/\/roveyayinevi.com.tr\/index.php\/wp-json\/wp\/v2\/product\/717041","targetHints":{"allow":["GET"]}}],"collection":[{"href":"https:\/\/roveyayinevi.com.tr\/index.php\/wp-json\/wp\/v2\/product"}],"about":[{"href":"https:\/\/roveyayinevi.com.tr\/index.php\/wp-json\/wp\/v2\/types\/product"}],"wp:attachment":[{"href":"https:\/\/roveyayinevi.com.tr\/index.php\/wp-json\/wp\/v2\/media?parent=717041"}],"wp:term":[{"taxonomy":"product_brand","embeddable":true,"href":"https:\/\/roveyayinevi.com.tr\/index.php\/wp-json\/wp\/v2\/product_brand?post=717041"},{"taxonomy":"product_cat","embeddable":true,"href":"https:\/\/roveyayinevi.com.tr\/index.php\/wp-json\/wp\/v2\/product_cat?post=717041"},{"taxonomy":"product_tag","embeddable":true,"href":"https:\/\/roveyayinevi.com.tr\/index.php\/wp-json\/wp\/v2\/product_tag?post=717041"}],"curies":[{"name":"wp","href":"https:\/\/api.w.org\/{rel}","templated":true}]}}