{"id":717037,"date":"2025-08-27T17:50:53","date_gmt":"2025-08-27T14:50:53","guid":{"rendered":"https:\/\/roveyayinevi.com.tr\/index.php\/urun\/turkce-cumle-bilgisi-2\/"},"modified":"2026-04-16T02:25:07","modified_gmt":"2026-04-15T23:25:07","slug":"turkce-cumle-bilgisi-2","status":"publish","type":"product","link":"https:\/\/roveyayinevi.com.tr\/index.php\/urun\/turkce-cumle-bilgisi-2\/","title":{"rendered":"T\u00fcrk\u00e7e C\u00fcmle Bilgisi"},"content":{"rendered":"<p>Bu \u00e7al\u0131\u015fma  \u201cGiri\u015f\u201dten sonra d\u00f6rt b\u00f6l\u00fcme ayr\u0131lm\u0131\u015ft\u0131r.  Giri\u015fte c\u00fcmle hakk\u0131nda bilgiler verilmi\u015f, c\u00fcmle \u00e7\u00f6z\u00fcmlemede dikkat edilecek ayr\u0131nt\u0131lar \u00fczerinde durulmu\u015ftur. Birinci b\u00f6l\u00fcmde \u201cS\u00f6zc\u00fck \u00d6bekleri\u201d tan\u0131t\u0131lm\u0131\u015f, konunun iyi anla\u015f\u0131lmas\u0131 i\u00e7in bolca \u00f6rnek  verilmi\u015ftir. \u0130kinci b\u00f6l\u00fcm \u201cC\u00fcmleyi Olu\u015fturan \u00d6geler\u201de ayr\u0131lm\u0131\u015ft\u0131r. \u00dc\u00e7\u00fcnc\u00fc b\u00f6l\u00fcmde ise \u201cC\u00fcmlede Yap\u0131 ve Anlam\u201d \u00fczerinde durulmu\u015ftur. D\u00f6rd\u00fcnc\u00fc b\u00f6l\u00fcm \u201cC\u00fcmle \u00c7\u00f6z\u00fcmlemeleri\u201d ne ayr\u0131lm\u0131\u015ft\u0131r. C\u00fcmle \u00e7\u00f6z\u00fcmleyeceklere yol g\u00f6sterici olsun diye konuya ilgi duyan herkesin yararlanabilece\u011fi bi\u00e7imde \u00e7ok say\u0131da c\u00fcmle \u00e7\u00f6z\u00fcmlemesi yap\u0131lm\u0131\u015ft\u0131r. \u00c7\u00f6z\u00fcmlenen c\u00fcmleler \u00f6nce \u00f6gelerine ayr\u0131lm\u0131\u015f, daha sonra  yap\u0131 ve anlam bak\u0131m\u0131ndan de\u011ferlendirilmi\u015f, ayr\u0131ca s\u00f6zc\u00fck \u00f6bekleri tahlil edilmi\u015ftir.   <\/p>\n","protected":false},"excerpt":{"rendered":"<p>Bu \u00e7al\u0131\u015fma \u201cGiri\u015f\u201dten sonra d\u00f6rt b\u00f6l\u00fcme ayr\u0131lm\u0131\u015ft\u0131r. Giri\u015fte c\u00fcmle hakk\u0131nda bilgiler verilmi\u015f, c\u00fcmle \u00e7\u00f6z\u00fcmlemede dikkat edilecek ayr\u0131nt\u0131lar \u00fczerinde durulmu\u015ftur. Birinci b\u00f6l\u00fcmde \u201cS\u00f6zc\u00fck \u00d6bekleri\u201d tan\u0131t\u0131lm\u0131\u015f, konunun iyi<span class=\"excerpt-hellip\"> [\u2026]<\/span><\/p>\n","protected":false},"featured_media":0,"template":"","meta":{"_monsterinsights_skip_tracking":false,"_monsterinsights_sitenote_active":false,"_monsterinsights_sitenote_note":"","_monsterinsights_sitenote_category":0},"product_brand":[],"product_cat":[14597,12566],"product_tag":[],"class_list":{"0":"post-717037","1":"product","2":"type-product","3":"status-publish","5":"product_cat-dil-ogrenimi","6":"product_cat-egitim","7":"pa_cilt-ciltsiz","8":"pa_tur-kitap","9":"pa_yayinevi-altinordu-yayinlari","10":"pa_yazar-necati-demir","12":"first","13":"instock","14":"sale","15":"shipping-taxable","16":"purchasable","17":"product-type-simple"},"_links":{"self":[{"href":"https:\/\/roveyayinevi.com.tr\/index.php\/wp-json\/wp\/v2\/product\/717037","targetHints":{"allow":["GET"]}}],"collection":[{"href":"https:\/\/roveyayinevi.com.tr\/index.php\/wp-json\/wp\/v2\/product"}],"about":[{"href":"https:\/\/roveyayinevi.com.tr\/index.php\/wp-json\/wp\/v2\/types\/product"}],"wp:attachment":[{"href":"https:\/\/roveyayinevi.com.tr\/index.php\/wp-json\/wp\/v2\/media?parent=717037"}],"wp:term":[{"taxonomy":"product_brand","embeddable":true,"href":"https:\/\/roveyayinevi.com.tr\/index.php\/wp-json\/wp\/v2\/product_brand?post=717037"},{"taxonomy":"product_cat","embeddable":true,"href":"https:\/\/roveyayinevi.com.tr\/index.php\/wp-json\/wp\/v2\/product_cat?post=717037"},{"taxonomy":"product_tag","embeddable":true,"href":"https:\/\/roveyayinevi.com.tr\/index.php\/wp-json\/wp\/v2\/product_tag?post=717037"}],"curies":[{"name":"wp","href":"https:\/\/api.w.org\/{rel}","templated":true}]}}