{"id":717036,"date":"2025-08-27T17:50:01","date_gmt":"2025-08-27T14:50:01","guid":{"rendered":"https:\/\/roveyayinevi.com.tr\/index.php\/urun\/kafkasya-ve-cevresi-cilti\/"},"modified":"2026-04-16T02:25:07","modified_gmt":"2026-04-15T23:25:07","slug":"kafkasya-ve-cevresi-cilti","status":"publish","type":"product","link":"https:\/\/roveyayinevi.com.tr\/index.php\/urun\/kafkasya-ve-cevresi-cilti\/","title":{"rendered":"Kafkasya ve \u00c7evresi (Cilti)"},"content":{"rendered":"<p>G\u00fcney Kafkasya: K\u00fc\u00e7\u00fck Ama \u00c7ok Karma\u015f\u0131k ve \u00d6nemli Bir Mekan T\u00fcrkiye-\u0130ran-Orta Do\u011fu \u0130li\u015fkileri A\u00e7\u0131s\u0131ndan Kafkasya Hazar&#8217;\u0131n Yeni Jeopoliti\u011fi Orta Asya <\/p>\n","protected":false},"excerpt":{"rendered":"<p>G\u00fcney Kafkasya: K\u00fc\u00e7\u00fck Ama \u00c7ok Karma\u015f\u0131k ve \u00d6nemli Bir Mekan T\u00fcrkiye-\u0130ran-Orta Do\u011fu \u0130li\u015fkileri A\u00e7\u0131s\u0131ndan Kafkasya Hazar&#8217;\u0131n Yeni Jeopoliti\u011fi Orta Asya<\/p>\n","protected":false},"featured_media":0,"template":"","meta":{"_monsterinsights_skip_tracking":false,"_monsterinsights_sitenote_active":false,"_monsterinsights_sitenote_note":"","_monsterinsights_sitenote_category":0},"product_brand":[],"product_cat":[13055,13054],"product_tag":[],"class_list":{"0":"post-717036","1":"product","2":"type-product","3":"status-publish","5":"product_cat-gezi-rehberi","6":"product_cat-gezi-ve-rehber-kitaplari","7":"pa_cilt-ciltli","8":"pa_tur-kitap","9":"pa_yayinevi-gazi-kitabevi","10":"pa_yazar-kolektif","12":"first","13":"instock","14":"sale","15":"shipping-taxable","16":"purchasable","17":"product-type-simple"},"_links":{"self":[{"href":"https:\/\/roveyayinevi.com.tr\/index.php\/wp-json\/wp\/v2\/product\/717036","targetHints":{"allow":["GET"]}}],"collection":[{"href":"https:\/\/roveyayinevi.com.tr\/index.php\/wp-json\/wp\/v2\/product"}],"about":[{"href":"https:\/\/roveyayinevi.com.tr\/index.php\/wp-json\/wp\/v2\/types\/product"}],"wp:attachment":[{"href":"https:\/\/roveyayinevi.com.tr\/index.php\/wp-json\/wp\/v2\/media?parent=717036"}],"wp:term":[{"taxonomy":"product_brand","embeddable":true,"href":"https:\/\/roveyayinevi.com.tr\/index.php\/wp-json\/wp\/v2\/product_brand?post=717036"},{"taxonomy":"product_cat","embeddable":true,"href":"https:\/\/roveyayinevi.com.tr\/index.php\/wp-json\/wp\/v2\/product_cat?post=717036"},{"taxonomy":"product_tag","embeddable":true,"href":"https:\/\/roveyayinevi.com.tr\/index.php\/wp-json\/wp\/v2\/product_tag?post=717036"}],"curies":[{"name":"wp","href":"https:\/\/api.w.org\/{rel}","templated":true}]}}