{"id":717034,"date":"2025-08-27T17:50:00","date_gmt":"2025-08-27T14:50:00","guid":{"rendered":"https:\/\/roveyayinevi.com.tr\/index.php\/urun\/sev-onu-cilginca\/"},"modified":"2026-04-16T02:25:07","modified_gmt":"2026-04-15T23:25:07","slug":"sev-onu-cilginca","status":"publish","type":"product","link":"https:\/\/roveyayinevi.com.tr\/index.php\/urun\/sev-onu-cilginca\/","title":{"rendered":"Sev Onu \u00c7\u0131lg\u0131nca"},"content":{"rendered":"<p>Romantik k\u0131v\u0131lc\u0131mlar.A\u015fka dair dokunakl\u0131 \u015fiirler.\u00c7arp\u0131c\u0131 aforizmalar.Sev Onu \u00c7\u0131lg\u0131nca\u2019da hayat\u0131m\u0131z\u0131n en sakin ve en tutkulu anlar\u0131nda hissetti\u011fimiz yo\u011fun duygular\u0131m\u0131z sat\u0131rlara d\u00f6k\u00fcl\u00fcyor: yeni a\u015fk heyecan\u0131, gece tek ba\u015f\u0131na yolculuk yaparken radyoda \u00e7alan \u015fark\u0131, kad\u0131n ruhundan ta\u015fan co\u015fku, bir kadeh i\u00e7kinin verdi\u011fi sade mutluluk\u2026 Atticus\u2019un y\u00fckseklerden u\u00e7may\u0131, dibe vurmay\u0131, kalp k\u0131r\u0131kl\u0131\u011f\u0131n\u0131, hayattan beklentiyi ve a\u015fk\u0131 harmanlad\u0131\u011f\u0131 \u015fiirleriyle aforizmalar\u0131 \u00e2deta zihinlerimize kaz\u0131n\u0131yor ve duygular\u0131m\u0131z\u0131 harekete ge\u00e7iriyor.G\u00f6zlemci, hik\u00e2yeci ve New York Times \u00e7oksatan \u015fairi olan Atticus, Amerika\u2019n\u0131n Bat\u0131 K\u0131y\u0131lar\u0131\u2019nda do\u011fmu\u015ftur. Hayat\u0131n\u0131n b\u00fcy\u00fck k\u0131sm\u0131n\u0131 d\u00fcnyay\u0131 ke\u015ffederek ge\u00e7irmekte, okyanuslara, \u00e7\u00f6llere ve kelime oyunlar\u0131na b\u00fcy\u00fck bir tutku duymaktad\u0131r.<\/p>\n","protected":false},"excerpt":{"rendered":"<p>Romantik k\u0131v\u0131lc\u0131mlar.A\u015fka dair dokunakl\u0131 \u015fiirler.\u00c7arp\u0131c\u0131 aforizmalar.Sev Onu \u00c7\u0131lg\u0131nca\u2019da hayat\u0131m\u0131z\u0131n en sakin ve en tutkulu anlar\u0131nda hissetti\u011fimiz yo\u011fun duygular\u0131m\u0131z sat\u0131rlara d\u00f6k\u00fcl\u00fcyor: yeni a\u015fk heyecan\u0131, gece tek ba\u015f\u0131na<span class=\"excerpt-hellip\"> [\u2026]<\/span><\/p>\n","protected":false},"featured_media":0,"template":"","meta":{"_monsterinsights_skip_tracking":false,"_monsterinsights_sitenote_active":false,"_monsterinsights_sitenote_note":"","_monsterinsights_sitenote_category":0},"product_brand":[],"product_cat":[12291,12509],"product_tag":[],"class_list":{"0":"post-717034","1":"product","2":"type-product","3":"status-publish","5":"product_cat-edebiyat","6":"product_cat-siir","7":"pa_cilt-ciltsiz","8":"pa_tur-kitap","9":"pa_yayinevi-epsilon-yayinlari","10":"pa_yazar-atticus","12":"first","13":"instock","14":"sale","15":"shipping-taxable","16":"purchasable","17":"product-type-simple"},"_links":{"self":[{"href":"https:\/\/roveyayinevi.com.tr\/index.php\/wp-json\/wp\/v2\/product\/717034","targetHints":{"allow":["GET"]}}],"collection":[{"href":"https:\/\/roveyayinevi.com.tr\/index.php\/wp-json\/wp\/v2\/product"}],"about":[{"href":"https:\/\/roveyayinevi.com.tr\/index.php\/wp-json\/wp\/v2\/types\/product"}],"wp:attachment":[{"href":"https:\/\/roveyayinevi.com.tr\/index.php\/wp-json\/wp\/v2\/media?parent=717034"}],"wp:term":[{"taxonomy":"product_brand","embeddable":true,"href":"https:\/\/roveyayinevi.com.tr\/index.php\/wp-json\/wp\/v2\/product_brand?post=717034"},{"taxonomy":"product_cat","embeddable":true,"href":"https:\/\/roveyayinevi.com.tr\/index.php\/wp-json\/wp\/v2\/product_cat?post=717034"},{"taxonomy":"product_tag","embeddable":true,"href":"https:\/\/roveyayinevi.com.tr\/index.php\/wp-json\/wp\/v2\/product_tag?post=717034"}],"curies":[{"name":"wp","href":"https:\/\/api.w.org\/{rel}","templated":true}]}}