{"id":717033,"date":"2025-08-27T17:49:59","date_gmt":"2025-08-27T14:49:59","guid":{"rendered":"https:\/\/roveyayinevi.com.tr\/index.php\/urun\/kizimla-ekonomi-sohbetleri-kapitalizmin-kisa-tarihi\/"},"modified":"2026-04-16T02:25:07","modified_gmt":"2026-04-15T23:25:07","slug":"kizimla-ekonomi-sohbetleri-kapitalizmin-kisa-tarihi","status":"publish","type":"product","link":"https:\/\/roveyayinevi.com.tr\/index.php\/urun\/kizimla-ekonomi-sohbetleri-kapitalizmin-kisa-tarihi\/","title":{"rendered":"K\u0131z\u0131mla Ekonomi Sohbetleri &#8211; Kapitalizmin K\u0131sa Tarihi"},"content":{"rendered":"<p>Bor\u00e7, para ve servetin k\u00f6keni nedir?Toplumlar aras\u0131 e\u015fitsizlikler nas\u0131l ortaya \u00e7\u0131kt\u0131 ve derinle\u015fti?Piyasalar\u0131 olan toplumlar neden ve nas\u0131l piyasa toplumlar\u0131na d\u00f6n\u00fc\u015ft\u00fc?Takas de\u011ferinin deneyimsel de\u011fere \u00fcst\u00fcnl\u00fc\u011f\u00fc hangi sonu\u00e7lar\u0131 do\u011furdu?Yoktan para yarat\u0131lmas\u0131 nas\u0131l m\u00fcmk\u00fcn olabilir?Bor\u00e7 ile k\u00e2r neden birbirinden ayr\u0131lamaz?Neden kamu borcu di\u011fer bor\u00e7 tiplerinden farkl\u0131d\u0131r?Emek ve para piyasalar\u0131n\u0131 di\u011fer piyasalardan ay\u0131ran nedir?\u0130nsan eme\u011fi \u00fcretim s\u00fcrecinden b\u00fct\u00fcn\u00fcyle \u00e7\u0131kar\u0131labilir mi?Bankac\u0131lar neden krizleri tetikleyici \u015fekilde davran\u0131rlar?Enflasyon, deflasyon ve arbitraj nas\u0131l i\u015fler?Para politikalar\u0131n\u0131 siyasetten ay\u0131rmak m\u00fcmk\u00fcn m\u00fcd\u00fcr?Piyasa ekonomilerinin sorunlar\u0131 daha \u00e7ok piyasa ile \u00e7\u00f6z\u00fclebilir mi?Ekonomi, mutluluk ve anlam aray\u0131\u015f\u0131 \u00fczerine bize neler s\u00f6yleyebilir?Yunanistan ekonomi bakanl\u0131\u011f\u0131 d\u00f6neminde uluslararas\u0131 \u00fcne kavu\u015fan sayg\u0131n muhalif ekonomist Yanis Varoufakis, bu k\u00fc\u00e7\u00fck ancak yo\u011fun kitapta g\u00fcn\u00fcm\u00fcz ekonomisinin yap\u0131s\u0131n\u0131 ve bu yap\u0131n\u0131n insanl\u0131k i\u00e7in do\u011furdu\u011fu sorunlar\u0131 somut \u00f6rneklerle, terminolojinin tutsa\u011f\u0131 olmadan ba\u015far\u0131yla \u00f6zetliyor. Yay\u0131mland\u0131\u011f\u0131 24 \u00fclkede ilgiyle kar\u015f\u0131lanan K\u0131z\u0131mla Ekonomi Sohbetleri  yazar\u0131n k\u0131z\u0131yla sohbet havas\u0131nda kaleme ald\u0131\u011f\u0131, akademik derinli\u011fe dayanmakla birlikte son derece ula\u015f\u0131labilir ve ak\u0131c\u0131 bir metin. Hem gen\u00e7ler hem de g\u00fcn\u00fcm\u00fcz ekonomisini anlamak isteyen ve alanda teknik bilgisi olmayan okurlar i\u00e7in olduk\u00e7a de\u011ferli bir giri\u015f kayna\u011f\u0131. Varoufakis ekonominin \u201cuzmanlara b\u0131rak\u0131lmas\u0131 gereken\u201d bir bilim de\u011fil, siyasi ve sosyal g\u00fc\u00e7lerin etkisinde, t\u00fcm insanl\u0131\u011f\u0131n bug\u00fcn\u00fcn\u00fc ve gelece\u011fini etkileme g\u00fcc\u00fcne sahip bir sava\u015f alan\u0131 oldu\u011funu s\u00f6yl\u00fcyor ve hepimizi bu ger\u00e7ekli\u011fi anlamaya davet ediyor.\u201cVaroufakis en b\u00fcy\u00fck siyasi erdemler olan cesaret ve d\u00fcr\u00fcstl\u00fc\u011f\u00fcn ikisinden de nasibini alm\u0131\u015f.\u201dTHE TIMES \u201cAz say\u0131daki kahraman\u0131mdan biri, Varoufakis gibi insanlar olduk\u00e7a h\u00e2l\u00e2 umut var.\u201dSlavoj Zizek\u201cUzmanlar \u00e7o\u011fu zaman karma\u015f\u0131k fikirleri basit \u015fekilde a\u00e7\u0131klamaktansa jargonun arkas\u0131na saklanmay\u0131 ye\u011fler. Varoufakis ise bu al\u0131\u015fkanl\u0131\u011f\u0131 parampar\u00e7a ediyor, ilk arg\u00fcmanlar\u0131ndan biri e\u011fer ekonomiyi uzmanlara b\u0131rak\u0131rsak en \u00f6nemli siyasi kararlar\u0131 da onlara b\u0131rakaca\u011f\u0131m\u0131z. Bu kitap sayesinde Varoufakis okurlar\u0131n\u0131 yeni bir dille donat\u0131rken pek \u00e7ok ekonomi balonunu da arka arkaya patlat\u0131yor.\u201dThe Guardian\u201cVaroufakis\u2019in kapitalizm tarihi yazar\u0131n her zamanki ak\u0131c\u0131 \u00fcslubunu ve \u00f6\u011fretme heyecan\u0131n\u0131 yans\u0131t\u0131yor. Bankac\u0131lar\u0131n kara b\u00fcy\u00fcs\u00fcn\u00fc anlamaya \u00e7al\u0131\u015fanlar\u0131n aray\u0131\u015flar\u0131 art\u0131k sona erebilir.\u201dFinancial Times<\/p>\n","protected":false},"excerpt":{"rendered":"<p>Bor\u00e7, para ve servetin k\u00f6keni nedir?Toplumlar aras\u0131 e\u015fitsizlikler nas\u0131l ortaya \u00e7\u0131kt\u0131 ve derinle\u015fti?Piyasalar\u0131 olan toplumlar neden ve nas\u0131l piyasa toplumlar\u0131na d\u00f6n\u00fc\u015ft\u00fc?Takas de\u011ferinin deneyimsel de\u011fere \u00fcst\u00fcnl\u00fc\u011f\u00fc hangi<span class=\"excerpt-hellip\"> [\u2026]<\/span><\/p>\n","protected":false},"featured_media":0,"template":"","meta":{"_monsterinsights_skip_tracking":false,"_monsterinsights_sitenote_active":false,"_monsterinsights_sitenote_note":"","_monsterinsights_sitenote_category":0},"product_brand":[],"product_cat":[20333,13043],"product_tag":[],"class_list":{"0":"post-717033","1":"product","2":"type-product","3":"status-publish","5":"product_cat-diger-ekonomi","6":"product_cat-ekonomi","7":"pa_cilt-ciltsiz","8":"pa_tur-kitap","9":"pa_yayinevi-epsilon-yayinlari","10":"pa_yazar-yanis-varoufakis","12":"first","13":"instock","14":"sale","15":"shipping-taxable","16":"purchasable","17":"product-type-simple"},"_links":{"self":[{"href":"https:\/\/roveyayinevi.com.tr\/index.php\/wp-json\/wp\/v2\/product\/717033","targetHints":{"allow":["GET"]}}],"collection":[{"href":"https:\/\/roveyayinevi.com.tr\/index.php\/wp-json\/wp\/v2\/product"}],"about":[{"href":"https:\/\/roveyayinevi.com.tr\/index.php\/wp-json\/wp\/v2\/types\/product"}],"wp:attachment":[{"href":"https:\/\/roveyayinevi.com.tr\/index.php\/wp-json\/wp\/v2\/media?parent=717033"}],"wp:term":[{"taxonomy":"product_brand","embeddable":true,"href":"https:\/\/roveyayinevi.com.tr\/index.php\/wp-json\/wp\/v2\/product_brand?post=717033"},{"taxonomy":"product_cat","embeddable":true,"href":"https:\/\/roveyayinevi.com.tr\/index.php\/wp-json\/wp\/v2\/product_cat?post=717033"},{"taxonomy":"product_tag","embeddable":true,"href":"https:\/\/roveyayinevi.com.tr\/index.php\/wp-json\/wp\/v2\/product_tag?post=717033"}],"curies":[{"name":"wp","href":"https:\/\/api.w.org\/{rel}","templated":true}]}}