{"id":717030,"date":"2025-08-27T17:49:58","date_gmt":"2025-08-27T14:49:58","guid":{"rendered":"https:\/\/roveyayinevi.com.tr\/index.php\/urun\/bu-topraklarda-biyolojinin-tarihi-biyolojinin-gizemi\/"},"modified":"2026-04-16T02:25:07","modified_gmt":"2026-04-15T23:25:07","slug":"bu-topraklarda-biyolojinin-tarihi-biyolojinin-gizemi","status":"publish","type":"product","link":"https:\/\/roveyayinevi.com.tr\/index.php\/urun\/bu-topraklarda-biyolojinin-tarihi-biyolojinin-gizemi\/","title":{"rendered":"Bu Topraklarda Biyolojinin Tarihi &#8211; Biyolojinin Gizemi"},"content":{"rendered":"<p>Cumhuriyetten \u00f6nce Anadolu\u2019da Biyoloji bilimi ne durumdayd\u0131?Cumhuriyet\u2019in kurulu\u015fu temel bilimlerde \u00f6zellikle biyoloji biliminde neyi getirdi?1933\u2019deki \u00dcniversite reformu nas\u0131l bir d\u00f6n\u00fc\u015f\u00fcm sa\u011flad\u0131?Ankara ve \u0130zmir Ege \u00dcniversitelerinin rol\u00fc neydi?Zooloji k\u00fcrs\u00fcs\u00fc nas\u0131l kuruldu?T\u0131p mektepleri d\u00f6neminde biyoloji&#8230;T\u00fcrkiye\u2019deki Biyolojinin Gizemli d\u00fcnyas\u0131na bir yolculu\u011fa var m\u0131s\u0131n\u0131z?<\/p>\n","protected":false},"excerpt":{"rendered":"<p>Cumhuriyetten \u00f6nce Anadolu\u2019da Biyoloji bilimi ne durumdayd\u0131?Cumhuriyet\u2019in kurulu\u015fu temel bilimlerde \u00f6zellikle biyoloji biliminde neyi getirdi?1933\u2019deki \u00dcniversite reformu nas\u0131l bir d\u00f6n\u00fc\u015f\u00fcm sa\u011flad\u0131?Ankara ve \u0130zmir Ege \u00dcniversitelerinin rol\u00fc<span class=\"excerpt-hellip\"> [\u2026]<\/span><\/p>\n","protected":false},"featured_media":0,"template":"","meta":{"_monsterinsights_skip_tracking":false,"_monsterinsights_sitenote_active":false,"_monsterinsights_sitenote_note":"","_monsterinsights_sitenote_category":0},"product_brand":[],"product_cat":[12370,12304],"product_tag":[],"class_list":{"0":"post-717030","1":"product","2":"type-product","3":"status-publish","5":"product_cat-arastirma-inceleme","6":"product_cat-tarih","7":"pa_cilt-ciltsiz","8":"pa_tur-kitap","9":"pa_yayinevi-asi-kitap","10":"pa_yazar-ali-demirsoy","12":"first","13":"instock","14":"sale","15":"shipping-taxable","16":"purchasable","17":"product-type-simple"},"_links":{"self":[{"href":"https:\/\/roveyayinevi.com.tr\/index.php\/wp-json\/wp\/v2\/product\/717030","targetHints":{"allow":["GET"]}}],"collection":[{"href":"https:\/\/roveyayinevi.com.tr\/index.php\/wp-json\/wp\/v2\/product"}],"about":[{"href":"https:\/\/roveyayinevi.com.tr\/index.php\/wp-json\/wp\/v2\/types\/product"}],"wp:attachment":[{"href":"https:\/\/roveyayinevi.com.tr\/index.php\/wp-json\/wp\/v2\/media?parent=717030"}],"wp:term":[{"taxonomy":"product_brand","embeddable":true,"href":"https:\/\/roveyayinevi.com.tr\/index.php\/wp-json\/wp\/v2\/product_brand?post=717030"},{"taxonomy":"product_cat","embeddable":true,"href":"https:\/\/roveyayinevi.com.tr\/index.php\/wp-json\/wp\/v2\/product_cat?post=717030"},{"taxonomy":"product_tag","embeddable":true,"href":"https:\/\/roveyayinevi.com.tr\/index.php\/wp-json\/wp\/v2\/product_tag?post=717030"}],"curies":[{"name":"wp","href":"https:\/\/api.w.org\/{rel}","templated":true}]}}