{"id":717028,"date":"2025-08-27T17:49:56","date_gmt":"2025-08-27T14:49:56","guid":{"rendered":"https:\/\/roveyayinevi.com.tr\/index.php\/urun\/bilim-nasil-calisir-ciltli\/"},"modified":"2026-04-16T02:25:07","modified_gmt":"2026-04-15T23:25:07","slug":"bilim-nasil-calisir-ciltli","status":"publish","type":"product","link":"https:\/\/roveyayinevi.com.tr\/index.php\/urun\/bilim-nasil-calisir-ciltli\/","title":{"rendered":"Bilim Nas\u0131l \u00c7al\u0131\u015f\u0131r? (Ciltli)"},"content":{"rendered":"<p>En basit, g\u00f6rseli en bol bilim rehberi   Yapay zek\u00e2 d\u00fcnyay\u0131 ele ge\u00e7irecek mi? Gen terapisi ne kadar i\u015fe yarar? En basit, g\u00f6rseli en bol bilim rehberi   Yapay zek\u00e2 d\u00fcnyay\u0131 ele ge\u00e7irecek mi? Gen terapisi ne kadar i\u015fe yarar? Sade, anla\u015f\u0131lmas\u0131 kolay g\u00f6rsellerle ve b\u00fcy\u00fcleyici ge\u00e7eklerle dolu Bilim Nas\u0131l \u00c7al\u0131\u015f\u0131r hem temel hem ileri bilimin s\u0131rlar\u0131n\u0131 a\u00e7\u0131kl\u0131yor ve merak etti\u011fimiz sorulara yan\u0131t veriyor. <\/p>\n","protected":false},"excerpt":{"rendered":"<p>En basit, g\u00f6rseli en bol bilim rehberi Yapay zek\u00e2 d\u00fcnyay\u0131 ele ge\u00e7irecek mi? Gen terapisi ne kadar i\u015fe yarar? En basit, g\u00f6rseli en bol bilim rehberi<span class=\"excerpt-hellip\"> [\u2026]<\/span><\/p>\n","protected":false},"featured_media":0,"template":"","meta":{"_monsterinsights_skip_tracking":false,"_monsterinsights_sitenote_active":false,"_monsterinsights_sitenote_note":"","_monsterinsights_sitenote_category":0},"product_brand":[],"product_cat":[13005,13006],"product_tag":[],"class_list":{"0":"post-717028","1":"product","2":"type-product","3":"status-publish","5":"product_cat-bilim-muhendislik","6":"product_cat-populer-bilim","7":"pa_cilt-ciltli","8":"pa_tur-kitap","9":"pa_yayinevi-alfa-yayinlari","10":"pa_yazar-kolektif","12":"first","13":"instock","14":"sale","15":"shipping-taxable","16":"purchasable","17":"product-type-simple"},"_links":{"self":[{"href":"https:\/\/roveyayinevi.com.tr\/index.php\/wp-json\/wp\/v2\/product\/717028","targetHints":{"allow":["GET"]}}],"collection":[{"href":"https:\/\/roveyayinevi.com.tr\/index.php\/wp-json\/wp\/v2\/product"}],"about":[{"href":"https:\/\/roveyayinevi.com.tr\/index.php\/wp-json\/wp\/v2\/types\/product"}],"wp:attachment":[{"href":"https:\/\/roveyayinevi.com.tr\/index.php\/wp-json\/wp\/v2\/media?parent=717028"}],"wp:term":[{"taxonomy":"product_brand","embeddable":true,"href":"https:\/\/roveyayinevi.com.tr\/index.php\/wp-json\/wp\/v2\/product_brand?post=717028"},{"taxonomy":"product_cat","embeddable":true,"href":"https:\/\/roveyayinevi.com.tr\/index.php\/wp-json\/wp\/v2\/product_cat?post=717028"},{"taxonomy":"product_tag","embeddable":true,"href":"https:\/\/roveyayinevi.com.tr\/index.php\/wp-json\/wp\/v2\/product_tag?post=717028"}],"curies":[{"name":"wp","href":"https:\/\/api.w.org\/{rel}","templated":true}]}}