{"id":717025,"date":"2025-08-27T17:49:54","date_gmt":"2025-08-27T14:49:54","guid":{"rendered":"https:\/\/roveyayinevi.com.tr\/index.php\/urun\/koz\/"},"modified":"2026-04-16T02:25:07","modified_gmt":"2026-04-15T23:25:07","slug":"koz","status":"publish","type":"product","link":"https:\/\/roveyayinevi.com.tr\/index.php\/urun\/koz\/","title":{"rendered":"Koz"},"content":{"rendered":"<p>\u201cBir korkakt\u0131n ve h\u00e2l\u00e2 ya\u015f\u0131yordun.\u201dVe onlar, gecenin kur\u015funlarla ayd\u0131nlat\u0131ld\u0131\u011f\u0131 \u201c\u2026Bin\u201d \u015fehrinde hayat\u0131, sava\u015f\u0131, a\u015fk\u0131 durdurarak bir oyun kurarlard\u0131. Oyalanmadan ya\u015fayamazlard\u0131. Bu, onlar\u0131n hayata kar\u015f\u0131 KOZ\u2019uydu.Ve o zamanlar korkak de\u011fil de \u00e7ocuk olan Azhar, korkmadan Yasemin\u2019i severdi. Bu, onun a\u015fka kar\u015f\u0131 KOZ\u2019uydu.\u201c\u2026Bin\u201d ahalisi sava\u015f\u0131n ortas\u0131nda sevi\u015fir, g\u00fcler, oynar, bir ba\u015fka dilden \u015fark\u0131lar s\u00f6yler, yasaklar\u0131 en zay\u0131f yerinden ustal\u0131kla deler ge\u00e7erdi. Bu, onlar\u0131n devlete kar\u015f\u0131 KOZ\u2019uydu.Abidin Par\u0131lt\u0131, Koz roman\u0131nda \u201c\u2026Bin\u201d \u015fehrinden \u201c\u2026Kin\u201d \u015fehrine uzanan ac\u0131y\u0131, kederi, \u00f6l\u00fcm\u00fc taze bir g\u00fcl\u00fcmseyi\u015fle kar\u015f\u0131layanlar\u0131n hik\u00e2yesini, bilmedi\u011fimiz bir co\u011frafyan\u0131n g\u00fcnd\u00fcz ve gecelerini, insanl\u0131\u011f\u0131n bildi\u011fimiz hallerini bir karnaval havas\u0131nda anlat\u0131yor.<\/p>\n","protected":false},"excerpt":{"rendered":"<p>\u201cBir korkakt\u0131n ve h\u00e2l\u00e2 ya\u015f\u0131yordun.\u201dVe onlar, gecenin kur\u015funlarla ayd\u0131nlat\u0131ld\u0131\u011f\u0131 \u201c\u2026Bin\u201d \u015fehrinde hayat\u0131, sava\u015f\u0131, a\u015fk\u0131 durdurarak bir oyun kurarlard\u0131. Oyalanmadan ya\u015fayamazlard\u0131. Bu, onlar\u0131n hayata kar\u015f\u0131 KOZ\u2019uydu.Ve o<span class=\"excerpt-hellip\"> [\u2026]<\/span><\/p>\n","protected":false},"featured_media":0,"template":"","meta":{"_monsterinsights_skip_tracking":false,"_monsterinsights_sitenote_active":false,"_monsterinsights_sitenote_note":"","_monsterinsights_sitenote_category":0},"product_brand":[],"product_cat":[12291,12711],"product_tag":[],"class_list":{"0":"post-717025","1":"product","2":"type-product","3":"status-publish","5":"product_cat-edebiyat","6":"product_cat-roman-oyku","7":"pa_cilt-ciltsiz","8":"pa_tur-kitap","9":"pa_yayinevi-dogan-kitap","10":"pa_yazar-abidin-parilti","12":"first","13":"instock","14":"sale","15":"shipping-taxable","16":"purchasable","17":"product-type-simple"},"_links":{"self":[{"href":"https:\/\/roveyayinevi.com.tr\/index.php\/wp-json\/wp\/v2\/product\/717025","targetHints":{"allow":["GET"]}}],"collection":[{"href":"https:\/\/roveyayinevi.com.tr\/index.php\/wp-json\/wp\/v2\/product"}],"about":[{"href":"https:\/\/roveyayinevi.com.tr\/index.php\/wp-json\/wp\/v2\/types\/product"}],"wp:attachment":[{"href":"https:\/\/roveyayinevi.com.tr\/index.php\/wp-json\/wp\/v2\/media?parent=717025"}],"wp:term":[{"taxonomy":"product_brand","embeddable":true,"href":"https:\/\/roveyayinevi.com.tr\/index.php\/wp-json\/wp\/v2\/product_brand?post=717025"},{"taxonomy":"product_cat","embeddable":true,"href":"https:\/\/roveyayinevi.com.tr\/index.php\/wp-json\/wp\/v2\/product_cat?post=717025"},{"taxonomy":"product_tag","embeddable":true,"href":"https:\/\/roveyayinevi.com.tr\/index.php\/wp-json\/wp\/v2\/product_tag?post=717025"}],"curies":[{"name":"wp","href":"https:\/\/api.w.org\/{rel}","templated":true}]}}