{"id":717024,"date":"2025-08-27T17:49:54","date_gmt":"2025-08-27T14:49:54","guid":{"rendered":"https:\/\/roveyayinevi.com.tr\/index.php\/urun\/rota-politikada-yonumuzu-nasil-bulacagiz\/"},"modified":"2026-04-16T02:25:07","modified_gmt":"2026-04-15T23:25:07","slug":"rota-politikada-yonumuzu-nasil-bulacagiz","status":"publish","type":"product","link":"https:\/\/roveyayinevi.com.tr\/index.php\/urun\/rota-politikada-yonumuzu-nasil-bulacagiz\/","title":{"rendered":"Rota: Politikada Y\u00f6n\u00fcm\u00fcz\u00fc Nas\u0131l Bulaca\u011f\u0131z?"},"content":{"rendered":"<p>\u201cYa\u015fayabilece\u011fimiz bir topra\u011f\u0131 nas\u0131l bulaca\u011f\u0131z? [\u2026] Nereye gidece\u011fimizi de, nas\u0131l ya\u015fayaca\u011f\u0131m\u0131z\u0131 da, kimlerle birlikte ya\u015fayaca\u011f\u0131m\u0131z\u0131 da bilmiyoruz. Bir yer bulmak i\u00e7in ne yapmal\u0131y\u0131z? Y\u00f6n\u00fcm\u00fcz\u00fc nas\u0131l bulaca\u011f\u0131z?\u201d Toprak mefhumunun yap\u0131s\u0131 de\u011fi\u015fiyor, t\u00fcm aidiyetler d\u00f6n\u00fc\u015f\u00fcm s\u00fcrecinde, herkes evrensel anlamda payla\u015f\u0131labilir bir d\u00fcnyan\u0131n, i\u00e7inde ya\u015fanabilir bir topra\u011f\u0131n eksikli\u011fiyle kar\u015f\u0131 kar\u015f\u0131ya ve yerk\u00fcre direnmeye ba\u015flad\u0131; tarihte ilk defa insan toplumlar\u0131, yer sisteminin insan eylemine verdi\u011fi tepkileri kavramak zorunda\u2026 Bruno Latour, Rota\u2019da \u00e7izdi\u011fi bu manzaran\u0131n \u201cbelli bir tarihsel e\u011frinin sonu\u201dna i\u015faret etti\u011fini iddia ediyor ve bunu toplumsal s\u0131n\u0131f m\u00fccadelesinin, bir jeo-toplumsal yer m\u00fccadelesine d\u00f6n\u00fc\u015f\u00fcm\u00fc olarak yorumluyor. Latour d\u00fcnyan\u0131n kar\u015f\u0131la\u015ft\u0131\u011f\u0131 \u00fc\u00e7 b\u00fcy\u00fck sorunu bu d\u00f6n\u00fc\u015f\u00fcm temelinde de\u011ferlendirerek g\u00f6\u00e7 krizinin, iklim durumunun ink\u00e2r\u0131n\u0131n ve inan\u0131lmaz boyutlara ula\u015fan e\u015fitsizli\u011fin asl\u0131nda tek bir olay oldu\u011funu iddia ediyor. Art\u0131k K\u00fcresellik\/Yerellik, Sa\u011f\/Sol, Bat\u0131 hayranl\u0131\u011f\u0131\/kar\u015f\u0131tl\u0131\u011f\u0131 \u00fczerinden politika yapman\u0131n ge\u00e7ersiz kald\u0131\u011f\u0131n\u0131, onun yerine \u201cModernle\u015fmenin birbiriyle \u00e7eli\u015fkili k\u0131ld\u0131\u011f\u0131, asl\u0131nda birbirini tamamlayan iki hareketi\u201d g\u00f6zetmemiz gerekti\u011fini s\u00f6yl\u00fcyor: bir yandan topra\u011fa ba\u011flanmak, \u00f6te yandan d\u00fcnyasalla\u015fmak. <\/p>\n","protected":false},"excerpt":{"rendered":"<p>\u201cYa\u015fayabilece\u011fimiz bir topra\u011f\u0131 nas\u0131l bulaca\u011f\u0131z? [\u2026] Nereye gidece\u011fimizi de, nas\u0131l ya\u015fayaca\u011f\u0131m\u0131z\u0131 da, kimlerle birlikte ya\u015fayaca\u011f\u0131m\u0131z\u0131 da bilmiyoruz. Bir yer bulmak i\u00e7in ne yapmal\u0131y\u0131z? Y\u00f6n\u00fcm\u00fcz\u00fc nas\u0131l bulaca\u011f\u0131z?\u201d<span class=\"excerpt-hellip\"> [\u2026]<\/span><\/p>\n","protected":false},"featured_media":0,"template":"","meta":{"_monsterinsights_skip_tracking":false,"_monsterinsights_sitenote_active":false,"_monsterinsights_sitenote_note":"","_monsterinsights_sitenote_category":0},"product_brand":[],"product_cat":[12388,15536],"product_tag":[],"class_list":{"0":"post-717024","1":"product","2":"type-product","3":"status-publish","5":"product_cat-felsefe","6":"product_cat-siyaset-felsefesi","7":"pa_cilt-ciltsiz","8":"pa_tur-kitap","9":"pa_yayinevi-kolektif-kitap","10":"pa_yazar-bruno-latour-vincent-antonin","12":"first","13":"instock","14":"sale","15":"shipping-taxable","16":"purchasable","17":"product-type-simple"},"_links":{"self":[{"href":"https:\/\/roveyayinevi.com.tr\/index.php\/wp-json\/wp\/v2\/product\/717024","targetHints":{"allow":["GET"]}}],"collection":[{"href":"https:\/\/roveyayinevi.com.tr\/index.php\/wp-json\/wp\/v2\/product"}],"about":[{"href":"https:\/\/roveyayinevi.com.tr\/index.php\/wp-json\/wp\/v2\/types\/product"}],"wp:attachment":[{"href":"https:\/\/roveyayinevi.com.tr\/index.php\/wp-json\/wp\/v2\/media?parent=717024"}],"wp:term":[{"taxonomy":"product_brand","embeddable":true,"href":"https:\/\/roveyayinevi.com.tr\/index.php\/wp-json\/wp\/v2\/product_brand?post=717024"},{"taxonomy":"product_cat","embeddable":true,"href":"https:\/\/roveyayinevi.com.tr\/index.php\/wp-json\/wp\/v2\/product_cat?post=717024"},{"taxonomy":"product_tag","embeddable":true,"href":"https:\/\/roveyayinevi.com.tr\/index.php\/wp-json\/wp\/v2\/product_tag?post=717024"}],"curies":[{"name":"wp","href":"https:\/\/api.w.org\/{rel}","templated":true}]}}