{"id":717022,"date":"2025-08-27T17:49:52","date_gmt":"2025-08-27T14:49:52","guid":{"rendered":"https:\/\/roveyayinevi.com.tr\/index.php\/urun\/onum-arkam-sagim-solum-sinav\/"},"modified":"2026-04-16T02:25:07","modified_gmt":"2026-04-15T23:25:07","slug":"onum-arkam-sagim-solum-sinav","status":"publish","type":"product","link":"https:\/\/roveyayinevi.com.tr\/index.php\/urun\/onum-arkam-sagim-solum-sinav\/","title":{"rendered":"\u00d6n\u00fcm Arkam Sa\u011f\u0131m Solum S\u0131nav"},"content":{"rendered":"<p>Bitmek bilmeyen s\u0131nav ko\u015fu\u015fturmas\u0131 i\u00e7inde yaln\u0131z de\u011filsiniz. Sizi anlayan ve d\u00fc\u015f\u00fcnen birileri var.Karn\u0131n\u0131zda beliren o hafif sanc\u0131, derin derin nefes alma ihtiyac\u0131, g\u00f6z\u00fcn\u00fcz\u00fc kapatt\u0131\u011f\u0131n\u0131zda beliren rakamlar, tarihler, form\u00fcller ve uykusuz geceler\u2026 G\u00f6r\u00fcnen o ki ufukta bir s\u0131nav var ve korkuyorsunuz. Bir girdap gibi h\u0131zla i\u00e7ine do\u011fru \u00e7ekiyor sizi. Sadece sizi mi? Anneniz, baban\u0131z ve t\u00fcm yak\u0131nlar\u0131n\u0131z da bu maraton i\u00e7in haz\u0131rlan\u0131yor ve benzer korkular onlar\u0131 da sarm\u0131\u015f. T\u0131pk\u0131 Sinan ve ailesi gibi\u2026Sinan t\u00fcm bu s\u0131k\u0131nt\u0131lardan kurtulmak isterken ba\u015f\u0131na olmad\u0131k i\u015fler a\u00e7\u0131l\u0131yor. Evde, okulda, kursta hatta r\u00fcyalar\u0131nda bile pe\u015finden gelen sorunlarla ba\u015f edebilmek i\u00e7in kimi zaman buruk kimi zaman heyecanl\u0131 ve komik anlar ya\u015f\u0131yor.Nehir Yarar, \u00d6N\u00dcM ARKAM SA\u011eIM SOLUM SINAV ile ya\u015famlar\u0131n\u0131 s\u0131navlara g\u00f6re d\u00fczenleyen gen\u00e7lere yeni ve parlak bir \u0131\u015f\u0131k tutuyor.<\/p>\n","protected":false},"excerpt":{"rendered":"<p>Bitmek bilmeyen s\u0131nav ko\u015fu\u015fturmas\u0131 i\u00e7inde yaln\u0131z de\u011filsiniz. Sizi anlayan ve d\u00fc\u015f\u00fcnen birileri var.Karn\u0131n\u0131zda beliren o hafif sanc\u0131, derin derin nefes alma ihtiyac\u0131, g\u00f6z\u00fcn\u00fcz\u00fc kapatt\u0131\u011f\u0131n\u0131zda beliren rakamlar,<span class=\"excerpt-hellip\"> [\u2026]<\/span><\/p>\n","protected":false},"featured_media":0,"template":"","meta":{"_monsterinsights_skip_tracking":false,"_monsterinsights_sitenote_active":false,"_monsterinsights_sitenote_note":"","_monsterinsights_sitenote_category":0},"product_brand":[],"product_cat":[12275,12274],"product_tag":[],"class_list":{"0":"post-717022","1":"product","2":"type-product","3":"status-publish","5":"product_cat-6-12-yas-kitaplari","6":"product_cat-cocuk-ve-genclik-kitaplari","7":"pa_cilt-ciltsiz","8":"pa_tur-kitap","9":"pa_yayinevi-altin-kitaplar-ozel-urun","10":"pa_yazar-nehir-yarar","12":"first","13":"instock","14":"sale","15":"shipping-taxable","16":"purchasable","17":"product-type-simple"},"_links":{"self":[{"href":"https:\/\/roveyayinevi.com.tr\/index.php\/wp-json\/wp\/v2\/product\/717022","targetHints":{"allow":["GET"]}}],"collection":[{"href":"https:\/\/roveyayinevi.com.tr\/index.php\/wp-json\/wp\/v2\/product"}],"about":[{"href":"https:\/\/roveyayinevi.com.tr\/index.php\/wp-json\/wp\/v2\/types\/product"}],"wp:attachment":[{"href":"https:\/\/roveyayinevi.com.tr\/index.php\/wp-json\/wp\/v2\/media?parent=717022"}],"wp:term":[{"taxonomy":"product_brand","embeddable":true,"href":"https:\/\/roveyayinevi.com.tr\/index.php\/wp-json\/wp\/v2\/product_brand?post=717022"},{"taxonomy":"product_cat","embeddable":true,"href":"https:\/\/roveyayinevi.com.tr\/index.php\/wp-json\/wp\/v2\/product_cat?post=717022"},{"taxonomy":"product_tag","embeddable":true,"href":"https:\/\/roveyayinevi.com.tr\/index.php\/wp-json\/wp\/v2\/product_tag?post=717022"}],"curies":[{"name":"wp","href":"https:\/\/api.w.org\/{rel}","templated":true}]}}