{"id":717016,"date":"2025-08-27T17:49:49","date_gmt":"2025-08-27T14:49:49","guid":{"rendered":"https:\/\/roveyayinevi.com.tr\/index.php\/urun\/insanliga-agit-suriye\/"},"modified":"2026-04-16T02:25:07","modified_gmt":"2026-04-15T23:25:07","slug":"insanliga-agit-suriye","status":"publish","type":"product","link":"https:\/\/roveyayinevi.com.tr\/index.php\/urun\/insanliga-agit-suriye\/","title":{"rendered":"\u0130nsanl\u0131\u011fa A\u011f\u0131t Suriye"},"content":{"rendered":"<p>Suriyeli anne o sabah ikinci kez dizlerinin \u00fcst\u00fcne \u00e7\u00f6kt\u00fc, ve k\u0131z\u0131n\u0131n yal\u0131n ayaklar\u0131 bir kez daha so\u011fuk bir zemine dokundu. \u00c7ocuk ayaklar\u0131n\u0131n \u00fcst\u00fcnde, annesinin neden birden yere oturdu\u011funu merak ederek, g\u00f6zlerini a\u00e7t\u0131. Anne nemli g\u00f6zlerle ona bak\u0131yordu. Birden y\u00fcz\u00fcnde bir g\u00fcl\u00fcmseme belirdi. \u00c7ocukta g\u00fcl\u00fcmsedi bir an i\u00e7in.\u201cSafa,\u201d dedi anne, \u201cgit k\u0131z\u0131m.\u201d\u201cNereye?\u201d\u201cDedene git, ko\u015f hadi yavrum.\u201d\u201cAma daha babam d\u00f6nmedi.\u201d dedi k\u0131z, g\u00f6\u011fs\u00fcnde bir i\u011fne hissederek.\u201cBen gelece\u011fim arkandan.\u201dSafa iki ad\u0131m uzakla\u015ft\u0131 annesinden, sonra bir ka\u00e7 ad\u0131m daha, her ad\u0131mdan sonra d\u00f6n\u00fcp annesine bakarak. Kad\u0131n \u00e7ocu\u011funa g\u00fcl\u00fcmsemekten hi\u00e7 vazge\u00e7memi\u015fti. Bir ka\u00e7 ad\u0131m daha uzakla\u015ft\u0131 k\u0131z, sanki kalbini annesinin kuca\u011f\u0131nda b\u0131rakm\u0131\u015f. Art\u0131k arkas\u0131na bakmay\u0131 b\u0131rak\u0131p kur\u015fun seslerinin korkusuyla ko\u015fmaya ba\u015flad\u0131\u011f\u0131nda, ard\u0131ndan ad\u0131mlar\u0131n\u0131 izleyen annesi g\u00f6zlerini kapat\u0131p \u00f6ne do\u011fru kendisini b\u0131rakt\u0131.\u0130nsanl\u0131\u011f\u0131n firarda oldu\u011fu g\u00fcn\u00fcm\u00fczde, Suriye&#8217;de ya\u015fanan ve halen de ya\u015fanmakta olan felakete \u0131\u015f\u0131k tutan bu kitap, iki yak\u0131n arkada\u015f\u0131n bu korku ve zul\u00fcm dolu co\u011frafyadaki maceras\u0131n\u0131 anlatmaktad\u0131r. Kendilerine \u2018Nokta at\u0131\u015f\u0131\u2019 ismi verilen bu iki ki\u015filik tim, Suriye&#8217;ye ger\u00e7ekle\u015ftirmek i\u00e7in g\u00f6nderildikleri \u00f6l\u00fcm dolu g\u00f6revi ba\u015farabilecek mi? Macera, ihanet, a\u015fk ve dram dolu hikaye sizlerle\u2026<\/p>\n","protected":false},"excerpt":{"rendered":"<p>Suriyeli anne o sabah ikinci kez dizlerinin \u00fcst\u00fcne \u00e7\u00f6kt\u00fc, ve k\u0131z\u0131n\u0131n yal\u0131n ayaklar\u0131 bir kez daha so\u011fuk bir zemine dokundu. \u00c7ocuk ayaklar\u0131n\u0131n \u00fcst\u00fcnde, annesinin neden birden<span class=\"excerpt-hellip\"> [\u2026]<\/span><\/p>\n","protected":false},"featured_media":0,"template":"","meta":{"_monsterinsights_skip_tracking":false,"_monsterinsights_sitenote_active":false,"_monsterinsights_sitenote_note":"","_monsterinsights_sitenote_category":0},"product_brand":[],"product_cat":[12291,12711],"product_tag":[],"class_list":{"0":"post-717016","1":"product","2":"type-product","3":"status-publish","5":"product_cat-edebiyat","6":"product_cat-roman-oyku","7":"pa_cilt-ciltsiz","8":"pa_tur-kitap","9":"pa_yayinevi-meric-yayinlari","10":"pa_yazar-muhammed-akif-bayraktar","12":"first","13":"instock","14":"sale","15":"shipping-taxable","16":"purchasable","17":"product-type-simple"},"_links":{"self":[{"href":"https:\/\/roveyayinevi.com.tr\/index.php\/wp-json\/wp\/v2\/product\/717016","targetHints":{"allow":["GET"]}}],"collection":[{"href":"https:\/\/roveyayinevi.com.tr\/index.php\/wp-json\/wp\/v2\/product"}],"about":[{"href":"https:\/\/roveyayinevi.com.tr\/index.php\/wp-json\/wp\/v2\/types\/product"}],"wp:attachment":[{"href":"https:\/\/roveyayinevi.com.tr\/index.php\/wp-json\/wp\/v2\/media?parent=717016"}],"wp:term":[{"taxonomy":"product_brand","embeddable":true,"href":"https:\/\/roveyayinevi.com.tr\/index.php\/wp-json\/wp\/v2\/product_brand?post=717016"},{"taxonomy":"product_cat","embeddable":true,"href":"https:\/\/roveyayinevi.com.tr\/index.php\/wp-json\/wp\/v2\/product_cat?post=717016"},{"taxonomy":"product_tag","embeddable":true,"href":"https:\/\/roveyayinevi.com.tr\/index.php\/wp-json\/wp\/v2\/product_tag?post=717016"}],"curies":[{"name":"wp","href":"https:\/\/api.w.org\/{rel}","templated":true}]}}