{"id":717015,"date":"2025-08-27T17:49:48","date_gmt":"2025-08-27T14:49:48","guid":{"rendered":"https:\/\/roveyayinevi.com.tr\/index.php\/urun\/ipek-sokagi\/"},"modified":"2026-04-16T02:25:07","modified_gmt":"2026-04-15T23:25:07","slug":"ipek-sokagi","status":"publish","type":"product","link":"https:\/\/roveyayinevi.com.tr\/index.php\/urun\/ipek-sokagi\/","title":{"rendered":"\u0130pek Soka\u011f\u0131"},"content":{"rendered":"<p>Soka\u011f\u0131n ba\u015f\u0131na do\u011fru y\u00fcr\u00fcyorum, beyaz bir araba yava\u015flad\u0131 yan\u0131mda. Pardon han\u0131mefendi, g\u00fcnayd\u0131n diye seslendi. E\u011fildim bakt\u0131m araban\u0131n i\u00e7ine. Tan\u0131m\u0131yorum. Zaten kimi tan\u0131yorum ki buralarda? G\u00fcnayd\u0131n der gibi yapt\u0131m. Ba\u015f\u0131m\u0131 sallad\u0131m. \u0130pek Sokak\u2019\u0131 ar\u0131yorum! Dedi. \u00dczg\u00fcn\u00fcm beyefendi. Bu mahallede yeniyim. \u0130nan\u0131n hi\u00e7bir fikrim yok. Ama az ilerde bir taksi dura\u011f\u0131 var bence oraya bir sorun dedim. Te\u015fekk\u00fcr etti. \u0130lerledi ama benim g\u00f6sterdi\u011fim y\u00f6ne de\u011fil. Aman bana ne\u2019 dedim; ben de devam ettim. Adresini arayan g\u00f6n\u00fcller\u2026 Birbirlerinden g\u00fc\u00e7 alan, payla\u015f\u0131lan hayatlar\u2026 \u201c\u0130PEK SOKA\u011eI\u201d roman\u0131, unutulan aile s\u0131cakl\u0131\u011f\u0131n\u0131, uzakla\u015f\u0131lan duygular\u0131, G\u00fczel insanlar\u2019\u0131 hat\u0131rlatacak bir roman\u2026 <\/p>\n","protected":false},"excerpt":{"rendered":"<p>Soka\u011f\u0131n ba\u015f\u0131na do\u011fru y\u00fcr\u00fcyorum, beyaz bir araba yava\u015flad\u0131 yan\u0131mda. Pardon han\u0131mefendi, g\u00fcnayd\u0131n diye seslendi. E\u011fildim bakt\u0131m araban\u0131n i\u00e7ine. Tan\u0131m\u0131yorum. Zaten kimi tan\u0131yorum ki buralarda? G\u00fcnayd\u0131n der<span class=\"excerpt-hellip\"> [\u2026]<\/span><\/p>\n","protected":false},"featured_media":0,"template":"","meta":{"_monsterinsights_skip_tracking":false,"_monsterinsights_sitenote_active":false,"_monsterinsights_sitenote_note":"","_monsterinsights_sitenote_category":0},"product_brand":[],"product_cat":[12291,12711],"product_tag":[],"class_list":{"0":"post-717015","1":"product","2":"type-product","3":"status-publish","5":"product_cat-edebiyat","6":"product_cat-roman-oyku","7":"pa_cilt-ciltsiz","8":"pa_tur-kitap","9":"pa_yayinevi-meric-yayinlari","10":"pa_yazar-adalet-salginoglu","12":"first","13":"instock","14":"sale","15":"shipping-taxable","16":"purchasable","17":"product-type-simple"},"_links":{"self":[{"href":"https:\/\/roveyayinevi.com.tr\/index.php\/wp-json\/wp\/v2\/product\/717015","targetHints":{"allow":["GET"]}}],"collection":[{"href":"https:\/\/roveyayinevi.com.tr\/index.php\/wp-json\/wp\/v2\/product"}],"about":[{"href":"https:\/\/roveyayinevi.com.tr\/index.php\/wp-json\/wp\/v2\/types\/product"}],"wp:attachment":[{"href":"https:\/\/roveyayinevi.com.tr\/index.php\/wp-json\/wp\/v2\/media?parent=717015"}],"wp:term":[{"taxonomy":"product_brand","embeddable":true,"href":"https:\/\/roveyayinevi.com.tr\/index.php\/wp-json\/wp\/v2\/product_brand?post=717015"},{"taxonomy":"product_cat","embeddable":true,"href":"https:\/\/roveyayinevi.com.tr\/index.php\/wp-json\/wp\/v2\/product_cat?post=717015"},{"taxonomy":"product_tag","embeddable":true,"href":"https:\/\/roveyayinevi.com.tr\/index.php\/wp-json\/wp\/v2\/product_tag?post=717015"}],"curies":[{"name":"wp","href":"https:\/\/api.w.org\/{rel}","templated":true}]}}