{"id":717014,"date":"2025-08-27T17:49:47","date_gmt":"2025-08-27T14:49:47","guid":{"rendered":"https:\/\/roveyayinevi.com.tr\/index.php\/urun\/fanonun-hayaletleri\/"},"modified":"2026-04-16T02:25:07","modified_gmt":"2026-04-15T23:25:07","slug":"fanonun-hayaletleri","status":"publish","type":"product","link":"https:\/\/roveyayinevi.com.tr\/index.php\/urun\/fanonun-hayaletleri\/","title":{"rendered":"Fanon&#8217;un Hayaletleri"},"content":{"rendered":"<p>\u201cHayaletler, modern toplumlar\u0131n ayr\u0131lmaz par\u00e7alar\u0131, kurucu \u00e7eli\u015fkileri veya fark unsurlar\u0131d\u0131r. Ekonomik e\u015fitsizliklerin yan\u0131 s\u0131ra k\u00fclt\u00fcrel e\u015fitsizliklerin \u00fczerinde dola\u015fan hayaletler. \u0130\u015fte, hi\u00e7 kimse bu hayaletlere Frantz Fanon\u2019dan daha \u00e7arp\u0131c\u0131 bir bi\u00e7imde dikkat \u00e7ekmemi\u015ftir.\u201dBu kitap, altba\u015fl\u0131kta ifade edildi\u011fi gibi, Fanon\u2019la konu\u015fmay\u0131 s\u00fcrd\u00fcrme arzusunun \u00fcr\u00fcn\u00fc. Kitab\u0131 olu\u015fturan makalelerin anafikri, Fanon d\u00fc\u015f\u00fcncesindeki ele\u015ftirel potansiyelleri ortaya koymak bi\u00e7iminde ifade edilebilir.\u201c\u2026biz onu unutmu\u015f olsayd\u0131k da Fanon bizimle konu\u015fmaya devam edecekti. Elinizdeki kitapta bu konu\u015fmaya ele\u015ftirel-rasyonel bir bi\u00e7im vermeyi, ona yeniden siyasal bi\u00e7im kazand\u0131rmay\u0131 ama\u00e7lad\u0131k. Hayaletsiz bir gelecek m\u00fcmk\u00fcn m\u00fc?\u201d<\/p>\n","protected":false},"excerpt":{"rendered":"<p>\u201cHayaletler, modern toplumlar\u0131n ayr\u0131lmaz par\u00e7alar\u0131, kurucu \u00e7eli\u015fkileri veya fark unsurlar\u0131d\u0131r. Ekonomik e\u015fitsizliklerin yan\u0131 s\u0131ra k\u00fclt\u00fcrel e\u015fitsizliklerin \u00fczerinde dola\u015fan hayaletler. \u0130\u015fte, hi\u00e7 kimse bu hayaletlere Frantz Fanon\u2019dan<span class=\"excerpt-hellip\"> [\u2026]<\/span><\/p>\n","protected":false},"featured_media":0,"template":"","meta":{"_monsterinsights_skip_tracking":false,"_monsterinsights_sitenote_active":false,"_monsterinsights_sitenote_note":"","_monsterinsights_sitenote_category":0},"product_brand":[],"product_cat":[12291,12711],"product_tag":[],"class_list":{"0":"post-717014","1":"product","2":"type-product","3":"status-publish","5":"product_cat-edebiyat","6":"product_cat-roman-oyku","7":"pa_cilt-ciltsiz","8":"pa_tur-kitap","9":"pa_yayinevi-ithaki-yayinlari","10":"pa_yazar-firat-mollaer","12":"first","13":"instock","14":"sale","15":"shipping-taxable","16":"purchasable","17":"product-type-simple"},"_links":{"self":[{"href":"https:\/\/roveyayinevi.com.tr\/index.php\/wp-json\/wp\/v2\/product\/717014","targetHints":{"allow":["GET"]}}],"collection":[{"href":"https:\/\/roveyayinevi.com.tr\/index.php\/wp-json\/wp\/v2\/product"}],"about":[{"href":"https:\/\/roveyayinevi.com.tr\/index.php\/wp-json\/wp\/v2\/types\/product"}],"wp:attachment":[{"href":"https:\/\/roveyayinevi.com.tr\/index.php\/wp-json\/wp\/v2\/media?parent=717014"}],"wp:term":[{"taxonomy":"product_brand","embeddable":true,"href":"https:\/\/roveyayinevi.com.tr\/index.php\/wp-json\/wp\/v2\/product_brand?post=717014"},{"taxonomy":"product_cat","embeddable":true,"href":"https:\/\/roveyayinevi.com.tr\/index.php\/wp-json\/wp\/v2\/product_cat?post=717014"},{"taxonomy":"product_tag","embeddable":true,"href":"https:\/\/roveyayinevi.com.tr\/index.php\/wp-json\/wp\/v2\/product_tag?post=717014"}],"curies":[{"name":"wp","href":"https:\/\/api.w.org\/{rel}","templated":true}]}}