{"id":717008,"date":"2025-08-27T17:49:43","date_gmt":"2025-08-27T14:49:43","guid":{"rendered":"https:\/\/roveyayinevi.com.tr\/index.php\/urun\/dunun-dunyasi-3\/"},"modified":"2026-02-03T02:39:23","modified_gmt":"2026-02-02T23:39:23","slug":"dunun-dunyasi-3","status":"publish","type":"product","link":"https:\/\/roveyayinevi.com.tr\/index.php\/urun\/dunun-dunyasi-3\/","title":{"rendered":"D\u00fcn\u00fcn D\u00fcnyas\u0131"},"content":{"rendered":"<p>D\u00fcn\u00fcn D\u00fcnyas\u0131, Zweig\u2019\u0131n ve asl\u0131nda t\u00fcm insanl\u0131\u011f\u0131n kaybetti\u011fi Avrupa\u2019ya bir a\u011f\u0131t, bir t\u00fcr k\u00fclt\u00fcr tarihi, bir d\u00f6nemin biyografisi\u2026 D\u00fcn\u00fcn D\u00fcnyas\u0131 Stefan Zweig\u2019\u0131n otobiyografisi: Zweig i\u00e7inde do\u011fup yeti\u015fti\u011fi Habsburg \u0130mparatorlu\u011fu\u2019nun \u00e7\u00f6k\u00fc\u015f\u00fcn\u00fc, Birinci D\u00fcnya Sava\u015f\u0131\u2019na kadar her bak\u0131mdan co\u015fku dolu olan Avrupa\u2019y\u0131, sava\u015ftan sonra Avrupa\u2019n\u0131n b\u00fct\u00fcn d\u00fczeninin alt\u00fcst olu\u015funu, Hitler\u2019in usul usul ama g\u00f6z g\u00f6re g\u00f6re Avrupa\u2019y\u0131 esir al\u0131\u015f\u0131n\u0131, dostlar\u0131n birbirine d\u00fc\u015fman olu\u015funu i\u00e7ten, trajik, melankolik ve hasret dolu bir bak\u0131\u015fla anlat\u0131yor. Zweig, Avrupa\u2019y\u0131 k\u00fclt\u00fcrel-sosyal hayat, ahl\u00e2ki ortam, sava\u015f ve siyaset \u00fczerinden ele almakla kalm\u0131yor \u00e7arp\u0131c\u0131 Rusya seyahatine, Amerika ve G\u00fcney Amerika izlenimlerine de yer veriyor. \u00dcstelik Rilke, Joyce, Rolland, Freud, Rodin, Gorki, Rathenau, Verhaeren gibi bir\u00e7ok arkada\u015f\u0131na dair ilgin\u00e7 bilgiler ve g\u00f6zlemler de sunarak. \u201cD\u00fcnya vatanda\u015f\u0131\u201d Zweig\u2019dan de\u011fi\u015fen, d\u00f6n\u00fc\u015fen, ba\u015fkala\u015fan, o inand\u0131\u011f\u0131, kendi Avrupas\u0131 olmaktan \u00e7\u0131kan Avrupa\u2019ya renkli ve bir o kadar da h\u00fcz\u00fcnl\u00fc bir tan\u0131kl\u0131k, bir t\u00fcr ku\u015faklar aras\u0131 k\u00f6pr\u00fc\u2026 \u201cD\u00fcn\u00fcn D\u00fcnyas\u0131\u2019n\u0131 okudu\u011funuzda, Zweig\u2019\u0131n hayat\u0131na yapt\u0131\u011f\u0131 yat\u0131r\u0131mlara dair her \u015feyi g\u00f6r\u00fcyorsunuz; g\u00fcvenlik d\u00fcnyas\u0131 demeyi   tercih etti\u011fi bu d\u00fcnyan\u0131n, kendisi i\u00e7in \u00e7ok \u015fey ifade eden, gittik\u00e7e daha rafine ve \u00f6zg\u00fcr hale gelen bu hayat\u0131n bir anda geride iz b\u0131rakmadan yok edildi\u011fini de.\u201d Wes Anderson <\/p>\n","protected":false},"excerpt":{"rendered":"<p>D\u00fcn\u00fcn D\u00fcnyas\u0131, Zweig\u2019\u0131n ve asl\u0131nda t\u00fcm insanl\u0131\u011f\u0131n kaybetti\u011fi Avrupa\u2019ya bir a\u011f\u0131t, bir t\u00fcr k\u00fclt\u00fcr tarihi, bir d\u00f6nemin biyografisi\u2026 D\u00fcn\u00fcn D\u00fcnyas\u0131 Stefan Zweig\u2019\u0131n otobiyografisi: Zweig i\u00e7inde do\u011fup<span class=\"excerpt-hellip\"> [\u2026]<\/span><\/p>\n","protected":false},"featured_media":0,"template":"","meta":{"_monsterinsights_skip_tracking":false,"_monsterinsights_sitenote_active":false,"_monsterinsights_sitenote_note":"","_monsterinsights_sitenote_category":0},"product_brand":[],"product_cat":[12291,12711],"product_tag":[],"class_list":{"0":"post-717008","1":"product","2":"type-product","3":"status-publish","5":"product_cat-edebiyat","6":"product_cat-roman-oyku","7":"pa_cilt-ciltsiz","8":"pa_tur-kitap","9":"pa_yayinevi-iletisim-yayinlari","10":"pa_yazar-stefan-zweig","12":"first","13":"instock","14":"sale","15":"shipping-taxable","16":"purchasable","17":"product-type-simple"},"_links":{"self":[{"href":"https:\/\/roveyayinevi.com.tr\/index.php\/wp-json\/wp\/v2\/product\/717008","targetHints":{"allow":["GET"]}}],"collection":[{"href":"https:\/\/roveyayinevi.com.tr\/index.php\/wp-json\/wp\/v2\/product"}],"about":[{"href":"https:\/\/roveyayinevi.com.tr\/index.php\/wp-json\/wp\/v2\/types\/product"}],"wp:attachment":[{"href":"https:\/\/roveyayinevi.com.tr\/index.php\/wp-json\/wp\/v2\/media?parent=717008"}],"wp:term":[{"taxonomy":"product_brand","embeddable":true,"href":"https:\/\/roveyayinevi.com.tr\/index.php\/wp-json\/wp\/v2\/product_brand?post=717008"},{"taxonomy":"product_cat","embeddable":true,"href":"https:\/\/roveyayinevi.com.tr\/index.php\/wp-json\/wp\/v2\/product_cat?post=717008"},{"taxonomy":"product_tag","embeddable":true,"href":"https:\/\/roveyayinevi.com.tr\/index.php\/wp-json\/wp\/v2\/product_tag?post=717008"}],"curies":[{"name":"wp","href":"https:\/\/api.w.org\/{rel}","templated":true}]}}