{"id":717007,"date":"2025-08-27T17:49:42","date_gmt":"2025-08-27T14:49:42","guid":{"rendered":"https:\/\/roveyayinevi.com.tr\/index.php\/urun\/mezarin-cagrisi\/"},"modified":"2026-04-16T02:25:06","modified_gmt":"2026-04-15T23:25:06","slug":"mezarin-cagrisi","status":"publish","type":"product","link":"https:\/\/roveyayinevi.com.tr\/index.php\/urun\/mezarin-cagrisi\/","title":{"rendered":"Mezar\u0131n \u00c7a\u011fr\u0131s\u0131"},"content":{"rendered":"<p>Dedektif Terry Connor, David Hunter&#8217;\u0131n kap\u0131s\u0131nda belirince k\u00f6t\u00fc an\u0131lar\u0131 da beraberinde getirmi\u015fti. Y\u0131llar \u00f6nce bir tart\u0131\u015fma sonucu aralar\u0131 bozulmadan \u00f6nce \u00e7ok yak\u0131n arkada\u015flard\u0131. Ancak tats\u0131z bir ge\u00e7mi\u015fle beraber, k\u00f6t\u00fc haberleri de vard\u0131. Tecav\u00fczc\u00fc ve katil olan Jerome Monk, tutuldu\u011fu y\u00fcksek g\u00fcvenlikli hapishaneden ka\u00e7m\u0131\u015ft\u0131.Hunter sekiz y\u0131l \u00f6nce Monk&#8217;un ergen ya\u015flardaki kurbanlar\u0131n\u0131n cesetlerini arayan bir ekiple beraber \u00e7al\u0131\u015fm\u0131\u015ft\u0131. Fakat \u00f6ld\u00fcr\u00fclen k\u0131zlardan sadece birinin cesedini bulabilmi\u015flerdi. Monk&#8217;un da bu aray\u0131\u015fa dahil olmas\u0131, olaylar\u0131 daha da kar\u0131\u015ft\u0131rm\u0131\u015ft\u0131. \u015eimdi ise katil hapisten ka\u00e7m\u0131\u015f ve bu aramada g\u00f6rev alanlar\u0131 yeni kurbanlar\u0131 olarak belirlemi\u015fti. Hunter \u00e7ok ge\u00e7meden geride b\u0131rakmaya \u00e7al\u0131\u015ft\u0131\u011f\u0131 \u015feylerin, istedi\u011fi gibi ge\u00e7mi\u015fte kalamayaca\u011f\u0131n\u0131 anlayacakt\u0131.\u201cKitab\u0131n konusu her ne kadar rahats\u0131z edici olsa da okuru kesinlikle hayal k\u0131r\u0131kl\u0131\u011f\u0131na u\u011fratm\u0131yor.\u201d Financial Times\u201c\u0130nan\u0131lmaz \u00fcrk\u00fct\u00fcc\u00fc ve gergin bir kurgu. Nabz\u0131m\u0131z\u0131 y\u00fckseltmekten ve kan\u0131m\u0131z\u0131 dondurmaktan keyif alan bir yazar.\u201d Barry Forshaw <\/p>\n","protected":false},"excerpt":{"rendered":"<p>Dedektif Terry Connor, David Hunter&#8217;\u0131n kap\u0131s\u0131nda belirince k\u00f6t\u00fc an\u0131lar\u0131 da beraberinde getirmi\u015fti. Y\u0131llar \u00f6nce bir tart\u0131\u015fma sonucu aralar\u0131 bozulmadan \u00f6nce \u00e7ok yak\u0131n arkada\u015flard\u0131. Ancak tats\u0131z bir<span class=\"excerpt-hellip\"> [\u2026]<\/span><\/p>\n","protected":false},"featured_media":0,"template":"","meta":{"_monsterinsights_skip_tracking":false,"_monsterinsights_sitenote_active":false,"_monsterinsights_sitenote_note":"","_monsterinsights_sitenote_category":0},"product_brand":[],"product_cat":[12291,17033],"product_tag":[],"class_list":{"0":"post-717007","1":"product","2":"type-product","3":"status-publish","5":"product_cat-edebiyat","6":"product_cat-korku-gerilim","7":"pa_cilt-ciltsiz","8":"pa_tur-kitap","9":"pa_yayinevi-yabanci-yayinevi","10":"pa_yazar-simon-beckett","12":"first","13":"instock","14":"sale","15":"shipping-taxable","16":"purchasable","17":"product-type-simple"},"_links":{"self":[{"href":"https:\/\/roveyayinevi.com.tr\/index.php\/wp-json\/wp\/v2\/product\/717007","targetHints":{"allow":["GET"]}}],"collection":[{"href":"https:\/\/roveyayinevi.com.tr\/index.php\/wp-json\/wp\/v2\/product"}],"about":[{"href":"https:\/\/roveyayinevi.com.tr\/index.php\/wp-json\/wp\/v2\/types\/product"}],"wp:attachment":[{"href":"https:\/\/roveyayinevi.com.tr\/index.php\/wp-json\/wp\/v2\/media?parent=717007"}],"wp:term":[{"taxonomy":"product_brand","embeddable":true,"href":"https:\/\/roveyayinevi.com.tr\/index.php\/wp-json\/wp\/v2\/product_brand?post=717007"},{"taxonomy":"product_cat","embeddable":true,"href":"https:\/\/roveyayinevi.com.tr\/index.php\/wp-json\/wp\/v2\/product_cat?post=717007"},{"taxonomy":"product_tag","embeddable":true,"href":"https:\/\/roveyayinevi.com.tr\/index.php\/wp-json\/wp\/v2\/product_tag?post=717007"}],"curies":[{"name":"wp","href":"https:\/\/api.w.org\/{rel}","templated":true}]}}