{"id":717003,"date":"2025-08-27T17:49:39","date_gmt":"2025-08-27T14:49:39","guid":{"rendered":"https:\/\/roveyayinevi.com.tr\/index.php\/urun\/iyilik\/"},"modified":"2026-04-16T02:25:06","modified_gmt":"2026-04-15T23:25:06","slug":"iyilik","status":"publish","type":"product","link":"https:\/\/roveyayinevi.com.tr\/index.php\/urun\/iyilik\/","title":{"rendered":"\u0130yilik"},"content":{"rendered":"<p>\u201cHayat\u0131m\u0131n de\u011fi\u015fmesine \u00e7ok az zaman kalm\u0131\u015ft\u0131 ve ben bundan habersizdim. Yaz sonu kanser oldu\u011fumu \u00f6\u011frenecektim. B\u00fct\u00fcn bunlar\u0131n \u00f6ncesinde yaz k\u00f6t\u00fc ba\u015flam\u0131\u015ft\u0131. Sebebi \u00f6zel hayat\u0131md\u0131. Hatta bizzat kendim. Bir anlamda ge\u00e7mi\u015fim.\u201d Metropol\u00fcn al\u0131\u015f\u0131ld\u0131k d\u00fczeni, harcayan ve harcatan t\u0131k\u0131rdamas\u0131. Markalar, modalar, bamba\u015fka kokular\u2026 G\u00fczel paralar\u2026 Batan gemide \u00f6lmeye haz\u0131rlanan bir kad\u0131n. \u015eahane bir pozcu, maharetli bir yalanc\u0131. Kopar\u0131p ald\u0131\u011f\u0131, sahip oldu\u011fu tek umut i\u00e7in s\u00fcr\u00fckleniyor koca \u0130stanbul\u2019da\u2026 K\u00fclkedisinin bile ayakkab\u0131s\u0131 var. Hem, \u0131\u015f\u0131k bir kere d\u00fc\u015f\u00fcyor insan\u0131n \u00fcst\u00fcne. \u015eebnem \u0130\u015fig\u00fczel, sevilmek ve ayakta kalmak isteyen, isyan eden ve yenilen bir hayat\u0131 anlat\u0131yor. \u0130yilik, \u015fimdiki zaman trajedisi. \u00c7\u00fcr\u00fcyen bir di\u015f. <\/p>\n","protected":false},"excerpt":{"rendered":"<p>\u201cHayat\u0131m\u0131n de\u011fi\u015fmesine \u00e7ok az zaman kalm\u0131\u015ft\u0131 ve ben bundan habersizdim. Yaz sonu kanser oldu\u011fumu \u00f6\u011frenecektim. B\u00fct\u00fcn bunlar\u0131n \u00f6ncesinde yaz k\u00f6t\u00fc ba\u015flam\u0131\u015ft\u0131. Sebebi \u00f6zel hayat\u0131md\u0131. Hatta bizzat<span class=\"excerpt-hellip\"> [\u2026]<\/span><\/p>\n","protected":false},"featured_media":0,"template":"","meta":{"_monsterinsights_skip_tracking":false,"_monsterinsights_sitenote_active":false,"_monsterinsights_sitenote_note":"","_monsterinsights_sitenote_category":0},"product_brand":[],"product_cat":[12291,12711],"product_tag":[],"class_list":{"0":"post-717003","1":"product","2":"type-product","3":"status-publish","5":"product_cat-edebiyat","6":"product_cat-roman-oyku","7":"pa_cilt-ciltsiz","8":"pa_tur-kitap","9":"pa_yayinevi-iletisim-yayinlari","10":"pa_yazar-sebnem-isiguzel","12":"first","13":"instock","14":"sale","15":"shipping-taxable","16":"purchasable","17":"product-type-simple"},"_links":{"self":[{"href":"https:\/\/roveyayinevi.com.tr\/index.php\/wp-json\/wp\/v2\/product\/717003","targetHints":{"allow":["GET"]}}],"collection":[{"href":"https:\/\/roveyayinevi.com.tr\/index.php\/wp-json\/wp\/v2\/product"}],"about":[{"href":"https:\/\/roveyayinevi.com.tr\/index.php\/wp-json\/wp\/v2\/types\/product"}],"wp:attachment":[{"href":"https:\/\/roveyayinevi.com.tr\/index.php\/wp-json\/wp\/v2\/media?parent=717003"}],"wp:term":[{"taxonomy":"product_brand","embeddable":true,"href":"https:\/\/roveyayinevi.com.tr\/index.php\/wp-json\/wp\/v2\/product_brand?post=717003"},{"taxonomy":"product_cat","embeddable":true,"href":"https:\/\/roveyayinevi.com.tr\/index.php\/wp-json\/wp\/v2\/product_cat?post=717003"},{"taxonomy":"product_tag","embeddable":true,"href":"https:\/\/roveyayinevi.com.tr\/index.php\/wp-json\/wp\/v2\/product_tag?post=717003"}],"curies":[{"name":"wp","href":"https:\/\/api.w.org\/{rel}","templated":true}]}}