{"id":717002,"date":"2025-08-27T17:49:39","date_gmt":"2025-08-27T14:49:39","guid":{"rendered":"https:\/\/roveyayinevi.com.tr\/index.php\/urun\/andromeda-nebulasi\/"},"modified":"2026-04-16T02:25:06","modified_gmt":"2026-04-15T23:25:06","slug":"andromeda-nebulasi","status":"publish","type":"product","link":"https:\/\/roveyayinevi.com.tr\/index.php\/urun\/andromeda-nebulasi\/","title":{"rendered":"Andromeda Nebulas\u0131"},"content":{"rendered":"<p>\u201cIvan Yefremov, modern bilimkurgunun nas\u0131l yaz\u0131lmas\u0131 gerekti\u011fini g\u00f6sterip Sovyet bilimkurgusunun alt\u0131n \u00e7a\u011f\u0131n\u0131 ba\u015flatt\u0131.\u201d \u2013Boris Strugatski   Ayn\u0131 zamanda bir biliminsan\u0131 olan Ivan Yefremov, Sovyet Rusya\u2019da bilimkurgu edebiyat\u0131n\u0131n \u00f6nc\u00fclerinden biri. Ba\u015fta Strugatski Karde\u015fler olmak \u00fczere bir\u00e7ok Sovyet yazara ilham veren ve onlara yol g\u00f6steren belki de en \u00f6nemli yazar. Andromeda Nebulas\u0131 da sosyal i\u00e7eri\u011fi ve Yefremov\u2019un sahip oldu\u011fu bilimsel bak\u0131\u015f a\u00e7\u0131s\u0131yla ilk modern Sovyet bilimkurgusu olarak kabul ediliyor. Kimsenin a\u00e7 kalmad\u0131\u011f\u0131, fakirli\u011fin yok oldu\u011fu, s\u0131n\u0131f ayr\u0131m\u0131n\u0131n ortadan kalkt\u0131\u011f\u0131, insanlar\u0131n potansiyellerinin zirvelerine ula\u015fmak i\u00e7in t\u00fcm imk\u00e2nlara sahip olduklar\u0131 klasik bir kom\u00fcnist \u00fctopya anlat\u0131s\u0131 Andromeda Nebulas\u0131. Zaman\u0131n bilimsel geli\u015fmelerini sonuna kadar kullanmakla kalmay\u0131p gelece\u011fin toplumlar\u0131 hakk\u0131nda \u00e7a\u011fda\u015f\u0131 bilimkurgular\u0131n \u00f6tesinde \u015feyler s\u00f6ylemeyi de beceren, bunu yaparken macera dolu bir hik\u00e2ye anlatmay\u0131 ihmal etmeyen bir kitap. <\/p>\n","protected":false},"excerpt":{"rendered":"<p>\u201cIvan Yefremov, modern bilimkurgunun nas\u0131l yaz\u0131lmas\u0131 gerekti\u011fini g\u00f6sterip Sovyet bilimkurgusunun alt\u0131n \u00e7a\u011f\u0131n\u0131 ba\u015flatt\u0131.\u201d \u2013Boris Strugatski Ayn\u0131 zamanda bir biliminsan\u0131 olan Ivan Yefremov, Sovyet Rusya\u2019da bilimkurgu edebiyat\u0131n\u0131n<span class=\"excerpt-hellip\"> [\u2026]<\/span><\/p>\n","protected":false},"featured_media":0,"template":"","meta":{"_monsterinsights_skip_tracking":false,"_monsterinsights_sitenote_active":false,"_monsterinsights_sitenote_note":"","_monsterinsights_sitenote_category":0},"product_brand":[],"product_cat":[12540,12291],"product_tag":[],"class_list":{"0":"post-717002","1":"product","2":"type-product","3":"status-publish","5":"product_cat-bilim-kurgu","6":"product_cat-edebiyat","7":"pa_cilt-ciltsiz","8":"pa_tur-kitap","9":"pa_yayinevi-ithaki-yayinlari","10":"pa_yazar-ivan-yefremov","12":"first","13":"instock","14":"sale","15":"shipping-taxable","16":"purchasable","17":"product-type-simple"},"_links":{"self":[{"href":"https:\/\/roveyayinevi.com.tr\/index.php\/wp-json\/wp\/v2\/product\/717002","targetHints":{"allow":["GET"]}}],"collection":[{"href":"https:\/\/roveyayinevi.com.tr\/index.php\/wp-json\/wp\/v2\/product"}],"about":[{"href":"https:\/\/roveyayinevi.com.tr\/index.php\/wp-json\/wp\/v2\/types\/product"}],"wp:attachment":[{"href":"https:\/\/roveyayinevi.com.tr\/index.php\/wp-json\/wp\/v2\/media?parent=717002"}],"wp:term":[{"taxonomy":"product_brand","embeddable":true,"href":"https:\/\/roveyayinevi.com.tr\/index.php\/wp-json\/wp\/v2\/product_brand?post=717002"},{"taxonomy":"product_cat","embeddable":true,"href":"https:\/\/roveyayinevi.com.tr\/index.php\/wp-json\/wp\/v2\/product_cat?post=717002"},{"taxonomy":"product_tag","embeddable":true,"href":"https:\/\/roveyayinevi.com.tr\/index.php\/wp-json\/wp\/v2\/product_tag?post=717002"}],"curies":[{"name":"wp","href":"https:\/\/api.w.org\/{rel}","templated":true}]}}