{"id":716996,"date":"2025-08-27T17:49:34","date_gmt":"2025-08-27T14:49:34","guid":{"rendered":"https:\/\/roveyayinevi.com.tr\/index.php\/urun\/badem-ile-dost\/"},"modified":"2026-04-16T02:25:06","modified_gmt":"2026-04-15T23:25:06","slug":"badem-ile-dost","status":"publish","type":"product","link":"https:\/\/roveyayinevi.com.tr\/index.php\/urun\/badem-ile-dost\/","title":{"rendered":"Badem ile Dost"},"content":{"rendered":"<p>Evin tatl\u0131 kedisi Badem, en \u00e7ok evin k\u0131z\u0131yla oynamay\u0131 seviyormu\u015f. Ama o okula gidince b\u00fct\u00fcn g\u00fcn evde s\u0131k\u0131l\u0131yormu\u015f. Yine evde beklemekten s\u0131k\u0131ld\u0131\u011f\u0131 bir g\u00fcn d\u0131\u015far\u0131ya \u00e7\u0131kmaya  karar vermi\u015f. Badem parkta gezinirken biraz dinlenmek i\u00e7in bir kenara uzanm\u0131\u015f. Tam o s\u0131rada bir ses duymu\u015f. yoksa bu bir k\u00f6pek miydi? Badem korkusundan a\u011faca t\u0131rmanm\u0131\u015f. <\/p>\n","protected":false},"excerpt":{"rendered":"<p>Evin tatl\u0131 kedisi Badem, en \u00e7ok evin k\u0131z\u0131yla oynamay\u0131 seviyormu\u015f. Ama o okula gidince b\u00fct\u00fcn g\u00fcn evde s\u0131k\u0131l\u0131yormu\u015f. Yine evde beklemekten s\u0131k\u0131ld\u0131\u011f\u0131 bir g\u00fcn d\u0131\u015far\u0131ya \u00e7\u0131kmaya<span class=\"excerpt-hellip\"> [\u2026]<\/span><\/p>\n","protected":false},"featured_media":0,"template":"","meta":{"_monsterinsights_skip_tracking":false,"_monsterinsights_sitenote_active":false,"_monsterinsights_sitenote_note":"","_monsterinsights_sitenote_category":0},"product_brand":[],"product_cat":[12274,12284],"product_tag":[],"class_list":{"0":"post-716996","1":"product","2":"type-product","3":"status-publish","5":"product_cat-cocuk-ve-genclik-kitaplari","6":"product_cat-hikayeler","7":"pa_cilt-ciltsiz","8":"pa_tur-kitap","9":"pa_yayinevi-dinozor-cocuk","10":"pa_yazar-fehime-ozdemir","12":"first","13":"instock","14":"sale","15":"shipping-taxable","16":"purchasable","17":"product-type-simple"},"_links":{"self":[{"href":"https:\/\/roveyayinevi.com.tr\/index.php\/wp-json\/wp\/v2\/product\/716996","targetHints":{"allow":["GET"]}}],"collection":[{"href":"https:\/\/roveyayinevi.com.tr\/index.php\/wp-json\/wp\/v2\/product"}],"about":[{"href":"https:\/\/roveyayinevi.com.tr\/index.php\/wp-json\/wp\/v2\/types\/product"}],"wp:attachment":[{"href":"https:\/\/roveyayinevi.com.tr\/index.php\/wp-json\/wp\/v2\/media?parent=716996"}],"wp:term":[{"taxonomy":"product_brand","embeddable":true,"href":"https:\/\/roveyayinevi.com.tr\/index.php\/wp-json\/wp\/v2\/product_brand?post=716996"},{"taxonomy":"product_cat","embeddable":true,"href":"https:\/\/roveyayinevi.com.tr\/index.php\/wp-json\/wp\/v2\/product_cat?post=716996"},{"taxonomy":"product_tag","embeddable":true,"href":"https:\/\/roveyayinevi.com.tr\/index.php\/wp-json\/wp\/v2\/product_tag?post=716996"}],"curies":[{"name":"wp","href":"https:\/\/api.w.org\/{rel}","templated":true}]}}