{"id":716995,"date":"2025-08-27T17:49:33","date_gmt":"2025-08-27T14:49:33","guid":{"rendered":"https:\/\/roveyayinevi.com.tr\/index.php\/urun\/cekirge-ile-sincabin-arkadasligi\/"},"modified":"2026-04-16T02:25:06","modified_gmt":"2026-04-15T23:25:06","slug":"cekirge-ile-sincabin-arkadasligi","status":"publish","type":"product","link":"https:\/\/roveyayinevi.com.tr\/index.php\/urun\/cekirge-ile-sincabin-arkadasligi\/","title":{"rendered":"\u00c7ekirge ile Sincab\u0131n Arkada\u015fl\u0131\u011f\u0131"},"content":{"rendered":"<p>\u00c7ekirge kahvalt\u0131dan sonra biraz dola\u015fmak i\u00e7in ormana gitmi\u015f ve sincapla tan\u0131\u015fm\u0131\u015f. \u0130ki arkada\u015f orman\u0131n giri\u015fine kadar z\u0131plama oyunu oynamaya ba\u015flam\u0131\u015f. Ne\u015feyle z\u0131plarlarken bir de bakm\u0131\u015flar ki sincap a\u011fac\u0131n dallar\u0131na s\u0131k\u0131\u015f\u0131p kalm\u0131\u015f. Sincab\u0131n yard\u0131m\u0131na kim gelmi\u015f dersiniz?<\/p>\n","protected":false},"excerpt":{"rendered":"<p>\u00c7ekirge kahvalt\u0131dan sonra biraz dola\u015fmak i\u00e7in ormana gitmi\u015f ve sincapla tan\u0131\u015fm\u0131\u015f. \u0130ki arkada\u015f orman\u0131n giri\u015fine kadar z\u0131plama oyunu oynamaya ba\u015flam\u0131\u015f. Ne\u015feyle z\u0131plarlarken bir de bakm\u0131\u015flar ki<span class=\"excerpt-hellip\"> [\u2026]<\/span><\/p>\n","protected":false},"featured_media":0,"template":"","meta":{"_monsterinsights_skip_tracking":false,"_monsterinsights_sitenote_active":false,"_monsterinsights_sitenote_note":"","_monsterinsights_sitenote_category":0},"product_brand":[],"product_cat":[12274,12284],"product_tag":[],"class_list":{"0":"post-716995","1":"product","2":"type-product","3":"status-publish","5":"product_cat-cocuk-ve-genclik-kitaplari","6":"product_cat-hikayeler","7":"pa_cilt-ciltsiz","8":"pa_tur-kitap","9":"pa_yayinevi-dinozor-cocuk","10":"pa_yazar-fehime-ozdemir","12":"first","13":"instock","14":"sale","15":"shipping-taxable","16":"purchasable","17":"product-type-simple"},"_links":{"self":[{"href":"https:\/\/roveyayinevi.com.tr\/index.php\/wp-json\/wp\/v2\/product\/716995","targetHints":{"allow":["GET"]}}],"collection":[{"href":"https:\/\/roveyayinevi.com.tr\/index.php\/wp-json\/wp\/v2\/product"}],"about":[{"href":"https:\/\/roveyayinevi.com.tr\/index.php\/wp-json\/wp\/v2\/types\/product"}],"wp:attachment":[{"href":"https:\/\/roveyayinevi.com.tr\/index.php\/wp-json\/wp\/v2\/media?parent=716995"}],"wp:term":[{"taxonomy":"product_brand","embeddable":true,"href":"https:\/\/roveyayinevi.com.tr\/index.php\/wp-json\/wp\/v2\/product_brand?post=716995"},{"taxonomy":"product_cat","embeddable":true,"href":"https:\/\/roveyayinevi.com.tr\/index.php\/wp-json\/wp\/v2\/product_cat?post=716995"},{"taxonomy":"product_tag","embeddable":true,"href":"https:\/\/roveyayinevi.com.tr\/index.php\/wp-json\/wp\/v2\/product_tag?post=716995"}],"curies":[{"name":"wp","href":"https:\/\/api.w.org\/{rel}","templated":true}]}}