{"id":716991,"date":"2025-08-27T17:49:31","date_gmt":"2025-08-27T14:49:31","guid":{"rendered":"https:\/\/roveyayinevi.com.tr\/index.php\/urun\/kapitalizm-cizgibilim\/"},"modified":"2026-04-16T02:25:06","modified_gmt":"2026-04-15T23:25:06","slug":"kapitalizm-cizgibilim","status":"publish","type":"product","link":"https:\/\/roveyayinevi.com.tr\/index.php\/urun\/kapitalizm-cizgibilim\/","title":{"rendered":"Kapitalizm (\u00c7izgibilim)"},"content":{"rendered":"<p>Kapitalizm neden tarih, felsefe ve politikan\u0131n en b\u00fcy\u00fck, ama ayn\u0131 zamanda en tart\u0131\u015fmal\u0131 fikridir? Kapitalizm bug\u00fcn d\u00fcnyaya h\u00fckmediyor; yasalardan sava\u015flara, h\u00fck\u00fcmetlerden ki\u015fileraras\u0131 ili\u015fkilere kadar her \u015feyi etkiliyor. Bu kitap, kapitalizmin \u00f6nlenemez ve \u00e7o\u011funlukla ac\u0131mas\u0131z y\u00fckseli\u015finin ard\u0131nda yatanlar\u0131, ge\u00e7irdi\u011fi a\u015famalar\u0131 ve g\u00fcncel durumunu ekonomistlerin karma\u015f\u0131k kuramlar\u0131ndan s\u0131yr\u0131larak anlat\u0131yor. Afyon Sava\u015flar\u0131 ve B\u00fcy\u00fck Buhran gibi \u00f6nemli olaylar\u0131n yan\u0131 s\u0131ra kapitalizmin az\u0131l\u0131 d\u00fc\u015fman\u0131 Karl Marx, \u201cekonominin babas\u0131\u201d Adam Smith, Theodore Adorno ve Milton Friedman gibi d\u00fc\u015f\u00fcn\u00fcrlerin \u00e7\u0131\u011f\u0131r a\u00e7\u0131c\u0131 fikirleri dahil, kapitalizmle ilgili merak etti\u011finiz her \u015feyi bu kitapta bulacaks\u0131n\u0131z. <\/p>\n","protected":false},"excerpt":{"rendered":"<p>Kapitalizm neden tarih, felsefe ve politikan\u0131n en b\u00fcy\u00fck, ama ayn\u0131 zamanda en tart\u0131\u015fmal\u0131 fikridir? Kapitalizm bug\u00fcn d\u00fcnyaya h\u00fckmediyor; yasalardan sava\u015flara, h\u00fck\u00fcmetlerden ki\u015fileraras\u0131 ili\u015fkilere kadar her \u015feyi<span class=\"excerpt-hellip\"> [\u2026]<\/span><\/p>\n","protected":false},"featured_media":0,"template":"","meta":{"_monsterinsights_skip_tracking":false,"_monsterinsights_sitenote_active":false,"_monsterinsights_sitenote_note":"","_monsterinsights_sitenote_category":0},"product_brand":[],"product_cat":[13590,12337],"product_tag":[],"class_list":{"0":"post-716991","1":"product","2":"type-product","3":"status-publish","5":"product_cat-arastirma-inceleme-politika-siyaset","6":"product_cat-politika-siyaset","7":"pa_cilt-ciltsiz","8":"pa_tur-kitap","9":"pa_yayinevi-say-yayinlari","10":"pa_yazar-dan-cryan-sharron-shatil","12":"first","13":"instock","14":"sale","15":"shipping-taxable","16":"purchasable","17":"product-type-simple"},"_links":{"self":[{"href":"https:\/\/roveyayinevi.com.tr\/index.php\/wp-json\/wp\/v2\/product\/716991","targetHints":{"allow":["GET"]}}],"collection":[{"href":"https:\/\/roveyayinevi.com.tr\/index.php\/wp-json\/wp\/v2\/product"}],"about":[{"href":"https:\/\/roveyayinevi.com.tr\/index.php\/wp-json\/wp\/v2\/types\/product"}],"wp:attachment":[{"href":"https:\/\/roveyayinevi.com.tr\/index.php\/wp-json\/wp\/v2\/media?parent=716991"}],"wp:term":[{"taxonomy":"product_brand","embeddable":true,"href":"https:\/\/roveyayinevi.com.tr\/index.php\/wp-json\/wp\/v2\/product_brand?post=716991"},{"taxonomy":"product_cat","embeddable":true,"href":"https:\/\/roveyayinevi.com.tr\/index.php\/wp-json\/wp\/v2\/product_cat?post=716991"},{"taxonomy":"product_tag","embeddable":true,"href":"https:\/\/roveyayinevi.com.tr\/index.php\/wp-json\/wp\/v2\/product_tag?post=716991"}],"curies":[{"name":"wp","href":"https:\/\/api.w.org\/{rel}","templated":true}]}}