{"id":716986,"date":"2025-08-27T17:49:28","date_gmt":"2025-08-27T14:49:28","guid":{"rendered":"https:\/\/roveyayinevi.com.tr\/index.php\/urun\/bir-babanin-dogusu\/"},"modified":"2026-04-16T02:25:06","modified_gmt":"2026-04-15T23:25:06","slug":"bir-babanin-dogusu","status":"publish","type":"product","link":"https:\/\/roveyayinevi.com.tr\/index.php\/urun\/bir-babanin-dogusu\/","title":{"rendered":"Bir Baban\u0131n Do\u011fu\u015fu"},"content":{"rendered":"<p>Baba; annenin yolda\u015f\u0131, evin g\u00f6r\u00fcnmez kahraman\u0131, i\u015fe giden bir yolcu, sevgisini g\u00f6stermekte zorlanan bir kale, annenin \u0131\u015f\u0131\u011f\u0131nda \u00e7ocuklar\u0131n\u0131n ya\u011fmurunda b\u00fcy\u00fcyen bir \u00e7\u0131nar, yeti\u015fkin olabilmekte ivmelenen yol, kalbindeki pamu\u011fu dikenle korumaya alan \u00fcrkek bir \u00e7ocuk, baba olmay\u0131 bebek do\u011fdu\u011funda hissedece\u011fini zanneden insan, k\u0131zlar\u0131n\u0131n hep a\u015fk\u0131, o\u011fullar\u0131n\u0131n hep rakibi&#8230; Bu kitab\u0131 iyi bir baba ve iyi bir e\u015f olan, hepsinden daha anlaml\u0131s\u0131 iyi bir insan olan Deniz  Dereli\u2019nin yazaca\u011f\u0131n\u0131 duydu\u011fumda yan fl\u00fct\u00fcn sesiyle ba\u015flayan o me\u015fhur ezgi; Deniz Dereli\u2019nin bilge y\u00fcre\u011finden, \u015fefkatli ellerinden sayfalara do\u011fru akan yolculu\u011funa \u00e7\u0131kt\u0131. \u201cBana Bir Masal Anlat Baba\u201d Minik bir \u00e7ocu\u011fun babas\u0131na sesleni\u015fi, babas\u0131yla bir olma arzusu kitab\u0131n i\u00e7inden bize seslenmeye ba\u015flad\u0131. Ne mutlu&#8230;  Uzm. Dr. Demet DANK\u0130 ERKEN Bu kitap, bug\u00fcne kadar konu\u015fulmam\u0131\u015f bir yaraya parmak bas\u0131yor. Annelik hep konu\u015fuldu. Olmas\u0131 gerekenler, yap\u0131lacaklar ya da de\u011fi\u015fim nedenleri&#8230; Toplumun kemikle\u015fmi\u015f yap\u0131s\u0131n\u0131 olu\u015fturan erke\u011fin durumunu herkes g\u00f6rmezden gelirken sevgili dostum Dr. Deniz Dereli bu yap\u0131n\u0131n nas\u0131l olu\u015ftu\u011funu, baba olmay\u0131 ve olabilmeyi, baban\u0131n \u00f6nemini anlatt\u0131\u011f\u0131 bu kitab\u0131 ile \u00e7ok k\u0131ymetli bilgilerini payla\u015f\u0131yor. Her bir sat\u0131r\u0131 okunup \u00fczerine derin derin d\u00fc\u015f\u00fcn\u00fclmesi gereken anlamlar ta\u015f\u0131yan bu kitab\u0131 muhakkak okumal\u0131s\u0131n\u0131z. Zeynep D\u0130ZMEN<\/p>\n","protected":false},"excerpt":{"rendered":"<p>Baba; annenin yolda\u015f\u0131, evin g\u00f6r\u00fcnmez kahraman\u0131, i\u015fe giden bir yolcu, sevgisini g\u00f6stermekte zorlanan bir kale, annenin \u0131\u015f\u0131\u011f\u0131nda \u00e7ocuklar\u0131n\u0131n ya\u011fmurunda b\u00fcy\u00fcyen bir \u00e7\u0131nar, yeti\u015fkin olabilmekte ivmelenen yol,<span class=\"excerpt-hellip\"> [\u2026]<\/span><\/p>\n","protected":false},"featured_media":0,"template":"","meta":{"_monsterinsights_skip_tracking":false,"_monsterinsights_sitenote_active":false,"_monsterinsights_sitenote_note":"","_monsterinsights_sitenote_category":0},"product_brand":[],"product_cat":[12358,12357],"product_tag":[],"class_list":{"0":"post-716986","1":"product","2":"type-product","3":"status-publish","5":"product_cat-genel-psikoloji","6":"product_cat-psikoloji","7":"pa_cilt-ciltsiz","8":"pa_tur-kitap","9":"pa_yayinevi-pusula-yayinevi-ankara","10":"pa_yazar-deniz-dereli","12":"first","13":"instock","14":"sale","15":"shipping-taxable","16":"purchasable","17":"product-type-simple"},"_links":{"self":[{"href":"https:\/\/roveyayinevi.com.tr\/index.php\/wp-json\/wp\/v2\/product\/716986","targetHints":{"allow":["GET"]}}],"collection":[{"href":"https:\/\/roveyayinevi.com.tr\/index.php\/wp-json\/wp\/v2\/product"}],"about":[{"href":"https:\/\/roveyayinevi.com.tr\/index.php\/wp-json\/wp\/v2\/types\/product"}],"wp:attachment":[{"href":"https:\/\/roveyayinevi.com.tr\/index.php\/wp-json\/wp\/v2\/media?parent=716986"}],"wp:term":[{"taxonomy":"product_brand","embeddable":true,"href":"https:\/\/roveyayinevi.com.tr\/index.php\/wp-json\/wp\/v2\/product_brand?post=716986"},{"taxonomy":"product_cat","embeddable":true,"href":"https:\/\/roveyayinevi.com.tr\/index.php\/wp-json\/wp\/v2\/product_cat?post=716986"},{"taxonomy":"product_tag","embeddable":true,"href":"https:\/\/roveyayinevi.com.tr\/index.php\/wp-json\/wp\/v2\/product_tag?post=716986"}],"curies":[{"name":"wp","href":"https:\/\/api.w.org\/{rel}","templated":true}]}}