{"id":716985,"date":"2025-08-27T17:49:28","date_gmt":"2025-08-27T14:49:28","guid":{"rendered":"https:\/\/roveyayinevi.com.tr\/index.php\/urun\/klavye-surcmesi\/"},"modified":"2026-04-16T02:25:06","modified_gmt":"2026-04-15T23:25:06","slug":"klavye-surcmesi","status":"publish","type":"product","link":"https:\/\/roveyayinevi.com.tr\/index.php\/urun\/klavye-surcmesi\/","title":{"rendered":"Klavye S\u00fcr\u00e7mesi"},"content":{"rendered":"<p>Terry Pratchett&#8217;\u0131n harikalar diyar\u0131na d\u00fc\u015fmek isteyenlere&#8230;85 milyonun \u00fczerinde satan efsanevi Diskd\u00fcnya serisinin yarat\u0131c\u0131s\u0131 S\u00f6r Terry Pratchett\u2019\u0131n, 50 y\u0131ll\u0131k bir d\u00f6neme yay\u0131lan yaz\u0131lar\u0131n\u0131 derledi\u011fi Klavye S\u00fcr\u00e7mesi, edebiyat\u0131n en nevi \u015fahs\u0131na m\u00fcnhas\u0131r zihinlerinden birine i\u00e7eriden bakmak i\u00e7in ola\u011fan\u00fcst\u00fc bir f\u0131rsat sunuyor.Neil Gaiman\u2019\u0131n \u00f6ns\u00fcz\u00fcyle yay\u0131mlanan Klavye S\u00fcr\u00e7mesi, \u00e7ok geni\u015f bir yelpazenin kanatlar\u0131na a\u00e7\u0131l\u0131yor ve Pratchett\u2019\u0131n bilhassa fantezi ve bilimkurgu t\u00fcrlerine dair g\u00f6r\u00fc\u015flerine, \u201ce\u015fsiz\u201d Diskd\u00fcnya evrenine, \u00e7ocukluk an\u0131lar\u0131na, Alzheimer hastal\u0131\u011f\u0131na ve hayvan haklar\u0131na kadar onlarca farkl\u0131 konuya de\u011finiyor.Terry Pratchett hayranlar\u0131n\u0131 canevinden vuracak bu samimi derleme, Diskd\u00fcnya kitaplar\u0131n\u0131n arka plan\u0131na ve yazar\u0131n hayat\u0131na dair bilinmeyen pek \u00e7ok \u00f6nemli ger\u00e7e\u011fe birinci a\u011f\u0131zdan yer veriyor.Fantastik evrende yaratt\u0131\u011f\u0131 edebi t\u0131n\u0131yla Terry Pratchett, daha ziyade alametifarikas\u0131 Diskd\u00fcnya serisiyle tan\u0131nsa da, onu \u201cfantastik kitaplar yazan komik bir yazar\u201ddan \u00e7ok daha \u00f6teye ta\u015f\u0131yan bamba\u015fka ger\u00e7ekler var: S\u00f6yledikleri, yazd\u0131klar\u0131 ve yapt\u0131klar\u0131. Kad\u0131n-erkek e\u015fitli\u011fi, hayvanlar\u0131n ya\u015fam\u0131 ve elbette son d\u00f6neminde, Alzheimer hastal\u0131\u011f\u0131 ve insan haklar\u0131 konusundaki c\u00fcretk\u00e2r fikirleri\u2026 Ama emin olun, Klavye S\u00fcr\u00e7mesi\u2019nde bunlardan \u00e7ok da fazlas\u0131 var: Diskd\u00fcnya kitaplar\u0131n\u0131n kamera arkalar\u0131, fantastik edebiyat\u0131n k\u00f6kenleri, ba\u015far\u0131l\u0131 bir yazar olman\u0131n incelikleri, \u00e7ocuklu\u011fa a\u00e7\u0131lan duygular\u0131n kap\u0131lar\u0131&#8230;Pratchett, kaleme ald\u0131\u011f\u0131 makale ve konu\u015fma metinleri arac\u0131l\u0131\u011f\u0131yla yazarl\u0131k deh\u00e2s\u0131na bir kez daha hayran b\u0131rak\u0131rken, mizah\u0131n fazlaca mesafeli durdu\u011fu edebiyat\u0131n en derin konular\u0131na bile ustaca de\u011finmeyi ba\u015far\u0131yor.\u201cFantezi, a\u015fina olana yeni bir \u0131\u015f\u0131k tutmal\u0131d\u0131r; benim Diskd\u00fcnya\u2019da yapmaya \u00e7al\u0131\u015ft\u0131\u011f\u0131m gibi. Fantezi, o zamana ve oraya de\u011fil, bug\u00fcne ve buraya bakman\u0131n bir yoludur. Fantezi \u00f6nc\u00fc-edebiyatt\u0131r, her \u015fey ondan do\u011far. Fantezi, en iyi h\u00e2liyle, ger\u00e7ekten ka\u00e7\u0131\u015f edebiyat\u0131d\u0131r. Ama ka\u00e7\u0131\u015f edebiyat\u0131n\u0131n \u00f6zelli\u011fi \u015fudur: Bir \u015feyden ka\u00e7arken, ayn\u0131 zamanda bir \u015feye do\u011fru da ko\u015fman\u0131z gerekir. Gitmeye de\u011fer bir yere gitmelisinizdir ve bu deneyim sizi daha iyi birine d\u00f6n\u00fc\u015ft\u00fcrmelidir&#8230;\u201d\u201cZeki, e\u011flenceli, anlay\u0131\u015fl\u0131, samimi&#8230; Terry Pratchett, hayat\u0131n ve kitaplar\u0131n tad\u0131n\u0131 \u00e7\u0131karmay\u0131 ger\u00e7ekten bilen biri&#8230;\u201dGeorge R.R. Martin<\/p>\n","protected":false},"excerpt":{"rendered":"<p>Terry Pratchett&#8217;\u0131n harikalar diyar\u0131na d\u00fc\u015fmek isteyenlere&#8230;85 milyonun \u00fczerinde satan efsanevi Diskd\u00fcnya serisinin yarat\u0131c\u0131s\u0131 S\u00f6r Terry Pratchett\u2019\u0131n, 50 y\u0131ll\u0131k bir d\u00f6neme yay\u0131lan yaz\u0131lar\u0131n\u0131 derledi\u011fi Klavye S\u00fcr\u00e7mesi, edebiyat\u0131n<span class=\"excerpt-hellip\"> [\u2026]<\/span><\/p>\n","protected":false},"featured_media":0,"template":"","meta":{"_monsterinsights_skip_tracking":false,"_monsterinsights_sitenote_active":false,"_monsterinsights_sitenote_note":"","_monsterinsights_sitenote_category":0},"product_brand":[],"product_cat":[12291,12711],"product_tag":[],"class_list":{"0":"post-716985","1":"product","2":"type-product","3":"status-publish","5":"product_cat-edebiyat","6":"product_cat-roman-oyku","7":"pa_cilt-ciltsiz","8":"pa_tur-kitap","9":"pa_yayinevi-delidolu","10":"pa_yazar-terry-pratchett","12":"first","13":"instock","14":"sale","15":"shipping-taxable","16":"purchasable","17":"product-type-simple"},"_links":{"self":[{"href":"https:\/\/roveyayinevi.com.tr\/index.php\/wp-json\/wp\/v2\/product\/716985","targetHints":{"allow":["GET"]}}],"collection":[{"href":"https:\/\/roveyayinevi.com.tr\/index.php\/wp-json\/wp\/v2\/product"}],"about":[{"href":"https:\/\/roveyayinevi.com.tr\/index.php\/wp-json\/wp\/v2\/types\/product"}],"wp:attachment":[{"href":"https:\/\/roveyayinevi.com.tr\/index.php\/wp-json\/wp\/v2\/media?parent=716985"}],"wp:term":[{"taxonomy":"product_brand","embeddable":true,"href":"https:\/\/roveyayinevi.com.tr\/index.php\/wp-json\/wp\/v2\/product_brand?post=716985"},{"taxonomy":"product_cat","embeddable":true,"href":"https:\/\/roveyayinevi.com.tr\/index.php\/wp-json\/wp\/v2\/product_cat?post=716985"},{"taxonomy":"product_tag","embeddable":true,"href":"https:\/\/roveyayinevi.com.tr\/index.php\/wp-json\/wp\/v2\/product_tag?post=716985"}],"curies":[{"name":"wp","href":"https:\/\/api.w.org\/{rel}","templated":true}]}}