{"id":716980,"date":"2025-08-27T17:49:24","date_gmt":"2025-08-27T14:49:24","guid":{"rendered":"https:\/\/roveyayinevi.com.tr\/index.php\/urun\/koreli-sevgilim\/"},"modified":"2026-04-16T02:25:06","modified_gmt":"2026-04-15T23:25:06","slug":"koreli-sevgilim","status":"publish","type":"product","link":"https:\/\/roveyayinevi.com.tr\/index.php\/urun\/koreli-sevgilim\/","title":{"rendered":"Koreli Sevgilim"},"content":{"rendered":"<p>Nil, Milli \u0130stihbarat Te\u015fkilat\u0131 (M\u0130T)\u2019nda D\u0131\u015f Operasyonlar Ba\u015fkanl\u0131\u011f\u0131nda ajan olarak \u00e7al\u0131\u015fmaktad\u0131r. \u00d6zel bir g\u00f6rev i\u00e7in yolu Kore\u2019ye uzan\u0131r ve kendini bir anda entrika dolu Joseon Krall\u0131\u011f\u0131\u2019n\u0131n ortas\u0131nda bulur. Burada, suikast timinin lideri Park Min Jae ile yollar\u0131 kesi\u015fir. Nil, Joseon Krall\u0131\u011f\u0131\u2019nda d\u00fc\u015f\u00fcnce f\u0131rt\u0131nalar\u0131 aras\u0131nda fark\u0131nda olmadan bu adama \u00e2\u015f\u0131k oldu\u011funu hisseder. \u201cBen hangi ara Park Min Jae\u2019ye bu kadar ba\u011fland\u0131m? Hangi ara onu bu kadar bekler oldum? Hangi ara onu b\u00f6yle \u00f6zler oldum?\u201d<\/p>\n","protected":false},"excerpt":{"rendered":"<p>Nil, Milli \u0130stihbarat Te\u015fkilat\u0131 (M\u0130T)\u2019nda D\u0131\u015f Operasyonlar Ba\u015fkanl\u0131\u011f\u0131nda ajan olarak \u00e7al\u0131\u015fmaktad\u0131r. \u00d6zel bir g\u00f6rev i\u00e7in yolu Kore\u2019ye uzan\u0131r ve kendini bir anda entrika dolu Joseon Krall\u0131\u011f\u0131\u2019n\u0131n<span class=\"excerpt-hellip\"> [\u2026]<\/span><\/p>\n","protected":false},"featured_media":0,"template":"","meta":{"_monsterinsights_skip_tracking":false,"_monsterinsights_sitenote_active":false,"_monsterinsights_sitenote_note":"","_monsterinsights_sitenote_category":0},"product_brand":[],"product_cat":[12291,12711],"product_tag":[],"class_list":{"0":"post-716980","1":"product","2":"type-product","3":"status-publish","5":"product_cat-edebiyat","6":"product_cat-roman-oyku","7":"pa_cilt-ciltsiz","8":"pa_tur-kitap","9":"pa_yayinevi-kozmostar","10":"pa_yazar-sevilay-kaya","12":"first","13":"instock","14":"sale","15":"shipping-taxable","16":"purchasable","17":"product-type-simple"},"_links":{"self":[{"href":"https:\/\/roveyayinevi.com.tr\/index.php\/wp-json\/wp\/v2\/product\/716980","targetHints":{"allow":["GET"]}}],"collection":[{"href":"https:\/\/roveyayinevi.com.tr\/index.php\/wp-json\/wp\/v2\/product"}],"about":[{"href":"https:\/\/roveyayinevi.com.tr\/index.php\/wp-json\/wp\/v2\/types\/product"}],"wp:attachment":[{"href":"https:\/\/roveyayinevi.com.tr\/index.php\/wp-json\/wp\/v2\/media?parent=716980"}],"wp:term":[{"taxonomy":"product_brand","embeddable":true,"href":"https:\/\/roveyayinevi.com.tr\/index.php\/wp-json\/wp\/v2\/product_brand?post=716980"},{"taxonomy":"product_cat","embeddable":true,"href":"https:\/\/roveyayinevi.com.tr\/index.php\/wp-json\/wp\/v2\/product_cat?post=716980"},{"taxonomy":"product_tag","embeddable":true,"href":"https:\/\/roveyayinevi.com.tr\/index.php\/wp-json\/wp\/v2\/product_tag?post=716980"}],"curies":[{"name":"wp","href":"https:\/\/api.w.org\/{rel}","templated":true}]}}