{"id":716978,"date":"2025-08-27T17:49:23","date_gmt":"2025-08-27T14:49:23","guid":{"rendered":"https:\/\/roveyayinevi.com.tr\/index.php\/urun\/altin-peri-masallari\/"},"modified":"2026-04-16T02:25:06","modified_gmt":"2026-04-15T23:25:06","slug":"altin-peri-masallari","status":"publish","type":"product","link":"https:\/\/roveyayinevi.com.tr\/index.php\/urun\/altin-peri-masallari\/","title":{"rendered":"Alt\u0131n Peri Masallar\u0131"},"content":{"rendered":"<p>\u201cALTIN PER\u0130 MASALLARI\u201d, d\u00fcnya masallar\u0131n\u0131n ebedi ba\u015fyap\u0131tlar\u0131ndan olan a\u015fa\u011f\u0131daki se\u00e7me masallar\u0131 i\u00e7ermektedir. K\u00dcL KED\u0130S\u0130HANSEL \u0130LE GRETHEL\u00c7\u0130RK\u0130N VE G\u00dcZELALTIN KAZGR\u0130 FARE PAMUK PRENSES VE YED\u0130 C\u00dcCELER\u015eEYTANIN \u00dc\u00c7 TEL SA\u00c7I<\/p>\n","protected":false},"excerpt":{"rendered":"<p>\u201cALTIN PER\u0130 MASALLARI\u201d, d\u00fcnya masallar\u0131n\u0131n ebedi ba\u015fyap\u0131tlar\u0131ndan olan a\u015fa\u011f\u0131daki se\u00e7me masallar\u0131 i\u00e7ermektedir. K\u00dcL KED\u0130S\u0130HANSEL \u0130LE GRETHEL\u00c7\u0130RK\u0130N VE G\u00dcZELALTIN KAZGR\u0130 FARE PAMUK PRENSES VE YED\u0130 C\u00dcCELER\u015eEYTANIN \u00dc\u00c7<span class=\"excerpt-hellip\"> [\u2026]<\/span><\/p>\n","protected":false},"featured_media":0,"template":"","meta":{"_monsterinsights_skip_tracking":false,"_monsterinsights_sitenote_active":false,"_monsterinsights_sitenote_note":"","_monsterinsights_sitenote_category":0},"product_brand":[],"product_cat":[12274,12523],"product_tag":[],"class_list":{"0":"post-716978","1":"product","2":"type-product","3":"status-publish","5":"product_cat-cocuk-ve-genclik-kitaplari","6":"product_cat-masallar","7":"pa_cilt-ciltsiz","8":"pa_tur-kitap","9":"pa_yayinevi-kozmostar","10":"pa_yazar-kollektif","12":"first","13":"instock","14":"sale","15":"shipping-taxable","16":"purchasable","17":"product-type-simple"},"_links":{"self":[{"href":"https:\/\/roveyayinevi.com.tr\/index.php\/wp-json\/wp\/v2\/product\/716978","targetHints":{"allow":["GET"]}}],"collection":[{"href":"https:\/\/roveyayinevi.com.tr\/index.php\/wp-json\/wp\/v2\/product"}],"about":[{"href":"https:\/\/roveyayinevi.com.tr\/index.php\/wp-json\/wp\/v2\/types\/product"}],"wp:attachment":[{"href":"https:\/\/roveyayinevi.com.tr\/index.php\/wp-json\/wp\/v2\/media?parent=716978"}],"wp:term":[{"taxonomy":"product_brand","embeddable":true,"href":"https:\/\/roveyayinevi.com.tr\/index.php\/wp-json\/wp\/v2\/product_brand?post=716978"},{"taxonomy":"product_cat","embeddable":true,"href":"https:\/\/roveyayinevi.com.tr\/index.php\/wp-json\/wp\/v2\/product_cat?post=716978"},{"taxonomy":"product_tag","embeddable":true,"href":"https:\/\/roveyayinevi.com.tr\/index.php\/wp-json\/wp\/v2\/product_tag?post=716978"}],"curies":[{"name":"wp","href":"https:\/\/api.w.org\/{rel}","templated":true}]}}