{"id":716977,"date":"2025-08-27T17:49:22","date_gmt":"2025-08-27T14:49:22","guid":{"rendered":"https:\/\/roveyayinevi.com.tr\/index.php\/urun\/hayatimin-anilari\/"},"modified":"2026-04-16T02:25:06","modified_gmt":"2026-04-15T23:25:06","slug":"hayatimin-anilari","status":"publish","type":"product","link":"https:\/\/roveyayinevi.com.tr\/index.php\/urun\/hayatimin-anilari\/","title":{"rendered":"Hayat\u0131m\u0131n An\u0131lar\u0131"},"content":{"rendered":"<p>\u015eair Osman Gezmek\u2019in Karadeniz\u2019den Ege\u2019ye uzanan dostluk, a\u015fk, sevgiliye hasret, \u00f6zlem ve gurbet \u015fiirlerini i\u00e7ermektedir.  \u0130stedim ki seninle a\u00e7s\u0131nBahar\u0131m\u0131n g\u00fclleri\u0130stedim ki seninle ta\u015fs\u0131nG\u00f6nl\u00fcm\u00fcn \u00fcmitleri \u0130stedim ki seninle olsunHer g\u00fcn\u00fcn zaman\u0131\u0130stedim ki seninle olsunHer g\u00fcz\u00fcn hazan\u0131 \u0130stedim ki seninle ge\u00e7sinHayat\u0131m\u0131n yollar\u0131\u0130stedim ki seninle bitsin\u00d6mr\u00fcm\u00fcn tamam\u0131<\/p>\n","protected":false},"excerpt":{"rendered":"<p>\u015eair Osman Gezmek\u2019in Karadeniz\u2019den Ege\u2019ye uzanan dostluk, a\u015fk, sevgiliye hasret, \u00f6zlem ve gurbet \u015fiirlerini i\u00e7ermektedir. \u0130stedim ki seninle a\u00e7s\u0131nBahar\u0131m\u0131n g\u00fclleri\u0130stedim ki seninle ta\u015fs\u0131nG\u00f6nl\u00fcm\u00fcn \u00fcmitleri \u0130stedim ki<span class=\"excerpt-hellip\"> [\u2026]<\/span><\/p>\n","protected":false},"featured_media":0,"template":"","meta":{"_monsterinsights_skip_tracking":false,"_monsterinsights_sitenote_active":false,"_monsterinsights_sitenote_note":"","_monsterinsights_sitenote_category":0},"product_brand":[],"product_cat":[12291,12509],"product_tag":[],"class_list":{"0":"post-716977","1":"product","2":"type-product","3":"status-publish","5":"product_cat-edebiyat","6":"product_cat-siir","7":"pa_cilt-ciltsiz","8":"pa_tur-kitap","9":"pa_yayinevi-kozmostar","10":"pa_yazar-osman-gezmek","12":"first","13":"instock","14":"sale","15":"shipping-taxable","16":"purchasable","17":"product-type-simple"},"_links":{"self":[{"href":"https:\/\/roveyayinevi.com.tr\/index.php\/wp-json\/wp\/v2\/product\/716977","targetHints":{"allow":["GET"]}}],"collection":[{"href":"https:\/\/roveyayinevi.com.tr\/index.php\/wp-json\/wp\/v2\/product"}],"about":[{"href":"https:\/\/roveyayinevi.com.tr\/index.php\/wp-json\/wp\/v2\/types\/product"}],"wp:attachment":[{"href":"https:\/\/roveyayinevi.com.tr\/index.php\/wp-json\/wp\/v2\/media?parent=716977"}],"wp:term":[{"taxonomy":"product_brand","embeddable":true,"href":"https:\/\/roveyayinevi.com.tr\/index.php\/wp-json\/wp\/v2\/product_brand?post=716977"},{"taxonomy":"product_cat","embeddable":true,"href":"https:\/\/roveyayinevi.com.tr\/index.php\/wp-json\/wp\/v2\/product_cat?post=716977"},{"taxonomy":"product_tag","embeddable":true,"href":"https:\/\/roveyayinevi.com.tr\/index.php\/wp-json\/wp\/v2\/product_tag?post=716977"}],"curies":[{"name":"wp","href":"https:\/\/api.w.org\/{rel}","templated":true}]}}