{"id":716975,"date":"2025-08-27T17:49:21","date_gmt":"2025-08-27T14:49:21","guid":{"rendered":"https:\/\/roveyayinevi.com.tr\/index.php\/urun\/gunduz-dusu\/"},"modified":"2026-04-16T02:25:06","modified_gmt":"2026-04-15T23:25:06","slug":"gunduz-dusu","status":"publish","type":"product","link":"https:\/\/roveyayinevi.com.tr\/index.php\/urun\/gunduz-dusu\/","title":{"rendered":"G\u00fcnd\u00fcz D\u00fc\u015f\u00fc"},"content":{"rendered":"<p>\u0130ntikam Tohumu Ruha Bir Ker D\u00fc\u015ft\u00fc\u011f\u00fcnde , K\u00f6klerini Salmas\u0131na Hi\u00e7 Bir \u015eey Mani Olamaz..Hayat\u0131, saplant\u0131l\u0131 bir \u00e2\u015f\u0131k taraf\u0131ndan \u00e7al\u0131nan Zeynep; \u00f6fke, hayal k\u0131r\u0131kl\u0131\u011f\u0131 ve ac\u0131yla yo\u011furulan ruhundan ald\u0131\u011f\u0131 g\u00fc\u00e7le ya\u015fad\u0131klar\u0131n\u0131n bedelini \u00f6detmek i\u00e7in yeniden do\u011fdu. Her bir ad\u0131m\u0131n\u0131 titizlikle planlad\u0131\u011f\u0131, hi\u00e7bir \u015feyin onu durdurmas\u0131na izin vermeyece\u011fi bir intikam oyunu yazd\u0131 kendine.   Oysa son diye bir \u015fey yoktu\u2026   Hayat oyununda kaderin da\u011f\u0131tt\u0131\u011f\u0131 roller, tam da bitti derken ba\u015flard\u0131. Hayalini bile kuramad\u0131\u011f\u0131 a\u015fk, bir g\u00fcnd\u00fcz d\u00fc\u015f\u00fcyle \u00e7\u0131kageldi ve en derinlerine s\u0131zd\u0131. Zeynep, kendinden bile vazge\u00e7meyi g\u00f6ze ald\u0131\u011f\u0131 bu yolda, kalbini elinde tutan adamdan vazge\u00e7ebilir miydi? D\u00f6n\u00fc\u015f\u00fc olmayan bir intikam yemini ve yaln\u0131zca bir kere ya\u015fanacak bir a\u015fk aras\u0131ndaki sava\u015f\u0131n, kazanan\u0131 olur muydu? <\/p>\n","protected":false},"excerpt":{"rendered":"<p>\u0130ntikam Tohumu Ruha Bir Ker D\u00fc\u015ft\u00fc\u011f\u00fcnde , K\u00f6klerini Salmas\u0131na Hi\u00e7 Bir \u015eey Mani Olamaz..Hayat\u0131, saplant\u0131l\u0131 bir \u00e2\u015f\u0131k taraf\u0131ndan \u00e7al\u0131nan Zeynep; \u00f6fke, hayal k\u0131r\u0131kl\u0131\u011f\u0131 ve ac\u0131yla yo\u011furulan<span class=\"excerpt-hellip\"> [\u2026]<\/span><\/p>\n","protected":false},"featured_media":0,"template":"","meta":{"_monsterinsights_skip_tracking":false,"_monsterinsights_sitenote_active":false,"_monsterinsights_sitenote_note":"","_monsterinsights_sitenote_category":0},"product_brand":[],"product_cat":[12291,12711],"product_tag":[],"class_list":{"0":"post-716975","1":"product","2":"type-product","3":"status-publish","5":"product_cat-edebiyat","6":"product_cat-roman-oyku","7":"pa_cilt-ciltsiz","8":"pa_tur-kitap","9":"pa_yayinevi-ephesus-yayinlari","10":"pa_yazar-gulcin-ozbek-kuyumcu","12":"first","13":"instock","14":"sale","15":"shipping-taxable","16":"purchasable","17":"product-type-simple"},"_links":{"self":[{"href":"https:\/\/roveyayinevi.com.tr\/index.php\/wp-json\/wp\/v2\/product\/716975","targetHints":{"allow":["GET"]}}],"collection":[{"href":"https:\/\/roveyayinevi.com.tr\/index.php\/wp-json\/wp\/v2\/product"}],"about":[{"href":"https:\/\/roveyayinevi.com.tr\/index.php\/wp-json\/wp\/v2\/types\/product"}],"wp:attachment":[{"href":"https:\/\/roveyayinevi.com.tr\/index.php\/wp-json\/wp\/v2\/media?parent=716975"}],"wp:term":[{"taxonomy":"product_brand","embeddable":true,"href":"https:\/\/roveyayinevi.com.tr\/index.php\/wp-json\/wp\/v2\/product_brand?post=716975"},{"taxonomy":"product_cat","embeddable":true,"href":"https:\/\/roveyayinevi.com.tr\/index.php\/wp-json\/wp\/v2\/product_cat?post=716975"},{"taxonomy":"product_tag","embeddable":true,"href":"https:\/\/roveyayinevi.com.tr\/index.php\/wp-json\/wp\/v2\/product_tag?post=716975"}],"curies":[{"name":"wp","href":"https:\/\/api.w.org\/{rel}","templated":true}]}}