{"id":716970,"date":"2025-08-27T17:49:18","date_gmt":"2025-08-27T14:49:18","guid":{"rendered":"https:\/\/roveyayinevi.com.tr\/index.php\/urun\/esirgeyen-gokyuzu\/"},"modified":"2026-04-16T02:25:06","modified_gmt":"2026-04-15T23:25:06","slug":"esirgeyen-gokyuzu","status":"publish","type":"product","link":"https:\/\/roveyayinevi.com.tr\/index.php\/urun\/esirgeyen-gokyuzu\/","title":{"rendered":"Esirgeyen G\u00f6ky\u00fcz\u00fc"},"content":{"rendered":"<p>Kit ve Port Moresby, New York\u2019un ayd\u0131n \u00e7evresinden ka\u00e7mak ve sorunlu evliliklerini yoluna koymak i\u00e7in solu\u011fu Kuzey Afrika\u2019da alm\u0131\u015f Amerikal\u0131 bir \u00e7ifttir. Ba\u015fta g\u00f6rkemli co\u011frafya onlar\u0131 etkisi alt\u0131na alsa da, bu bilinmez d\u00fcnyan\u0131n tehlikeleri \u00e7ok ge\u00e7meden pe\u015flerine d\u00fc\u015fecektir. Bu iki insan, aralar\u0131ndaki u\u00e7urum geni\u015fledik\u00e7e de\u011ferlerinden ve inan\u00e7lar\u0131ndan uzakla\u015ft\u0131klar\u0131n\u0131n fark\u0131na var\u0131r; dahas\u0131, yaln\u0131z birbirlerini de\u011fil, hayatlar\u0131n\u0131 da kaybetme tehlikesiyle kar\u015f\u0131 kar\u015f\u0131yad\u0131rlar. Modernizmin ayk\u0131r\u0131 ustalar\u0131ndan Paul Bowles\u2019un ilk roman\u0131 olan Esirgeyen G\u00f6ky\u00fcz\u00fc, s\u00f6m\u00fcrgecilik sonras\u0131 Afrika ger\u00e7e\u011fiyle Bat\u0131l\u0131 okuru ilk defa y\u00fczle\u015ftirmi\u015ftir. Medeniyetin tekinsiz ve ka\u00e7\u0131n\u0131lmaz sonu\u00e7lar\u0131n\u0131n u\u00e7suz bucaks\u0131z bir \u00e7\u00f6le g\u00f6lgesini d\u00fc\u015f\u00fcrd\u00fc\u011f\u00fc bu trajik yol hik\u00e2yesi, yaz\u0131ld\u0131\u011f\u0131 zamanki yal\u0131nl\u0131\u011f\u0131 ve \u015fiddeti h\u00e2l\u00e2 koruyan bir modern klasik. <\/p>\n","protected":false},"excerpt":{"rendered":"<p>Kit ve Port Moresby, New York\u2019un ayd\u0131n \u00e7evresinden ka\u00e7mak ve sorunlu evliliklerini yoluna koymak i\u00e7in solu\u011fu Kuzey Afrika\u2019da alm\u0131\u015f Amerikal\u0131 bir \u00e7ifttir. Ba\u015fta g\u00f6rkemli co\u011frafya onlar\u0131<span class=\"excerpt-hellip\"> [\u2026]<\/span><\/p>\n","protected":false},"featured_media":0,"template":"","meta":{"_monsterinsights_skip_tracking":false,"_monsterinsights_sitenote_active":false,"_monsterinsights_sitenote_note":"","_monsterinsights_sitenote_category":0},"product_brand":[],"product_cat":[12291,12711],"product_tag":[],"class_list":{"0":"post-716970","1":"product","2":"type-product","3":"status-publish","5":"product_cat-edebiyat","6":"product_cat-roman-oyku","7":"pa_cilt-ciltsiz","8":"pa_tur-kitap","9":"pa_yayinevi-can-yayinlari","10":"pa_yazar-paul-bowles","12":"first","13":"instock","14":"sale","15":"shipping-taxable","16":"purchasable","17":"product-type-simple"},"_links":{"self":[{"href":"https:\/\/roveyayinevi.com.tr\/index.php\/wp-json\/wp\/v2\/product\/716970","targetHints":{"allow":["GET"]}}],"collection":[{"href":"https:\/\/roveyayinevi.com.tr\/index.php\/wp-json\/wp\/v2\/product"}],"about":[{"href":"https:\/\/roveyayinevi.com.tr\/index.php\/wp-json\/wp\/v2\/types\/product"}],"wp:attachment":[{"href":"https:\/\/roveyayinevi.com.tr\/index.php\/wp-json\/wp\/v2\/media?parent=716970"}],"wp:term":[{"taxonomy":"product_brand","embeddable":true,"href":"https:\/\/roveyayinevi.com.tr\/index.php\/wp-json\/wp\/v2\/product_brand?post=716970"},{"taxonomy":"product_cat","embeddable":true,"href":"https:\/\/roveyayinevi.com.tr\/index.php\/wp-json\/wp\/v2\/product_cat?post=716970"},{"taxonomy":"product_tag","embeddable":true,"href":"https:\/\/roveyayinevi.com.tr\/index.php\/wp-json\/wp\/v2\/product_tag?post=716970"}],"curies":[{"name":"wp","href":"https:\/\/api.w.org\/{rel}","templated":true}]}}