{"id":716969,"date":"2025-08-27T17:49:17","date_gmt":"2025-08-27T14:49:17","guid":{"rendered":"https:\/\/roveyayinevi.com.tr\/index.php\/urun\/gul-ve-sevda\/"},"modified":"2026-04-16T02:25:06","modified_gmt":"2026-04-15T23:25:06","slug":"gul-ve-sevda","status":"publish","type":"product","link":"https:\/\/roveyayinevi.com.tr\/index.php\/urun\/gul-ve-sevda\/","title":{"rendered":"G\u00fcl ve Sevda"},"content":{"rendered":"<p>D\u00fcnyal\u0131 biriyim sadece.Ne kendimi bilmi\u015fim, ne de kendimden ge\u00e7mi\u015fim. Yolcuyum. Yolum, u\u011frak yeri olmayan herhangi bir yer de\u011fil, ak\u0131\u015f\u0131nda giden hayat\u0131n i\u00e7inde, sessiz g\u00f6lgeliklerin durgun sular\u0131nda bo\u011fulmak \u00fczere konaklamak zorunda kald\u0131ktan sonra devam etti\u011fim yer.Ne \u00e7ok ac\u0131lar var, ne \u00e7ok sevda art\u0131\u011f\u0131 bir\u00e7ok c\u00fcmle\u2026 Ne \u00e7ok sen var d\u00fcnyada, ne \u00e7ok ben\u2026 \u015eimdi elimde bir asa, nereye gitti\u011fini bilmeyen bir yolcuyum, umman olan yaln\u0131zl\u0131\u011f\u0131m\u0131n tam da ortas\u0131nda; \u00e7aresiz, bedevi ve hayattan kalan birka\u00e7 par\u00e7a tozlanm\u0131\u015f umutla beraber ilmek ilmek bo\u011fumlanm\u0131\u015f hayat\u0131n kilit noktalar\u0131na do\u011fru pey-der-pey varmak \u00fczere sevda yan\u0131\u011f\u0131, susuzlu\u011funu par\u00e7alayarak kendine kabir haz\u0131rlayan biriyim.  Beni ya\u015fatan o umutlar olmasa, yolum buradan ge\u00e7mezdi. Yolum buradan ge\u00e7mezdi \u00e7\u00fcnk\u00fc ba\u015fka bir yol tercih ederdim, ne kendime dair, ne sana dair ne de bir ba\u015fkas\u0131na\u2026G\u00fclnur G\u00fcndo\u011fan&#8217;\u0131n kaleminden, G\u00dcL VE SEVDA, duygular\u0131n\u0131z\u0131 yeniden canland\u0131racak, hayat\u0131n\u0131z\u0131n g\u00f6kku\u015fa\u011f\u0131na yepyeni renkler katacak, sayfalar\u0131nda kendinize dair \u00e7ok \u015feyler bulaca\u011f\u0131n\u0131z,  okurlar\u0131na bamba\u015fka kap\u0131lar aralayacak bir roman&#8230; <\/p>\n","protected":false},"excerpt":{"rendered":"<p>D\u00fcnyal\u0131 biriyim sadece.Ne kendimi bilmi\u015fim, ne de kendimden ge\u00e7mi\u015fim. Yolcuyum. Yolum, u\u011frak yeri olmayan herhangi bir yer de\u011fil, ak\u0131\u015f\u0131nda giden hayat\u0131n i\u00e7inde, sessiz g\u00f6lgeliklerin durgun sular\u0131nda<span class=\"excerpt-hellip\"> [\u2026]<\/span><\/p>\n","protected":false},"featured_media":0,"template":"","meta":{"_monsterinsights_skip_tracking":false,"_monsterinsights_sitenote_active":false,"_monsterinsights_sitenote_note":"","_monsterinsights_sitenote_category":0},"product_brand":[],"product_cat":[12291,12711],"product_tag":[],"class_list":{"0":"post-716969","1":"product","2":"type-product","3":"status-publish","5":"product_cat-edebiyat","6":"product_cat-roman-oyku","7":"pa_cilt-ciltsiz","8":"pa_tur-kitap","9":"pa_yayinevi-cinaralti-yayinlari","10":"pa_yazar-gulnur-gundogan","12":"first","13":"instock","14":"sale","15":"shipping-taxable","16":"purchasable","17":"product-type-simple"},"_links":{"self":[{"href":"https:\/\/roveyayinevi.com.tr\/index.php\/wp-json\/wp\/v2\/product\/716969","targetHints":{"allow":["GET"]}}],"collection":[{"href":"https:\/\/roveyayinevi.com.tr\/index.php\/wp-json\/wp\/v2\/product"}],"about":[{"href":"https:\/\/roveyayinevi.com.tr\/index.php\/wp-json\/wp\/v2\/types\/product"}],"wp:attachment":[{"href":"https:\/\/roveyayinevi.com.tr\/index.php\/wp-json\/wp\/v2\/media?parent=716969"}],"wp:term":[{"taxonomy":"product_brand","embeddable":true,"href":"https:\/\/roveyayinevi.com.tr\/index.php\/wp-json\/wp\/v2\/product_brand?post=716969"},{"taxonomy":"product_cat","embeddable":true,"href":"https:\/\/roveyayinevi.com.tr\/index.php\/wp-json\/wp\/v2\/product_cat?post=716969"},{"taxonomy":"product_tag","embeddable":true,"href":"https:\/\/roveyayinevi.com.tr\/index.php\/wp-json\/wp\/v2\/product_tag?post=716969"}],"curies":[{"name":"wp","href":"https:\/\/api.w.org\/{rel}","templated":true}]}}