{"id":716967,"date":"2025-08-27T17:49:15","date_gmt":"2025-08-27T14:49:15","guid":{"rendered":"https:\/\/roveyayinevi.com.tr\/index.php\/urun\/torpil-degil-networking\/"},"modified":"2026-04-16T02:25:06","modified_gmt":"2026-04-15T23:25:06","slug":"torpil-degil-networking","status":"publish","type":"product","link":"https:\/\/roveyayinevi.com.tr\/index.php\/urun\/torpil-degil-networking\/","title":{"rendered":"Torpil De\u011fil Networking"},"content":{"rendered":"<p>D\u00fcnyadaki her insana, yani akl\u0131n\u0131za gelebilecek herkese en fazla alt\u0131 arkada\u015f kadar uzaks\u0131n\u0131z. Hayran\u0131 oldu\u011funuz bir m\u00fczik grubunun gitaristine de, her kitab\u0131n\u0131 okudu\u011funuz bir yazara da, hi\u00e7bir filmini ka\u00e7\u0131rmad\u0131\u011f\u0131n\u0131z bir oyuncuya da&#8230; Yery\u00fcz\u00fcndeki herkes birbiriyle \u00f6yle ya da b\u00f6yle bir \u015fekilde ba\u011flant\u0131l\u0131.   \u0130li\u015fki a\u011flar\u0131n\u0131z\u0131 nas\u0131l geni\u015fletirsiniz, bunun kariyerinize etkisi nedir ? Peki, bunu yaparken dikkat etmeniz gereken en \u00f6nemli noktalar nelerdir ? \u0130\u015fte t\u00fcm bu sorular\u0131n\u0131z\u0131n cevab\u0131n\u0131 bulabilece\u011finiz harika il\u00fcstrasyonlarla dolu, reng\u00e2renk, ne\u015feli ve bir o kadar da yararl\u0131 \u00f6nerilerle dolu bir kitap. Konunun uzmanlar\u0131 I\u015f\u0131l Taysever ve \u0130dil T\u00fcrkmeno\u011flu\u2019ndan s\u00fcrekli yan\u0131n\u0131zda ta\u015f\u0131mak isteyece\u011finiz bir kitap, Torpil De\u011fil, Networking\u2026 Elma Yay\u0131nevi\u2019den siz okuyucular\u0131m\u0131za\u2026 <\/p>\n","protected":false},"excerpt":{"rendered":"<p>D\u00fcnyadaki her insana, yani akl\u0131n\u0131za gelebilecek herkese en fazla alt\u0131 arkada\u015f kadar uzaks\u0131n\u0131z. Hayran\u0131 oldu\u011funuz bir m\u00fczik grubunun gitaristine de, her kitab\u0131n\u0131 okudu\u011funuz bir yazara da,<span class=\"excerpt-hellip\"> [\u2026]<\/span><\/p>\n","protected":false},"featured_media":0,"template":"","meta":{"_monsterinsights_skip_tracking":false,"_monsterinsights_sitenote_active":false,"_monsterinsights_sitenote_note":"","_monsterinsights_sitenote_category":0},"product_brand":[],"product_cat":[13043,17647],"product_tag":[],"class_list":{"0":"post-716967","1":"product","2":"type-product","3":"status-publish","5":"product_cat-ekonomi","6":"product_cat-is-dunyasi","7":"pa_cilt-ciltsiz","8":"pa_tur-kitap","9":"pa_yayinevi-elma-yayinevi","10":"pa_yazar-isil-taysever-idil-turkmenoglu","12":"first","13":"instock","14":"sale","15":"shipping-taxable","16":"purchasable","17":"product-type-simple"},"_links":{"self":[{"href":"https:\/\/roveyayinevi.com.tr\/index.php\/wp-json\/wp\/v2\/product\/716967","targetHints":{"allow":["GET"]}}],"collection":[{"href":"https:\/\/roveyayinevi.com.tr\/index.php\/wp-json\/wp\/v2\/product"}],"about":[{"href":"https:\/\/roveyayinevi.com.tr\/index.php\/wp-json\/wp\/v2\/types\/product"}],"wp:attachment":[{"href":"https:\/\/roveyayinevi.com.tr\/index.php\/wp-json\/wp\/v2\/media?parent=716967"}],"wp:term":[{"taxonomy":"product_brand","embeddable":true,"href":"https:\/\/roveyayinevi.com.tr\/index.php\/wp-json\/wp\/v2\/product_brand?post=716967"},{"taxonomy":"product_cat","embeddable":true,"href":"https:\/\/roveyayinevi.com.tr\/index.php\/wp-json\/wp\/v2\/product_cat?post=716967"},{"taxonomy":"product_tag","embeddable":true,"href":"https:\/\/roveyayinevi.com.tr\/index.php\/wp-json\/wp\/v2\/product_tag?post=716967"}],"curies":[{"name":"wp","href":"https:\/\/api.w.org\/{rel}","templated":true}]}}