{"id":716966,"date":"2025-08-27T17:49:15","date_gmt":"2025-08-27T14:49:15","guid":{"rendered":"https:\/\/roveyayinevi.com.tr\/index.php\/urun\/benim-sevgili-unlulerim\/"},"modified":"2026-04-15T02:34:04","modified_gmt":"2026-04-14T23:34:04","slug":"benim-sevgili-unlulerim","status":"publish","type":"product","link":"https:\/\/roveyayinevi.com.tr\/index.php\/urun\/benim-sevgili-unlulerim\/","title":{"rendered":"Benim Sevgili \u00dcnl\u00fclerim"},"content":{"rendered":"<p>\u201cBenim Sevgili \u00dcnl\u00fclerim\u201d kitab\u0131nda \u0130pek Tekil ki\u015fisel an\u0131lar\u0131yla i\u00e7 i\u00e7e ge\u00e7mi\u015f olan sanat-edebiyat d\u00fcnyas\u0131ndan an\u0131lar\u0131n\u0131, yak\u0131n tarihin \u00f6nemli olaylar\u0131n\u0131, yerlerini yumu\u015fak anlat\u0131m\u0131 ile aktar\u0131yor. Al\u00e7ak g\u00f6n\u00fcll\u00fc i\u00e7tenli\u011fi ile sanki s\u0131radan bir an\u0131 gibi sunduklar\u0131n\u0131n hepsinin de kahraman\u0131 birer \u00fcnl\u00fc ki\u015fidir asl\u0131nda\u2026An\u0131lar\u0131ndaki \u00fcnl\u00fc isimlerin, \u0130pek\u2019in ya\u015fant\u0131s\u0131na u\u011fray\u0131\u015flar\u0131n\u0131, kimi zaman buruk bir i\u00e7 \u00e7eki\u015fle, kimi zaman y\u00fcz\u00fcn\u00fczde g\u00fcl\u00fcmsemeyle okuyacaks\u0131n\u0131z. \u0130pek, duygu insan\u0131d\u0131r. Sevecenlik g\u00f6zlerinde parlar, \u00e7ocuklara ta\u015far. Olumlayan, bar\u0131\u015ft\u0131ran, iyiye yoran bir iyimserdir \u0130pek. Biraz utanga\u00e7 ve k\u0131zarm\u0131\u015ft\u0131r yanaklar\u0131, konu a\u015fklara gelince.Kad\u0131nlar\u0131 \u00e7izer. Boynu b\u00fck\u00fck kad\u0131nlard\u0131r hepsi de. Boynu b\u00fck\u00fckl\u00fc\u011f\u00fcn i\u00e7inde masum bir gurur saklan\u0131r. Bir s\u00f6yle\u015fide \u201cTablolar\u0131mda annemin sa\u00e7 buklesi, teyzemin inci kolyesi bir yerlere sinmi\u015ftir,\u201d diyor. An\u0131lara do\u011fru g\u00f6zleri dal\u0131nca, \u00e7\u00f6ken h\u00fczn\u00fc de bir anda ge\u00e7i\u015ftirir. \u0130pek i\u00e7in a\u015fk yo\u011fun bir duygudur ve y\u00e2re kavu\u015fulamayan bir yerlerde ya\u015fanan h\u00fcz\u00fcnle noktalan\u0131r. <\/p>\n","protected":false},"excerpt":{"rendered":"<p>\u201cBenim Sevgili \u00dcnl\u00fclerim\u201d kitab\u0131nda \u0130pek Tekil ki\u015fisel an\u0131lar\u0131yla i\u00e7 i\u00e7e ge\u00e7mi\u015f olan sanat-edebiyat d\u00fcnyas\u0131ndan an\u0131lar\u0131n\u0131, yak\u0131n tarihin \u00f6nemli olaylar\u0131n\u0131, yerlerini yumu\u015fak anlat\u0131m\u0131 ile aktar\u0131yor. Al\u00e7ak g\u00f6n\u00fcll\u00fc<span class=\"excerpt-hellip\"> [\u2026]<\/span><\/p>\n","protected":false},"featured_media":0,"template":"","meta":{"_monsterinsights_skip_tracking":false,"_monsterinsights_sitenote_active":false,"_monsterinsights_sitenote_note":"","_monsterinsights_sitenote_category":0},"product_brand":[],"product_cat":[14009,12291],"product_tag":[],"class_list":{"0":"post-716966","1":"product","2":"type-product","3":"status-publish","5":"product_cat-biyografi-otobiyografi-edebiyat","6":"product_cat-edebiyat","7":"pa_cilt-ciltsiz","8":"pa_tur-kitap","9":"pa_yayinevi-berfin-yayinlari","10":"pa_yazar-ipek-tekil","12":"first","13":"instock","14":"sale","15":"shipping-taxable","16":"purchasable","17":"product-type-simple"},"_links":{"self":[{"href":"https:\/\/roveyayinevi.com.tr\/index.php\/wp-json\/wp\/v2\/product\/716966","targetHints":{"allow":["GET"]}}],"collection":[{"href":"https:\/\/roveyayinevi.com.tr\/index.php\/wp-json\/wp\/v2\/product"}],"about":[{"href":"https:\/\/roveyayinevi.com.tr\/index.php\/wp-json\/wp\/v2\/types\/product"}],"wp:attachment":[{"href":"https:\/\/roveyayinevi.com.tr\/index.php\/wp-json\/wp\/v2\/media?parent=716966"}],"wp:term":[{"taxonomy":"product_brand","embeddable":true,"href":"https:\/\/roveyayinevi.com.tr\/index.php\/wp-json\/wp\/v2\/product_brand?post=716966"},{"taxonomy":"product_cat","embeddable":true,"href":"https:\/\/roveyayinevi.com.tr\/index.php\/wp-json\/wp\/v2\/product_cat?post=716966"},{"taxonomy":"product_tag","embeddable":true,"href":"https:\/\/roveyayinevi.com.tr\/index.php\/wp-json\/wp\/v2\/product_tag?post=716966"}],"curies":[{"name":"wp","href":"https:\/\/api.w.org\/{rel}","templated":true}]}}