{"id":716965,"date":"2025-08-27T17:49:14","date_gmt":"2025-08-27T14:49:14","guid":{"rendered":"https:\/\/roveyayinevi.com.tr\/index.php\/urun\/dunyanin-cekmeceleri\/"},"modified":"2026-04-12T02:30:29","modified_gmt":"2026-04-11T23:30:29","slug":"dunyanin-cekmeceleri","status":"publish","type":"product","link":"https:\/\/roveyayinevi.com.tr\/index.php\/urun\/dunyanin-cekmeceleri\/","title":{"rendered":"D\u00fcnyan\u0131n \u00c7ekmeceleri"},"content":{"rendered":"<p>\u201cHayat\u0131 tek c\u00fcmle gibi g\u00f6rd\u00fcn, devrik bir c\u00fcmle gibi okudun. Kesik yazd\u0131n. Yazd\u0131klar\u0131n\u0131 en fazla \u00fcst\u00fcnk\u00f6r\u00fc bir te\u011felle birle\u015ftirdin. Tek kelimeye s\u0131\u011fd\u0131rd\u0131n dualar\u0131, korkular\u0131, umutlar\u0131. Her ne biliyorsan tek kelimenin \u0131\u015f\u0131\u011f\u0131nda sana yetti.\u201d Suavi Kemal Yazg\u0131\u00e7, D\u00fcnyan\u0131n \u00c7ekmeceleri\u2019nde lirik anlat\u0131m\u0131 ve sembollerle kurdu\u011fu dil ile hayal ve ger\u00e7ek aras\u0131nda gezindiriyor karakterlerini. \u00dcstelik b\u00fct\u00fcn bunlar\u0131 tezah\u00fcrats\u0131z ve belli belirsiz seyredilen bir izlek do\u011frultusunda kolayl\u0131kla ba\u015far\u0131yor. Kelimelerin z\u0131tl\u0131klar\u0131yla raptedildi\u011fi, anlamlar\u0131n okuduk\u00e7a da\u011f\u0131ld\u0131\u011f\u0131 ve da\u011f\u0131ld\u0131k\u00e7a geni\u015fleyen \u00e7emberlerin i\u00e7erisinde ke\u015ffedilmeyi bekledi\u011fi bu \u00f6yk\u00fclerde; kay\u0131p, \u00f6l\u00fcm, k\u0131rg\u0131nl\u0131k gibi temalara de\u011finilerek insan\u0131n i\u00e7 d\u00fcnyas\u0131na dair zengin bir bak\u0131\u015f sunuluyor. <\/p>\n","protected":false},"excerpt":{"rendered":"<p>\u201cHayat\u0131 tek c\u00fcmle gibi g\u00f6rd\u00fcn, devrik bir c\u00fcmle gibi okudun. Kesik yazd\u0131n. Yazd\u0131klar\u0131n\u0131 en fazla \u00fcst\u00fcnk\u00f6r\u00fc bir te\u011felle birle\u015ftirdin. Tek kelimeye s\u0131\u011fd\u0131rd\u0131n dualar\u0131, korkular\u0131, umutlar\u0131. Her<span class=\"excerpt-hellip\"> [\u2026]<\/span><\/p>\n","protected":false},"featured_media":0,"template":"","meta":{"_monsterinsights_skip_tracking":false,"_monsterinsights_sitenote_active":false,"_monsterinsights_sitenote_note":"","_monsterinsights_sitenote_category":0},"product_brand":[],"product_cat":[12291,12711],"product_tag":[],"class_list":{"0":"post-716965","1":"product","2":"type-product","3":"status-publish","5":"product_cat-edebiyat","6":"product_cat-roman-oyku","7":"pa_cilt-ciltsiz","8":"pa_tur-kitap","9":"pa_yayinevi-profil-kitap","10":"pa_yazar-suavi-kemal-yazgic","12":"first","13":"instock","14":"sale","15":"shipping-taxable","16":"purchasable","17":"product-type-simple"},"_links":{"self":[{"href":"https:\/\/roveyayinevi.com.tr\/index.php\/wp-json\/wp\/v2\/product\/716965","targetHints":{"allow":["GET"]}}],"collection":[{"href":"https:\/\/roveyayinevi.com.tr\/index.php\/wp-json\/wp\/v2\/product"}],"about":[{"href":"https:\/\/roveyayinevi.com.tr\/index.php\/wp-json\/wp\/v2\/types\/product"}],"wp:attachment":[{"href":"https:\/\/roveyayinevi.com.tr\/index.php\/wp-json\/wp\/v2\/media?parent=716965"}],"wp:term":[{"taxonomy":"product_brand","embeddable":true,"href":"https:\/\/roveyayinevi.com.tr\/index.php\/wp-json\/wp\/v2\/product_brand?post=716965"},{"taxonomy":"product_cat","embeddable":true,"href":"https:\/\/roveyayinevi.com.tr\/index.php\/wp-json\/wp\/v2\/product_cat?post=716965"},{"taxonomy":"product_tag","embeddable":true,"href":"https:\/\/roveyayinevi.com.tr\/index.php\/wp-json\/wp\/v2\/product_tag?post=716965"}],"curies":[{"name":"wp","href":"https:\/\/api.w.org\/{rel}","templated":true}]}}