{"id":716964,"date":"2025-08-27T17:49:13","date_gmt":"2025-08-27T14:49:13","guid":{"rendered":"https:\/\/roveyayinevi.com.tr\/index.php\/urun\/demokrasinin-olumu-hitlerin-yukselisi-ve-weimar-cumhuriyetinin-cokusu\/"},"modified":"2026-04-16T02:25:06","modified_gmt":"2026-04-15T23:25:06","slug":"demokrasinin-olumu-hitlerin-yukselisi-ve-weimar-cumhuriyetinin-cokusu","status":"publish","type":"product","link":"https:\/\/roveyayinevi.com.tr\/index.php\/urun\/demokrasinin-olumu-hitlerin-yukselisi-ve-weimar-cumhuriyetinin-cokusu\/","title":{"rendered":"Demokrasinin \u00d6l\u00fcm\u00fc &#8211; Hitler\u2019in Y\u00fckseli\u015fi Ve We\u0131mar Cumhuriyeti\u2019nin \u00c7\u00f6k\u00fc\u015f\u00fc"},"content":{"rendered":"<p>Nazi Partisi\u2019nin iktidara y\u00fckseli\u015fi\u2026 Weimar Cumhuriyeti\u2019nin acizli\u011fi\u2026 \u00d6ng\u00f6r\u00fcs\u00fcz Alman siyaset\u00e7ilerin bu durumu kolayla\u015ft\u0131ran kararlar\u0131\u2026 Fazla iyimser planlarla yetki verilen Hitler\u2019in Almanya\u2019y\u0131 korkun\u00e7 bir diktat\u00f6rl\u00fc\u011fe d\u00f6n\u00fc\u015ft\u00fcrmesi\u2026 Demokrasinin ne kadar k\u0131r\u0131lgan oldu\u011funun ve nihayetinde \u00f6ld\u00fc\u011f\u00fcn\u00fcn sars\u0131c\u0131 ve s\u00fcr\u00fckleyici hik\u00e2yesi\u2026 Nas\u0131l oldu da 1930\u2019lar\u0131n Almanya\u2019s\u0131nda demokrasi bir anda ve tamamen ortadan kalkabildi? Demokratik bir h\u00fck\u00fcmet Hitler\u2019in iktidar\u0131 ele ge\u00e7irmesine nas\u0131l m\u00fcsaade edebildi? Benjamin Carter Hett, Demokrasinin \u00d6l\u00fcm\u00fc\u2019nde, g\u00fcn\u00fcm\u00fcze dair rahats\u0131z edici benzerlikler bar\u0131nd\u0131ran tespitleriyle bu sorular\u0131 cevapland\u0131r\u0131rken \u015fu \u00e7arp\u0131c\u0131 yorumuyla da dikkatleri \u00e7ekiyor: \u201cBir\u00e7ok Alman\u2019\u0131n Hitler\u2019i desteklemesinin temel sebebi, Nazilerin rasyonel ve ger\u00e7ek\u00e7i d\u00fcnyay\u0131 reddetmesidir.\u201d <\/p>\n","protected":false},"excerpt":{"rendered":"<p>Nazi Partisi\u2019nin iktidara y\u00fckseli\u015fi\u2026 Weimar Cumhuriyeti\u2019nin acizli\u011fi\u2026 \u00d6ng\u00f6r\u00fcs\u00fcz Alman siyaset\u00e7ilerin bu durumu kolayla\u015ft\u0131ran kararlar\u0131\u2026 Fazla iyimser planlarla yetki verilen Hitler\u2019in Almanya\u2019y\u0131 korkun\u00e7 bir diktat\u00f6rl\u00fc\u011fe d\u00f6n\u00fc\u015ft\u00fcrmesi\u2026 Demokrasinin<span class=\"excerpt-hellip\"> [\u2026]<\/span><\/p>\n","protected":false},"featured_media":0,"template":"","meta":{"_monsterinsights_skip_tracking":false,"_monsterinsights_sitenote_active":false,"_monsterinsights_sitenote_note":"","_monsterinsights_sitenote_category":0},"product_brand":[],"product_cat":[12370,12304],"product_tag":[],"class_list":{"0":"post-716964","1":"product","2":"type-product","3":"status-publish","5":"product_cat-arastirma-inceleme","6":"product_cat-tarih","7":"pa_cilt-ciltsiz","8":"pa_tur-kitap","9":"pa_yayinevi-profil-kitap","10":"pa_yazar-benjamin-carter-hett","12":"first","13":"instock","14":"sale","15":"shipping-taxable","16":"purchasable","17":"product-type-simple"},"_links":{"self":[{"href":"https:\/\/roveyayinevi.com.tr\/index.php\/wp-json\/wp\/v2\/product\/716964","targetHints":{"allow":["GET"]}}],"collection":[{"href":"https:\/\/roveyayinevi.com.tr\/index.php\/wp-json\/wp\/v2\/product"}],"about":[{"href":"https:\/\/roveyayinevi.com.tr\/index.php\/wp-json\/wp\/v2\/types\/product"}],"wp:attachment":[{"href":"https:\/\/roveyayinevi.com.tr\/index.php\/wp-json\/wp\/v2\/media?parent=716964"}],"wp:term":[{"taxonomy":"product_brand","embeddable":true,"href":"https:\/\/roveyayinevi.com.tr\/index.php\/wp-json\/wp\/v2\/product_brand?post=716964"},{"taxonomy":"product_cat","embeddable":true,"href":"https:\/\/roveyayinevi.com.tr\/index.php\/wp-json\/wp\/v2\/product_cat?post=716964"},{"taxonomy":"product_tag","embeddable":true,"href":"https:\/\/roveyayinevi.com.tr\/index.php\/wp-json\/wp\/v2\/product_tag?post=716964"}],"curies":[{"name":"wp","href":"https:\/\/api.w.org\/{rel}","templated":true}]}}