{"id":716963,"date":"2025-08-27T17:49:13","date_gmt":"2025-08-27T14:49:13","guid":{"rendered":"https:\/\/roveyayinevi.com.tr\/index.php\/urun\/kamcatka\/"},"modified":"2026-04-16T02:25:06","modified_gmt":"2026-04-15T23:25:06","slug":"kamcatka","status":"publish","type":"product","link":"https:\/\/roveyayinevi.com.tr\/index.php\/urun\/kamcatka\/","title":{"rendered":"Kam\u00e7atka"},"content":{"rendered":"<p>Karag\u00f6z&#8217;\u00fcn yaz\u0131lar\u0131n\u0131n k\u00f6pr\u00fc in\u015fa etmek gibi \u00e7ok \u00f6nemli bir \u00f6zelli\u011fi var. Samed Karag\u00f6z k\u00f6pr\u00fcleri yakman\u0131n marifet say\u0131ld\u0131\u011f\u0131 bir d\u00f6nemde cesaret g\u00f6steren nadir yazarlardan.Kutlu\u011f AtamanKonu sanat oldu\u011funda k\u00fclt\u00fcrel hegemonyadan yak\u0131n\u0131p durmak kolay! Peki sen ne yap\u0131yorsun? &#8220;Bizim taraf&#8221;\u0131n \u00f6zellikle modern sanat kar\u015f\u0131s\u0131ndaki tembellikle inkar aras\u0131nda sal\u0131n\u0131p durmas\u0131 anla\u015f\u0131l\u0131r gibi de\u011fil&#8230; Samed Karag\u00f6z yaln\u0131z sava\u015f\u00e7\u0131&#8230; Sorguluyor, anlamaya \u00e7al\u0131\u015f\u0131yor, ele\u015ftiriyor, seviyor&#8230; Merakl\u0131s\u0131 mutlaka okumal\u0131! Ha\u015fmet Babao\u011fluSamed Karag\u00f6z ne nostaljiyle yakla\u015f\u0131yor sanat eserlerine ne de ara\u00e7sal. Sanat\u0131n ger\u00e7ekte ne i\u015fe yarad\u0131\u011f\u0131 ve hangi sebeplerle yer yer bo\u015f bir \u00e7er\u00e7eveye d\u00f6n\u00fc\u015ft\u00fc\u011f\u00fcne dair sorular ortaya koyuyor. \u0130nsanl\u0131\u011f\u0131n ac\u0131lar\u0131n\u0131 g\u00f6rmeyen, esnas\u0131nda ac\u0131 duyuran b\u00fcy\u00fck yaralar\u0131 bile birer seyirlik malzeme d\u00f6n\u00fc\u015ft\u00fcren end\u00fcstriler kar\u015f\u0131s\u0131nda ba\u015fka t\u00fcrl\u00fc bir varl\u0131k g\u00f6steren bir sanat\u0131 kim nas\u0131l olu\u015fturuyor&#8230; Sanat, hayat olarak ger\u00e7ekle\u015fmeye \u00e7al\u0131\u015f\u0131rken bize neler s\u00f6yl\u00fcyor, biz neleri eksik veya fazla anl\u0131yoruz&#8230; Din ve sanat\u0131n nas\u0131l ayn\u0131 kaynaktan akt\u0131\u011f\u0131n\u0131 ve benzeri bir aramay\u0131 talep etti\u011fini hat\u0131rlatan yaz\u0131lar okuyoruz Karag\u00f6z&#8217;den&#8230;Cihan Akta\u015f <\/p>\n","protected":false},"excerpt":{"rendered":"<p>Karag\u00f6z&#8217;\u00fcn yaz\u0131lar\u0131n\u0131n k\u00f6pr\u00fc in\u015fa etmek gibi \u00e7ok \u00f6nemli bir \u00f6zelli\u011fi var. Samed Karag\u00f6z k\u00f6pr\u00fcleri yakman\u0131n marifet say\u0131ld\u0131\u011f\u0131 bir d\u00f6nemde cesaret g\u00f6steren nadir yazarlardan.Kutlu\u011f AtamanKonu sanat oldu\u011funda<span class=\"excerpt-hellip\"> [\u2026]<\/span><\/p>\n","protected":false},"featured_media":0,"template":"","meta":{"_monsterinsights_skip_tracking":false,"_monsterinsights_sitenote_active":false,"_monsterinsights_sitenote_note":"","_monsterinsights_sitenote_category":0},"product_brand":[],"product_cat":[12777,12291],"product_tag":[],"class_list":{"0":"post-716963","1":"product","2":"type-product","3":"status-publish","5":"product_cat-deneme","6":"product_cat-edebiyat","7":"pa_cilt-ciltsiz","8":"pa_tur-kitap","9":"pa_yayinevi-profil-kitap","10":"pa_yazar-samed-karagoz","12":"first","13":"instock","14":"sale","15":"shipping-taxable","16":"purchasable","17":"product-type-simple"},"_links":{"self":[{"href":"https:\/\/roveyayinevi.com.tr\/index.php\/wp-json\/wp\/v2\/product\/716963","targetHints":{"allow":["GET"]}}],"collection":[{"href":"https:\/\/roveyayinevi.com.tr\/index.php\/wp-json\/wp\/v2\/product"}],"about":[{"href":"https:\/\/roveyayinevi.com.tr\/index.php\/wp-json\/wp\/v2\/types\/product"}],"wp:attachment":[{"href":"https:\/\/roveyayinevi.com.tr\/index.php\/wp-json\/wp\/v2\/media?parent=716963"}],"wp:term":[{"taxonomy":"product_brand","embeddable":true,"href":"https:\/\/roveyayinevi.com.tr\/index.php\/wp-json\/wp\/v2\/product_brand?post=716963"},{"taxonomy":"product_cat","embeddable":true,"href":"https:\/\/roveyayinevi.com.tr\/index.php\/wp-json\/wp\/v2\/product_cat?post=716963"},{"taxonomy":"product_tag","embeddable":true,"href":"https:\/\/roveyayinevi.com.tr\/index.php\/wp-json\/wp\/v2\/product_tag?post=716963"}],"curies":[{"name":"wp","href":"https:\/\/api.w.org\/{rel}","templated":true}]}}