{"id":716962,"date":"2025-08-27T17:49:12","date_gmt":"2025-08-27T14:49:12","guid":{"rendered":"https:\/\/roveyayinevi.com.tr\/index.php\/urun\/kallocain\/"},"modified":"2026-04-16T02:25:05","modified_gmt":"2026-04-15T23:25:05","slug":"kallocain","status":"publish","type":"product","link":"https:\/\/roveyayinevi.com.tr\/index.php\/urun\/kallocain\/","title":{"rendered":"Kalloca\u0131n"},"content":{"rendered":"<p>&#8220;Kallocain&#8221;, \u0130sve\u00e7 edebiyat\u0131n\u0131n \u00f6nemli isimlerinden Karin Boye\u2019un yazd\u0131\u011f\u0131 1940 tarihli bir distopya. \u0130dealist bilim adam\u0131 Leo Kall&#8217;\u0131n g\u00f6z\u00fcnden anlat\u0131lan hik\u00e2ye, totaliter bir d\u00fcnya devletinin tasvirini sunuyor okuyucusuna. Kall, d\u00fc\u015f\u00fcncenin gizlili\u011fini reddeden ve birey olarak insan\u0131n \u201cdevlet organizmas\u0131nda mutlu, sa\u011fl\u0131kl\u0131 bir h\u00fccreye\u201d d\u00f6n\u00fc\u015fmesini hedefleyen bir ilac\u0131, Kallocain\u2019i icat eder. Bir nevi do\u011fruluk serumu olan bu ila\u00e7, enjekte edildi\u011fi ki\u015finin, bilincini yitirmeden kendine dahi itiraf edemedi\u011fi ger\u00e7ekleri s\u00f6ylemesini sa\u011flar. B\u00f6ylelikle \u201cD\u00fczen\u201d olarak adland\u0131r\u0131lan devlette insanlar d\u00fc\u015f\u00fcnceleri ile yarg\u0131lanabilir hale gelir. A\u011f\u0131r g\u00f6zetim alt\u0131nda ve yasal belirsizlik i\u00e7erisinde olan bir toplumun fertleri aras\u0131ndaki ili\u015fkilerin \u00f6n plana \u00e7\u0131kar\u0131ld\u0131\u011f\u0131 bu romanda; totaliter bir devlette benlik kavram\u0131, hayat\u0131n anlam\u0131 ve sevginin g\u00fcc\u00fc temalar\u0131na odaklan\u0131l\u0131yor. \u201cD\u00fc\u015f\u00fcnce ve duygular, s\u00f6z ve eylemlere sebep olur. \u00d6yleyse bu d\u00fc\u015f\u00fcnce ve duygular nas\u0131l bir ki\u015fiye mahsus olabilir? B\u00fct\u00fcn silahda\u015flar D\u00fczen\u2019e ait de\u011filler mi? E\u011fer D\u00fczen\u2019e ait de\u011fillerse, bir ki\u015finin d\u00fc\u015f\u00fcnce ve duygular\u0131 kime ait? Bu zamana kadar d\u00fc\u015f\u00fcnce ve duygular\u0131 kontrol etmek m\u00fcmk\u00fcn de\u011fildi fakat \u015fimdi kontrol etmenin yolunu biliyoruz.\u201d 10&#8217;dan fazla dile \u00e7evrilen ve 2016 y\u0131l\u0131nda, 1941 Retro Hugo En \u0130yi Roman \u00d6d\u00fcl\u00fc\u2019ne aday g\u00f6sterilen Kallocain, yirminci y\u00fczy\u0131l\u0131n \u00e7eki\u015fmeli, y\u0131rt\u0131lm\u0131\u015f Avrupa&#8217;s\u0131ndan \u00e7\u0131kan en g\u00fczel eserlerden\u2026 <\/p>\n","protected":false},"excerpt":{"rendered":"<p>&#8220;Kallocain&#8221;, \u0130sve\u00e7 edebiyat\u0131n\u0131n \u00f6nemli isimlerinden Karin Boye\u2019un yazd\u0131\u011f\u0131 1940 tarihli bir distopya. \u0130dealist bilim adam\u0131 Leo Kall&#8217;\u0131n g\u00f6z\u00fcnden anlat\u0131lan hik\u00e2ye, totaliter bir d\u00fcnya devletinin tasvirini sunuyor<span class=\"excerpt-hellip\"> [\u2026]<\/span><\/p>\n","protected":false},"featured_media":0,"template":"","meta":{"_monsterinsights_skip_tracking":false,"_monsterinsights_sitenote_active":false,"_monsterinsights_sitenote_note":"","_monsterinsights_sitenote_category":0},"product_brand":[],"product_cat":[12291,12711],"product_tag":[],"class_list":{"0":"post-716962","1":"product","2":"type-product","3":"status-publish","5":"product_cat-edebiyat","6":"product_cat-roman-oyku","7":"pa_cilt-ciltsiz","8":"pa_tur-kitap","9":"pa_yayinevi-profil-kitap","10":"pa_yazar-karin-boye","12":"first","13":"instock","14":"sale","15":"shipping-taxable","16":"purchasable","17":"product-type-simple"},"_links":{"self":[{"href":"https:\/\/roveyayinevi.com.tr\/index.php\/wp-json\/wp\/v2\/product\/716962","targetHints":{"allow":["GET"]}}],"collection":[{"href":"https:\/\/roveyayinevi.com.tr\/index.php\/wp-json\/wp\/v2\/product"}],"about":[{"href":"https:\/\/roveyayinevi.com.tr\/index.php\/wp-json\/wp\/v2\/types\/product"}],"wp:attachment":[{"href":"https:\/\/roveyayinevi.com.tr\/index.php\/wp-json\/wp\/v2\/media?parent=716962"}],"wp:term":[{"taxonomy":"product_brand","embeddable":true,"href":"https:\/\/roveyayinevi.com.tr\/index.php\/wp-json\/wp\/v2\/product_brand?post=716962"},{"taxonomy":"product_cat","embeddable":true,"href":"https:\/\/roveyayinevi.com.tr\/index.php\/wp-json\/wp\/v2\/product_cat?post=716962"},{"taxonomy":"product_tag","embeddable":true,"href":"https:\/\/roveyayinevi.com.tr\/index.php\/wp-json\/wp\/v2\/product_tag?post=716962"}],"curies":[{"name":"wp","href":"https:\/\/api.w.org\/{rel}","templated":true}]}}