{"id":716961,"date":"2025-08-27T17:49:11","date_gmt":"2025-08-27T14:49:11","guid":{"rendered":"https:\/\/roveyayinevi.com.tr\/index.php\/urun\/sair\/"},"modified":"2026-04-16T02:25:05","modified_gmt":"2026-04-15T23:25:05","slug":"sair","status":"publish","type":"product","link":"https:\/\/roveyayinevi.com.tr\/index.php\/urun\/sair\/","title":{"rendered":"\u015eair"},"content":{"rendered":"<p>Yine de \u015eair uzanm\u0131\u015fken \u00f6l\u00fcm de \u015eair\u2019in k\u00fct\u00fcphanesini ziyaret etmek istedi, ya\u011fmur seslerine ald\u0131r\u0131\u015f etmeden. \u0130\u00e7eriden sonbahar\u0131 and\u0131ran sar\u0131ms\u0131 bir \u0131\u015f\u0131k demetiyle beraber r\u00fczgar estik\u00e7e yaprak h\u0131\u015f\u0131rt\u0131lar\u0131n\u0131 and\u0131ran sesler geliyordu. Ad\u0131m\u0131n\u0131 odaya att\u0131\u011f\u0131nda \u015fa\u015fk\u0131nl\u0131\u011f\u0131n\u0131 gizleyemedi. Her tarafta \u015eair\u2019in her zaman bahsetti\u011fi uzun gece siyah\u0131 g\u00f6ky\u00fcz\u00fc k\u0131vam\u0131nda d\u00fcmd\u00fcz sa\u00e7lar, kahve kokusundan kalan bir \u00e7ift g\u00f6z, tarifi imkans\u0131z g\u00fcl\u00fc\u015flerde olu\u015fan gamzeler ve karanl\u0131k zamanlar\u0131n \u0131\u015f\u0131k kayna\u011f\u0131 oldu\u011fu kesin olan ay gibi parlak bir y\u00fczden olu\u015fan binlerce hatta on binlerce resim as\u0131l\u0131yd\u0131. <\/p>\n","protected":false},"excerpt":{"rendered":"<p>Yine de \u015eair uzanm\u0131\u015fken \u00f6l\u00fcm de \u015eair\u2019in k\u00fct\u00fcphanesini ziyaret etmek istedi, ya\u011fmur seslerine ald\u0131r\u0131\u015f etmeden. \u0130\u00e7eriden sonbahar\u0131 and\u0131ran sar\u0131ms\u0131 bir \u0131\u015f\u0131k demetiyle beraber r\u00fczgar estik\u00e7e yaprak<span class=\"excerpt-hellip\"> [\u2026]<\/span><\/p>\n","protected":false},"featured_media":0,"template":"","meta":{"_monsterinsights_skip_tracking":false,"_monsterinsights_sitenote_active":false,"_monsterinsights_sitenote_note":"","_monsterinsights_sitenote_category":0},"product_brand":[],"product_cat":[12777,12291],"product_tag":[],"class_list":{"0":"post-716961","1":"product","2":"type-product","3":"status-publish","5":"product_cat-deneme","6":"product_cat-edebiyat","7":"pa_cilt-ciltsiz","8":"pa_tur-kitap","9":"pa_yayinevi-lirik-yayincilik","10":"pa_yazar-osman-demir","12":"first","13":"instock","14":"sale","15":"shipping-taxable","16":"purchasable","17":"product-type-simple"},"_links":{"self":[{"href":"https:\/\/roveyayinevi.com.tr\/index.php\/wp-json\/wp\/v2\/product\/716961","targetHints":{"allow":["GET"]}}],"collection":[{"href":"https:\/\/roveyayinevi.com.tr\/index.php\/wp-json\/wp\/v2\/product"}],"about":[{"href":"https:\/\/roveyayinevi.com.tr\/index.php\/wp-json\/wp\/v2\/types\/product"}],"wp:attachment":[{"href":"https:\/\/roveyayinevi.com.tr\/index.php\/wp-json\/wp\/v2\/media?parent=716961"}],"wp:term":[{"taxonomy":"product_brand","embeddable":true,"href":"https:\/\/roveyayinevi.com.tr\/index.php\/wp-json\/wp\/v2\/product_brand?post=716961"},{"taxonomy":"product_cat","embeddable":true,"href":"https:\/\/roveyayinevi.com.tr\/index.php\/wp-json\/wp\/v2\/product_cat?post=716961"},{"taxonomy":"product_tag","embeddable":true,"href":"https:\/\/roveyayinevi.com.tr\/index.php\/wp-json\/wp\/v2\/product_tag?post=716961"}],"curies":[{"name":"wp","href":"https:\/\/api.w.org\/{rel}","templated":true}]}}