{"id":716959,"date":"2025-08-27T17:49:10","date_gmt":"2025-08-27T14:49:10","guid":{"rendered":"https:\/\/roveyayinevi.com.tr\/index.php\/urun\/fikir-tarihimizde-hur-fikirleri-yayma-cemiyeti\/"},"modified":"2026-04-16T02:25:05","modified_gmt":"2026-04-15T23:25:05","slug":"fikir-tarihimizde-hur-fikirleri-yayma-cemiyeti","status":"publish","type":"product","link":"https:\/\/roveyayinevi.com.tr\/index.php\/urun\/fikir-tarihimizde-hur-fikirleri-yayma-cemiyeti\/","title":{"rendered":"Fikir Tarihimizde H\u00fcr Fikirleri Yayma Cemiyeti"},"content":{"rendered":"<p>H\u00fcr Fikirleri Yayma Cemiyeti ki\u015fisel h\u00fcrriyetler, anayasal y\u00f6netim, h\u00fcr te\u015febb\u00fcs gibi fikirleri a\u00e7\u0131kl\u0131kla savunan liberal \u00e7izgisi belirgin bir kurulu\u015f olarak k\u0131sa \u00f6mr\u00fcne \u00f6nemli ve etkili faaliyetler s\u0131\u011fd\u0131rm\u0131\u015f.  Cemiyetin kurulu\u015fu Cumhuriyetin tek partili d\u00f6neminin sona erdi\u011fi, siyas\u00ee hayatla birlikte sivil toplumun da yeniden canland\u0131\u011f\u0131 bir s\u00fcrece denk gelmektedir. Cumhuriyetin demokrasiyle birle\u015fmeye ba\u015flad\u0131\u011f\u0131 d\u00f6nemde, Cemiyet, gerek hukuk\u00ee ve siyas\u00ee sistemin tesisine gerekse \u00e7o\u011fulcu, h\u00fcrriyet\u00e7i bir toplumun zihn\u00ee kabullerinin olu\u015fmas\u0131na katk\u0131da bulunmay\u0131, bunun i\u00e7in de siyas\u00ee bir hareket olmak yerine sivil toplum alan\u0131nda kalarak fikr\u00ee ve sosyal faaliyetleri tercih etmi\u015f.  Cemiyetin b\u0131rakt\u0131\u011f\u0131 tarih\u00ee fikr\u00ee miras hem yolun ba\u015f\u0131ndaki gen\u00e7lere hem fikr\u00ee \u00e7al\u0131\u015fma yapmak isteyenlere, hem de karar vericilere, uygulay\u0131c\u0131 b\u00fcrokratlara, iktisad\u00ee ve sosyal  m\u00fcte\u015febbislere ve medya mensuplar\u0131na yol g\u00f6sterici nitelikte. <\/p>\n","protected":false},"excerpt":{"rendered":"<p>H\u00fcr Fikirleri Yayma Cemiyeti ki\u015fisel h\u00fcrriyetler, anayasal y\u00f6netim, h\u00fcr te\u015febb\u00fcs gibi fikirleri a\u00e7\u0131kl\u0131kla savunan liberal \u00e7izgisi belirgin bir kurulu\u015f olarak k\u0131sa \u00f6mr\u00fcne \u00f6nemli ve etkili faaliyetler<span class=\"excerpt-hellip\"> [\u2026]<\/span><\/p>\n","protected":false},"featured_media":0,"template":"","meta":{"_monsterinsights_skip_tracking":false,"_monsterinsights_sitenote_active":false,"_monsterinsights_sitenote_note":"","_monsterinsights_sitenote_category":0},"product_brand":[],"product_cat":[13590,12337],"product_tag":[],"class_list":{"0":"post-716959","1":"product","2":"type-product","3":"status-publish","5":"product_cat-arastirma-inceleme-politika-siyaset","6":"product_cat-politika-siyaset","7":"pa_cilt-ciltsiz","8":"pa_tur-kitap","9":"pa_yayinevi-liberte-yayinlari","10":"pa_yazar-kolektif","12":"first","13":"instock","14":"sale","15":"shipping-taxable","16":"purchasable","17":"product-type-simple"},"_links":{"self":[{"href":"https:\/\/roveyayinevi.com.tr\/index.php\/wp-json\/wp\/v2\/product\/716959","targetHints":{"allow":["GET"]}}],"collection":[{"href":"https:\/\/roveyayinevi.com.tr\/index.php\/wp-json\/wp\/v2\/product"}],"about":[{"href":"https:\/\/roveyayinevi.com.tr\/index.php\/wp-json\/wp\/v2\/types\/product"}],"wp:attachment":[{"href":"https:\/\/roveyayinevi.com.tr\/index.php\/wp-json\/wp\/v2\/media?parent=716959"}],"wp:term":[{"taxonomy":"product_brand","embeddable":true,"href":"https:\/\/roveyayinevi.com.tr\/index.php\/wp-json\/wp\/v2\/product_brand?post=716959"},{"taxonomy":"product_cat","embeddable":true,"href":"https:\/\/roveyayinevi.com.tr\/index.php\/wp-json\/wp\/v2\/product_cat?post=716959"},{"taxonomy":"product_tag","embeddable":true,"href":"https:\/\/roveyayinevi.com.tr\/index.php\/wp-json\/wp\/v2\/product_tag?post=716959"}],"curies":[{"name":"wp","href":"https:\/\/api.w.org\/{rel}","templated":true}]}}