{"id":716958,"date":"2025-08-27T17:49:09","date_gmt":"2025-08-27T14:49:09","guid":{"rendered":"https:\/\/roveyayinevi.com.tr\/index.php\/urun\/babaannemin-kizkardesleri\/"},"modified":"2026-04-16T02:25:05","modified_gmt":"2026-04-15T23:25:05","slug":"babaannemin-kizkardesleri","status":"publish","type":"product","link":"https:\/\/roveyayinevi.com.tr\/index.php\/urun\/babaannemin-kizkardesleri\/","title":{"rendered":"Babaannemin K\u0131zkarde\u015fleri"},"content":{"rendered":"<p>Babaannemin annesinin k\u00f6y\u00fcne gidi\u015fimle ba\u015flayan hikaye ve ard\u0131ndan gelen t\u00fcm hikayelerdeki kad\u0131nlar ger\u00e7ek ve \u00e7o\u011fu babaannemin hayat\u0131ndan hayat\u0131ma ge\u00e7en kad\u0131nlard\u0131r. Onun bana katt\u0131\u011f\u0131 hayatlard\u0131r. Onlar\u0131 burada bulu\u015fturan ortak payda ise kad\u0131nl\u0131k halleridir. Bazen \u00e7ileli, bazen \u00f6fkeli ama hep fark\u0131nda olan kad\u0131nl\u0131k halleridir. Kad\u0131n\u0131n bu topraklardaki kadim ger\u00e7ekli\u011fini g\u00f6ren, bilen bir bilgelikle direnci k\u0131ran ve ya\u015fama devam eden kad\u0131nl\u0131k halleri&#8230;  Babaannemin K\u0131zkarde\u015fleri, konusu kadar yaz\u0131 t\u00fcr\u00fc olarak da benim i\u00e7in \u00e7ok b\u00fcy\u00fck \u00f6nem ta\u015f\u0131yan bir \u00e7al\u0131\u015fma oldu. \u00dcniversite y\u0131llar\u0131ndan bu g\u00fcne r\u00f6portaj benim i\u00e7in apayr\u0131 bir yaz\u0131m t\u00fcr\u00fcd\u00fcr. Bu \u00e7al\u0131\u015fma, Ya\u015far Kemal ile tan\u0131d\u0131\u011f\u0131m ve \u201cbal gibi edebiyat\u201d t\u00fcr\u00fc oldu\u011funu art\u0131k \u00e7ok iyi bildi\u011fim r\u00f6portaj \u00fczerine \u00f6nemli bir pratik oldu.  T\u00fcm bunlarla birlikte T\u00fcrk Dil Kurumu\u2019nda ayr\u0131 olan ve dil bilimi a\u00e7\u0131s\u0131ndan da ayr\u0131 yazd\u0131\u011f\u0131m\u0131z \u201ck\u0131z karde\u015f\u201d bu \u00e7al\u0131\u015fmamda birle\u015fik olarak kar\u015f\u0131n\u0131za \u00e7\u0131k\u0131yor.  Biyolojik yak\u0131nl\u0131k olarak, ayn\u0131 anne babadan ya da sadece ayn\u0131 anneden ve ya ayn\u0131 babadan d\u00fcnyaya gelen iki kad\u0131n\u0131n tan\u0131m\u0131nda hala ayr\u0131 d\u00fc\u015f\u00fcnebildi\u011fim k\u0131z karde\u015f, bu \u00e7al\u0131\u015fmada bamba\u015fka bir temsili ta\u015f\u0131yor. Burada olan k\u0131zkarde\u015flik, kad\u0131n m\u00fccadelesi i\u00e7erisinde art\u0131k yer bulan ve kad\u0131nlar\u0131n m\u00fccadele birli\u011fini temsil eden k\u0131zkarde\u015fliktir. Ve dolay\u0131s\u0131yla kavramsalla\u015f\u0131p art\u0131k bu anlamda birle\u015fmelidir. <\/p>\n","protected":false},"excerpt":{"rendered":"<p>Babaannemin annesinin k\u00f6y\u00fcne gidi\u015fimle ba\u015flayan hikaye ve ard\u0131ndan gelen t\u00fcm hikayelerdeki kad\u0131nlar ger\u00e7ek ve \u00e7o\u011fu babaannemin hayat\u0131ndan hayat\u0131ma ge\u00e7en kad\u0131nlard\u0131r. Onun bana katt\u0131\u011f\u0131 hayatlard\u0131r. Onlar\u0131 burada<span class=\"excerpt-hellip\"> [\u2026]<\/span><\/p>\n","protected":false},"featured_media":0,"template":"","meta":{"_monsterinsights_skip_tracking":false,"_monsterinsights_sitenote_active":false,"_monsterinsights_sitenote_note":"","_monsterinsights_sitenote_category":0},"product_brand":[],"product_cat":[12291,30969],"product_tag":[],"class_list":{"0":"post-716958","1":"product","2":"type-product","3":"status-publish","5":"product_cat-edebiyat","6":"product_cat-soylesi-edebiyat","7":"pa_cilt-ciltsiz","8":"pa_tur-kitap","9":"pa_yayinevi-yade-yayinlari","10":"pa_yazar-atlas-arslan","12":"first","13":"instock","14":"sale","15":"shipping-taxable","16":"purchasable","17":"product-type-simple"},"_links":{"self":[{"href":"https:\/\/roveyayinevi.com.tr\/index.php\/wp-json\/wp\/v2\/product\/716958","targetHints":{"allow":["GET"]}}],"collection":[{"href":"https:\/\/roveyayinevi.com.tr\/index.php\/wp-json\/wp\/v2\/product"}],"about":[{"href":"https:\/\/roveyayinevi.com.tr\/index.php\/wp-json\/wp\/v2\/types\/product"}],"wp:attachment":[{"href":"https:\/\/roveyayinevi.com.tr\/index.php\/wp-json\/wp\/v2\/media?parent=716958"}],"wp:term":[{"taxonomy":"product_brand","embeddable":true,"href":"https:\/\/roveyayinevi.com.tr\/index.php\/wp-json\/wp\/v2\/product_brand?post=716958"},{"taxonomy":"product_cat","embeddable":true,"href":"https:\/\/roveyayinevi.com.tr\/index.php\/wp-json\/wp\/v2\/product_cat?post=716958"},{"taxonomy":"product_tag","embeddable":true,"href":"https:\/\/roveyayinevi.com.tr\/index.php\/wp-json\/wp\/v2\/product_tag?post=716958"}],"curies":[{"name":"wp","href":"https:\/\/api.w.org\/{rel}","templated":true}]}}