{"id":716957,"date":"2025-08-27T17:49:09","date_gmt":"2025-08-27T14:49:09","guid":{"rendered":"https:\/\/roveyayinevi.com.tr\/index.php\/urun\/ayrintilara-asik-adam\/"},"modified":"2026-04-16T02:25:05","modified_gmt":"2026-04-15T23:25:05","slug":"ayrintilara-asik-adam","status":"publish","type":"product","link":"https:\/\/roveyayinevi.com.tr\/index.php\/urun\/ayrintilara-asik-adam\/","title":{"rendered":"Ayr\u0131nt\u0131lara A\u015f\u0131k Adam"},"content":{"rendered":"<p>Vasanpeine, Poitiers\u2019de ya\u015fayan \u00e7ipil g\u00f6zl\u00fc, hantal, donuk bir hamamc\u0131d\u0131r. Silik g\u00f6r\u00fcn\u00fcm\u00fcn\u00fcn ard\u0131nda e\u015fine az rastlan\u0131r nitelikte do\u011fu\u015ftan bir yetenek gizlidir: d\u00fcnyay\u0131 b\u00fct\u00fcnden ayr\u0131 tan\u0131mlanabilir par\u00e7alar bi\u00e7iminde g\u00f6rebilmek. Uzun s\u00fcre fark\u0131na varamad\u0131\u011f\u0131 bu duyarl\u0131l\u0131k, ayn\u0131 \u015fehirde kitap\u00e7\u0131 d\u00fckk\u00e2n\u0131 i\u015fleten M\u00f6sy\u00f6 Kusakabe\u2019ye rastlamas\u0131yla birlikte, tutkuyla sar\u0131ld\u0131\u011f\u0131 bir sanata ve gitgide marazi bir saplant\u0131ya d\u00f6n\u00fc\u015fecektir. <\/p>\n","protected":false},"excerpt":{"rendered":"<p>Vasanpeine, Poitiers\u2019de ya\u015fayan \u00e7ipil g\u00f6zl\u00fc, hantal, donuk bir hamamc\u0131d\u0131r. Silik g\u00f6r\u00fcn\u00fcm\u00fcn\u00fcn ard\u0131nda e\u015fine az rastlan\u0131r nitelikte do\u011fu\u015ftan bir yetenek gizlidir: d\u00fcnyay\u0131 b\u00fct\u00fcnden ayr\u0131 tan\u0131mlanabilir par\u00e7alar bi\u00e7iminde<span class=\"excerpt-hellip\"> [\u2026]<\/span><\/p>\n","protected":false},"featured_media":0,"template":"","meta":{"_monsterinsights_skip_tracking":false,"_monsterinsights_sitenote_active":false,"_monsterinsights_sitenote_note":"","_monsterinsights_sitenote_category":0},"product_brand":[],"product_cat":[12291,12711],"product_tag":[],"class_list":{"0":"post-716957","1":"product","2":"type-product","3":"status-publish","5":"product_cat-edebiyat","6":"product_cat-roman-oyku","7":"pa_cilt-ciltsiz","8":"pa_tur-kitap","9":"pa_yayinevi-kirmizi-kedi-yayinevi","10":"pa_yazar-alberto-manguel","12":"first","13":"instock","14":"sale","15":"shipping-taxable","16":"purchasable","17":"product-type-simple"},"_links":{"self":[{"href":"https:\/\/roveyayinevi.com.tr\/index.php\/wp-json\/wp\/v2\/product\/716957","targetHints":{"allow":["GET"]}}],"collection":[{"href":"https:\/\/roveyayinevi.com.tr\/index.php\/wp-json\/wp\/v2\/product"}],"about":[{"href":"https:\/\/roveyayinevi.com.tr\/index.php\/wp-json\/wp\/v2\/types\/product"}],"wp:attachment":[{"href":"https:\/\/roveyayinevi.com.tr\/index.php\/wp-json\/wp\/v2\/media?parent=716957"}],"wp:term":[{"taxonomy":"product_brand","embeddable":true,"href":"https:\/\/roveyayinevi.com.tr\/index.php\/wp-json\/wp\/v2\/product_brand?post=716957"},{"taxonomy":"product_cat","embeddable":true,"href":"https:\/\/roveyayinevi.com.tr\/index.php\/wp-json\/wp\/v2\/product_cat?post=716957"},{"taxonomy":"product_tag","embeddable":true,"href":"https:\/\/roveyayinevi.com.tr\/index.php\/wp-json\/wp\/v2\/product_tag?post=716957"}],"curies":[{"name":"wp","href":"https:\/\/api.w.org\/{rel}","templated":true}]}}