{"id":716953,"date":"2025-08-27T17:49:06","date_gmt":"2025-08-27T14:49:06","guid":{"rendered":"https:\/\/roveyayinevi.com.tr\/index.php\/urun\/dunyanin-cehresini-degistiren-seyahatler\/"},"modified":"2026-04-16T02:25:05","modified_gmt":"2026-04-15T23:25:05","slug":"dunyanin-cehresini-degistiren-seyahatler","status":"publish","type":"product","link":"https:\/\/roveyayinevi.com.tr\/index.php\/urun\/dunyanin-cehresini-degistiren-seyahatler\/","title":{"rendered":"D\u00fcnyan\u0131n \u00c7ehresini De\u011fi\u015ftiren Seyahatler"},"content":{"rendered":"<p>\u0130nsano\u011flu tarihin her d\u00f6neminde d\u00fcnyan\u0131n hen\u00fcz ke\u015ffedilmemi\u015f b\u00f6lgelerine ilgi duymu\u015ftur. Ya yeni yerle\u015fim yerleri bulmak amac\u0131yla ya da sadece macera tutkusuyla ufkun \u00f6tesine yelken a\u00e7mak istemi\u015ftir. D\u00fcnyan\u0131n \u00c7ehresini De\u011fi\u015ftiren Seyahatler, insanl\u0131\u011f\u0131n bilgi birikiminin artmas\u0131na, co\u011frafi ke\u015fiflerin yap\u0131lmas\u0131na ve d\u00fcnya haritas\u0131n\u0131n \u00e7\u0131kar\u0131lmas\u0131na katk\u0131da bulunmu\u015f b\u00fcy\u00fck seyahatlerin hik\u00e2yelerini anlat\u0131yor. Seyahatler ve ke\u015fifler hakk\u0131ndaki \u00e7ok satan kitaplar\u0131yla tan\u0131nan Peter Aughton, Fenikelilerden Polinezyal\u0131lara, Bartholomeu Dias\u2019dan Vasco da Gama\u2019ya, Amerika\u2019n\u0131n ke\u015ffinden d\u00fcnyan\u0131n \u00e7evresinin ilk kez dola\u015f\u0131lmas\u0131na, Francis Drake\u2019in Golden Hind gemisiyle ya\u015fad\u0131\u011f\u0131 maceralardan ger\u00e7ek Robinson Crusoe\u2019nun \u00f6yk\u00fcs\u00fcne, Darwin\u2019in Beagle ile seyahatinden Scott, Amundsen ve Shackleton\u2019\u0131n kutuplardaki ke\u015fiflerine kadar d\u00fcnyan\u0131n \u00e7ehresini de\u011fi\u015ftirmi\u015f pek \u00e7ok seyahati ve kahramanlar\u0131n\u0131 konu al\u0131yor. Seyyahlar\u0131n da g\u00fcnl\u00fckleri ve seyir defterleri arac\u0131l\u0131\u011f\u0131yla anlat\u0131ya do\u011frudan kat\u0131ld\u0131klar\u0131, haritalar ve \u00e7e\u015fitli g\u00f6rsel malzemelerle zenginle\u015ftirilmi\u015f D\u00fcnyan\u0131n \u00c7ehresini De\u011fi\u015ftiren Seyahatler, s\u00fcr\u00fckleyici \u00fcslubuyla bir solukta okunabilecek bir kaynak kitap.<\/p>\n","protected":false},"excerpt":{"rendered":"<p>\u0130nsano\u011flu tarihin her d\u00f6neminde d\u00fcnyan\u0131n hen\u00fcz ke\u015ffedilmemi\u015f b\u00f6lgelerine ilgi duymu\u015ftur. Ya yeni yerle\u015fim yerleri bulmak amac\u0131yla ya da sadece macera tutkusuyla ufkun \u00f6tesine yelken a\u00e7mak istemi\u015ftir.<span class=\"excerpt-hellip\"> [\u2026]<\/span><\/p>\n","protected":false},"featured_media":0,"template":"","meta":{"_monsterinsights_skip_tracking":false,"_monsterinsights_sitenote_active":false,"_monsterinsights_sitenote_note":"","_monsterinsights_sitenote_category":0},"product_brand":[],"product_cat":[13772,12364],"product_tag":[],"class_list":{"0":"post-716953","1":"product","2":"type-product","3":"status-publish","5":"product_cat-basvuru-kitaplari","6":"product_cat-genel-konular","7":"pa_cilt-ciltsiz","8":"pa_tur-kitap","9":"pa_yayinevi-is-bankasi-kultur-yayinlari","10":"pa_yazar-peter-aughton","12":"first","13":"instock","14":"sale","15":"shipping-taxable","16":"purchasable","17":"product-type-simple"},"_links":{"self":[{"href":"https:\/\/roveyayinevi.com.tr\/index.php\/wp-json\/wp\/v2\/product\/716953","targetHints":{"allow":["GET"]}}],"collection":[{"href":"https:\/\/roveyayinevi.com.tr\/index.php\/wp-json\/wp\/v2\/product"}],"about":[{"href":"https:\/\/roveyayinevi.com.tr\/index.php\/wp-json\/wp\/v2\/types\/product"}],"wp:attachment":[{"href":"https:\/\/roveyayinevi.com.tr\/index.php\/wp-json\/wp\/v2\/media?parent=716953"}],"wp:term":[{"taxonomy":"product_brand","embeddable":true,"href":"https:\/\/roveyayinevi.com.tr\/index.php\/wp-json\/wp\/v2\/product_brand?post=716953"},{"taxonomy":"product_cat","embeddable":true,"href":"https:\/\/roveyayinevi.com.tr\/index.php\/wp-json\/wp\/v2\/product_cat?post=716953"},{"taxonomy":"product_tag","embeddable":true,"href":"https:\/\/roveyayinevi.com.tr\/index.php\/wp-json\/wp\/v2\/product_tag?post=716953"}],"curies":[{"name":"wp","href":"https:\/\/api.w.org\/{rel}","templated":true}]}}