{"id":716949,"date":"2025-08-27T17:49:04","date_gmt":"2025-08-27T14:49:04","guid":{"rendered":"https:\/\/roveyayinevi.com.tr\/index.php\/urun\/einsteinin-beynini-yemek\/"},"modified":"2026-04-16T02:25:05","modified_gmt":"2026-04-15T23:25:05","slug":"einsteinin-beynini-yemek","status":"publish","type":"product","link":"https:\/\/roveyayinevi.com.tr\/index.php\/urun\/einsteinin-beynini-yemek\/","title":{"rendered":"Einstein\u2019\u0131n Beynini Yemek"},"content":{"rendered":"<p>Einstein\u2019\u0131n Beynini Yemek\u2019ten bir \u0131s\u0131r\u0131k al\u0131n ve iyi bilim ile yanl\u0131\u015f y\u00f6nlendiren bilimi birbirinden ay\u0131rt etmeyi \u00f6\u011frenin. Bu kitap, esprili senaryolar ve ger\u00e7ek hayattan al\u0131nma etkileyici \u00f6rneklerle sizi ele\u015ftirel d\u00fc\u015f\u00fcnmeye te\u015fvik ediyor. K\u00f6t\u00fc bilimi tan\u0131man\u0131z i\u00e7in ipu\u00e7lar\u0131, ger\u00e7ekleri oldu\u011fundan farkl\u0131 g\u00f6steren haberleri fark etmeniz i\u00e7in fikir veriyor ve beyninizi bilim haberlerinin kafa kar\u0131\u015ft\u0131r\u0131c\u0131 etkisinden koruman\u0131n yollar\u0131n\u0131 g\u00f6steriyor. \u201cZ\u0131rva Z\u0131mbalayan\u201d bilgiler, \u201cS\u0131ra Sizde\u201d etkinlikleri ve esprili \u00e7izimlerle dolu Einstein\u2019\u0131n Beynini Yemek, g\u00fcvenilir bilimin keskin zek\u00e2l\u0131 takip\u00e7isi olman\u0131z\u0131 sa\u011flayacak e\u011flenceli bir yakla\u015f\u0131m sunuyor. <\/p>\n","protected":false},"excerpt":{"rendered":"<p>Einstein\u2019\u0131n Beynini Yemek\u2019ten bir \u0131s\u0131r\u0131k al\u0131n ve iyi bilim ile yanl\u0131\u015f y\u00f6nlendiren bilimi birbirinden ay\u0131rt etmeyi \u00f6\u011frenin. Bu kitap, esprili senaryolar ve ger\u00e7ek hayattan al\u0131nma etkileyici<span class=\"excerpt-hellip\"> [\u2026]<\/span><\/p>\n","protected":false},"featured_media":0,"template":"","meta":{"_monsterinsights_skip_tracking":false,"_monsterinsights_sitenote_active":false,"_monsterinsights_sitenote_note":"","_monsterinsights_sitenote_category":0},"product_brand":[],"product_cat":[13005,13006],"product_tag":[],"class_list":{"0":"post-716949","1":"product","2":"type-product","3":"status-publish","5":"product_cat-bilim-muhendislik","6":"product_cat-populer-bilim","7":"pa_cilt-ciltsiz","8":"pa_tur-kitap","9":"pa_yayinevi-cinar-yayinlari","10":"pa_yazar-diane-swanson","12":"first","13":"instock","14":"sale","15":"shipping-taxable","16":"purchasable","17":"product-type-simple"},"_links":{"self":[{"href":"https:\/\/roveyayinevi.com.tr\/index.php\/wp-json\/wp\/v2\/product\/716949","targetHints":{"allow":["GET"]}}],"collection":[{"href":"https:\/\/roveyayinevi.com.tr\/index.php\/wp-json\/wp\/v2\/product"}],"about":[{"href":"https:\/\/roveyayinevi.com.tr\/index.php\/wp-json\/wp\/v2\/types\/product"}],"wp:attachment":[{"href":"https:\/\/roveyayinevi.com.tr\/index.php\/wp-json\/wp\/v2\/media?parent=716949"}],"wp:term":[{"taxonomy":"product_brand","embeddable":true,"href":"https:\/\/roveyayinevi.com.tr\/index.php\/wp-json\/wp\/v2\/product_brand?post=716949"},{"taxonomy":"product_cat","embeddable":true,"href":"https:\/\/roveyayinevi.com.tr\/index.php\/wp-json\/wp\/v2\/product_cat?post=716949"},{"taxonomy":"product_tag","embeddable":true,"href":"https:\/\/roveyayinevi.com.tr\/index.php\/wp-json\/wp\/v2\/product_tag?post=716949"}],"curies":[{"name":"wp","href":"https:\/\/api.w.org\/{rel}","templated":true}]}}