{"id":716948,"date":"2025-08-27T17:49:03","date_gmt":"2025-08-27T14:49:03","guid":{"rendered":"https:\/\/roveyayinevi.com.tr\/index.php\/urun\/arsiv-belgeleri-isiginda-istiklal-harbinde-mevleviler-ve-bektasiler\/"},"modified":"2026-04-16T02:25:05","modified_gmt":"2026-04-15T23:25:05","slug":"arsiv-belgeleri-isiginda-istiklal-harbinde-mevleviler-ve-bektasiler","status":"publish","type":"product","link":"https:\/\/roveyayinevi.com.tr\/index.php\/urun\/arsiv-belgeleri-isiginda-istiklal-harbinde-mevleviler-ve-bektasiler\/","title":{"rendered":"Ar\u015fiv Belgeleri I\u015f\u0131\u011f\u0131nda \u0130stiklal Harbinde Mevleviler ve Bekta\u015filer"},"content":{"rendered":"<p>\u0130stikl\u00e2l Harbi, necip milletimizi tarih sahnesinden silmeye y\u00f6nelik sald\u0131r\u0131lara verilen bir cevapt\u0131 ve s\u00fbf\u00eeler de bu m\u00fcc\u00e2deleye b\u00eeg\u00e2ne kalmam\u0131\u015flard\u0131. Baz\u0131 zararl\u0131 cemiyetlerde faaliyetleri olanlar vard\u0131 tabi\u00ee ama \u00e7o\u011funlukla Ankara h\u00fck\u00fbmetini ve politikalar\u0131n\u0131 destekleyen faaliyetlerde bulunmu\u015flard\u0131. Her \u015feyden \u00f6nce, I. TBMM\u2019deki iki ba\u015fkan vek\u00eeli postni\u015fin\/\u015feyhti: Mevlev\u00ee Postni\u015f\u00eeni Abd\u00fclhal\u00eem \u00c7elebi ve Bekt\u00e2\u015f\u00ee \u015eeyhi Ahmed Cem\u00e2ledd\u00een \u00c7elebi Efendi. Bu sebeple elinizdeki kitap bu iki tar\u00eekati birlikte ele almakta ve gerekti\u011finde kar\u015f\u0131la\u015ft\u0131rmaktad\u0131r. Kitap, Abd\u00fclhal\u00eem \u00c7elebi\u2019den Zekiye Han\u0131m\u2019a ve Hasan-\u00c2li Y\u00fccel\u2019e dek bir\u00e7ok Mevlev\u00ee\u2019nin; Cem\u00e2ledd\u00een \u00c7elebi\u2019den Did\u00e2r Han\u0131m\u2019a ve R\u0131za Tevfik\u2019e dek bir\u00e7ok Bekt\u00e2\u015f\u00ee\u2019nin bu harpteki tutumlar\u0131yla ilgili belgeler sunarken sizi Tarih\u2019ten Tasavvuf\u2019a, Tasavvuf\u2019tan Kad\u0131n \u00c7al\u0131\u015fmalar\u0131\u2019na dek b\u00fcy\u00fck bir alanda yolculu\u011fa \u00e7\u0131karmaktad\u0131r. \u00c7al\u0131\u015fman\u0131n sonunda, \u00f6zelde G\u00e2zi Mustafa Kem\u00e2l\u2019in, genelde ilk Cumhuriyet h\u00fck\u00fbmetinin bu iki tar\u00eekate kar\u015f\u0131 tavr\u0131 konusunda bilgiler de bulunmaktad\u0131r. <\/p>\n","protected":false},"excerpt":{"rendered":"<p>\u0130stikl\u00e2l Harbi, necip milletimizi tarih sahnesinden silmeye y\u00f6nelik sald\u0131r\u0131lara verilen bir cevapt\u0131 ve s\u00fbf\u00eeler de bu m\u00fcc\u00e2deleye b\u00eeg\u00e2ne kalmam\u0131\u015flard\u0131. Baz\u0131 zararl\u0131 cemiyetlerde faaliyetleri olanlar vard\u0131 tabi\u00ee<span class=\"excerpt-hellip\"> [\u2026]<\/span><\/p>\n","protected":false},"featured_media":0,"template":"","meta":{"_monsterinsights_skip_tracking":false,"_monsterinsights_sitenote_active":false,"_monsterinsights_sitenote_note":"","_monsterinsights_sitenote_category":0},"product_brand":[],"product_cat":[12718,12719,12720],"product_tag":[],"class_list":{"0":"post-716948","1":"product","2":"type-product","3":"status-publish","5":"product_cat-din","6":"product_cat-islam","7":"product_cat-tasavvuf-mezhepler-tarikatlar","8":"pa_cilt-ciltsiz","9":"pa_tur-kitap","10":"pa_yayinevi-nefes-yayincilik","11":"pa_yazar-hulya-kucuk","13":"first","14":"instock","15":"sale","16":"shipping-taxable","17":"purchasable","18":"product-type-simple"},"_links":{"self":[{"href":"https:\/\/roveyayinevi.com.tr\/index.php\/wp-json\/wp\/v2\/product\/716948","targetHints":{"allow":["GET"]}}],"collection":[{"href":"https:\/\/roveyayinevi.com.tr\/index.php\/wp-json\/wp\/v2\/product"}],"about":[{"href":"https:\/\/roveyayinevi.com.tr\/index.php\/wp-json\/wp\/v2\/types\/product"}],"wp:attachment":[{"href":"https:\/\/roveyayinevi.com.tr\/index.php\/wp-json\/wp\/v2\/media?parent=716948"}],"wp:term":[{"taxonomy":"product_brand","embeddable":true,"href":"https:\/\/roveyayinevi.com.tr\/index.php\/wp-json\/wp\/v2\/product_brand?post=716948"},{"taxonomy":"product_cat","embeddable":true,"href":"https:\/\/roveyayinevi.com.tr\/index.php\/wp-json\/wp\/v2\/product_cat?post=716948"},{"taxonomy":"product_tag","embeddable":true,"href":"https:\/\/roveyayinevi.com.tr\/index.php\/wp-json\/wp\/v2\/product_tag?post=716948"}],"curies":[{"name":"wp","href":"https:\/\/api.w.org\/{rel}","templated":true}]}}