{"id":716947,"date":"2025-08-27T17:49:03","date_gmt":"2025-08-27T14:49:03","guid":{"rendered":"https:\/\/roveyayinevi.com.tr\/index.php\/urun\/metastaz\/"},"modified":"2026-04-16T02:25:05","modified_gmt":"2026-04-15T23:25:05","slug":"metastaz","status":"publish","type":"product","link":"https:\/\/roveyayinevi.com.tr\/index.php\/urun\/metastaz\/","title":{"rendered":"Metastaz"},"content":{"rendered":"<p>Menzilci polisler ilk kez g\u00f6rece\u011finiz foto\u011fraflar\u0131nda ne yap\u0131yordu? AKP\u2019li Bakan\u2019\u0131n tarikat \u015feyhinden \u00f6zel ricas\u0131 neydi? Devlette FE*T\u00d6\u2019den bo\u015falan koltuklara hangi tarikat nas\u0131l yerle\u015fti? Nedir bu h\u00fcsn-\u00fc \u015fehadet ve FE*T\u00d6 borsas\u0131? Hangi cemaat kim i\u00e7in Cumhurba\u015fkan\u0131\u2019na mektup yazarak kefil oldu? Genelkurmay Ba\u015fkan\u0131\u2019n\u0131n \u201csahip \u00e7\u0131k\u0131n\u201d dedi\u011fi isimler neden tutukland\u0131? \u201cKurda ku\u015fa yem etmeyin\u201d denilen i\u015fadam\u0131 nas\u0131l hapisten \u00e7\u0131kt\u0131? FE*T\u00d6 operasyonlar\u0131ndan \u00e7\u0131kar\u0131lan &#8220;imtiyazl\u0131 ortaklar&#8221; kim? H\u00e2kim r\u00fc\u015fvet al\u0131rken gizli bir operasyonla nas\u0131l yakaland\u0131? Hangi gazeteci kendisini M\u0130T\u2019\u00e7i diye tan\u0131t\u0131p dola*nd\u0131r\u0131c\u0131l\u0131k yapt\u0131? \u00c7ektirdi\u011fi foto\u011fraflar\u0131 davalar\u0131 etkilemek i\u00e7in kullanan ismin arkas\u0131nda kimler var? FE*T\u00d6 operasyonu yapan savc\u0131n\u0131n odas\u0131n\u0131 AKP\u2019liler mi bast\u0131? Erdo\u011fan&#8217;\u0131n tehdit edildi\u011fi toplant\u0131dan yara almadan \u00e7\u0131kan \u00fcnl\u00fcler kim? \u00dcst\u00fc kapat\u0131lan telefon g\u00f6r\u00fc\u015fmelerinde neler konu\u015fuldu? <\/p>\n","protected":false},"excerpt":{"rendered":"<p>Menzilci polisler ilk kez g\u00f6rece\u011finiz foto\u011fraflar\u0131nda ne yap\u0131yordu? AKP\u2019li Bakan\u2019\u0131n tarikat \u015feyhinden \u00f6zel ricas\u0131 neydi? Devlette FE*T\u00d6\u2019den bo\u015falan koltuklara hangi tarikat nas\u0131l yerle\u015fti? Nedir bu h\u00fcsn-\u00fc<span class=\"excerpt-hellip\"> [\u2026]<\/span><\/p>\n","protected":false},"featured_media":0,"template":"","meta":{"_monsterinsights_skip_tracking":false,"_monsterinsights_sitenote_active":false,"_monsterinsights_sitenote_note":"","_monsterinsights_sitenote_category":0},"product_brand":[],"product_cat":[13590,12337],"product_tag":[],"class_list":{"0":"post-716947","1":"product","2":"type-product","3":"status-publish","5":"product_cat-arastirma-inceleme-politika-siyaset","6":"product_cat-politika-siyaset","7":"pa_cilt-ciltsiz","8":"pa_tur-kitap","9":"pa_yayinevi-kirmizi-kedi-yayinevi","10":"pa_yazar-baris-pehlivan-baris-terkoglu","12":"first","13":"instock","14":"sale","15":"shipping-taxable","16":"purchasable","17":"product-type-simple"},"_links":{"self":[{"href":"https:\/\/roveyayinevi.com.tr\/index.php\/wp-json\/wp\/v2\/product\/716947","targetHints":{"allow":["GET"]}}],"collection":[{"href":"https:\/\/roveyayinevi.com.tr\/index.php\/wp-json\/wp\/v2\/product"}],"about":[{"href":"https:\/\/roveyayinevi.com.tr\/index.php\/wp-json\/wp\/v2\/types\/product"}],"wp:attachment":[{"href":"https:\/\/roveyayinevi.com.tr\/index.php\/wp-json\/wp\/v2\/media?parent=716947"}],"wp:term":[{"taxonomy":"product_brand","embeddable":true,"href":"https:\/\/roveyayinevi.com.tr\/index.php\/wp-json\/wp\/v2\/product_brand?post=716947"},{"taxonomy":"product_cat","embeddable":true,"href":"https:\/\/roveyayinevi.com.tr\/index.php\/wp-json\/wp\/v2\/product_cat?post=716947"},{"taxonomy":"product_tag","embeddable":true,"href":"https:\/\/roveyayinevi.com.tr\/index.php\/wp-json\/wp\/v2\/product_tag?post=716947"}],"curies":[{"name":"wp","href":"https:\/\/api.w.org\/{rel}","templated":true}]}}