{"id":716930,"date":"2025-08-27T17:48:51","date_gmt":"2025-08-27T14:48:51","guid":{"rendered":"https:\/\/roveyayinevi.com.tr\/index.php\/urun\/elit-erkek-yuzuculerde-yuzme-performanslari-ile-apelin-iliskisinin-incelenmesi\/"},"modified":"2026-04-16T02:25:05","modified_gmt":"2026-04-15T23:25:05","slug":"elit-erkek-yuzuculerde-yuzme-performanslari-ile-apelin-iliskisinin-incelenmesi","status":"publish","type":"product","link":"https:\/\/roveyayinevi.com.tr\/index.php\/urun\/elit-erkek-yuzuculerde-yuzme-performanslari-ile-apelin-iliskisinin-incelenmesi\/","title":{"rendered":"Elit Erkek Y\u00fcz\u00fcc\u00fclerde Y\u00fczme Performanslar\u0131 ile Apelin \u0130li\u015fkisinin \u0130ncelenmesi"},"content":{"rendered":"<p>Elit d\u00fczeydeki erkek y\u00fcz\u00fcc\u00fclerin kat\u0131l\u0131m\u0131 ile ger\u00e7ekle\u015ftirilen bu \u00e7al\u0131\u015fma, farkl\u0131 y\u00fcklenme (k\u0131sa,orta ve uzun mesafeli) egzersizlerinin apselin ile baz\u0131 fiziksel ve biyokimyasal parametreler \u00fczerine etkilerini incelemek amac\u0131 ile yap\u0131lm\u0131\u015ft\u0131r. \u00c7al\u0131\u015fma grubumuzu Malatya-Ad\u0131yaman illerinde ya\u015fayan, benzer beslenme al\u0131\u015fkanl\u0131klar\u0131 olan, ya\u015flar\u0131 18-22 aras\u0131nda de\u011fi\u015fen, elit d\u00fczeyde ve halen aktif olarak y\u00fczme antrenman\u0131 yapan 20 sa\u011fl\u0131kl\u0131 erkek y\u00fcz\u00fcc\u00fc olu\u015fturmu\u015ftur. Bu \u00e7al\u0131\u015fmada \u00f6n test-son test modeli uygulanm\u0131\u015ft\u0131r. Yap\u0131lan y\u00fcklenmeler sonras\u0131 deneklerden 4 defa kan al\u0131nm\u0131\u015f olup, apelin ve baz\u0131 biyokimyasal parametreler ile tam kan de\u011ferlerinin tayinleri ger\u00e7ekle\u015ftirilmi\u015ftir. Sonras\u0131nda fiziksel \u00f6l\u00e7\u00fcm de\u011ferleri al\u0131nm\u0131\u015ft\u0131r. Veriler SPSS paket program\u0131 ile de\u011ferlendirilmi\u015f ve anlaml\u0131l\u0131k d\u00fczeyi p&lt;0.05 olarak al\u0131nm\u0131\u015ft\u0131r. \u0130\u00e7indekiler Giri\u015f Genel Bilgiler Gere\u00e7 ve Y\u00f6ntem Bulgular Tart\u0131\u015fma Sonu\u00e7 ve \u00d6neriler Kaynaklar <\/p>\n","protected":false},"excerpt":{"rendered":"<p>Elit d\u00fczeydeki erkek y\u00fcz\u00fcc\u00fclerin kat\u0131l\u0131m\u0131 ile ger\u00e7ekle\u015ftirilen bu \u00e7al\u0131\u015fma, farkl\u0131 y\u00fcklenme (k\u0131sa,orta ve uzun mesafeli) egzersizlerinin apselin ile baz\u0131 fiziksel ve biyokimyasal parametreler \u00fczerine etkilerini incelemek<span class=\"excerpt-hellip\"> [\u2026]<\/span><\/p>\n","protected":false},"featured_media":0,"template":"","meta":{"_monsterinsights_skip_tracking":false,"_monsterinsights_sitenote_active":false,"_monsterinsights_sitenote_note":"","_monsterinsights_sitenote_category":0},"product_brand":[],"product_cat":[15563,15564],"product_tag":[],"class_list":{"0":"post-716930","1":"product","2":"type-product","3":"status-publish","5":"product_cat-hobi","6":"product_cat-spor","7":"pa_cilt-ciltsiz","8":"pa_tur-kitap","9":"pa_yayinevi-gazi-kitabevi","10":"pa_yazar-aykut-dundar","12":"first","13":"instock","14":"sale","15":"shipping-taxable","16":"purchasable","17":"product-type-simple"},"_links":{"self":[{"href":"https:\/\/roveyayinevi.com.tr\/index.php\/wp-json\/wp\/v2\/product\/716930","targetHints":{"allow":["GET"]}}],"collection":[{"href":"https:\/\/roveyayinevi.com.tr\/index.php\/wp-json\/wp\/v2\/product"}],"about":[{"href":"https:\/\/roveyayinevi.com.tr\/index.php\/wp-json\/wp\/v2\/types\/product"}],"wp:attachment":[{"href":"https:\/\/roveyayinevi.com.tr\/index.php\/wp-json\/wp\/v2\/media?parent=716930"}],"wp:term":[{"taxonomy":"product_brand","embeddable":true,"href":"https:\/\/roveyayinevi.com.tr\/index.php\/wp-json\/wp\/v2\/product_brand?post=716930"},{"taxonomy":"product_cat","embeddable":true,"href":"https:\/\/roveyayinevi.com.tr\/index.php\/wp-json\/wp\/v2\/product_cat?post=716930"},{"taxonomy":"product_tag","embeddable":true,"href":"https:\/\/roveyayinevi.com.tr\/index.php\/wp-json\/wp\/v2\/product_tag?post=716930"}],"curies":[{"name":"wp","href":"https:\/\/api.w.org\/{rel}","templated":true}]}}