{"id":716928,"date":"2025-08-27T17:48:50","date_gmt":"2025-08-27T14:48:50","guid":{"rendered":"https:\/\/roveyayinevi.com.tr\/index.php\/urun\/aklin-islahi-uzerine-bir-inceleme\/"},"modified":"2025-09-17T23:14:47","modified_gmt":"2025-09-17T20:14:47","slug":"aklin-islahi-uzerine-bir-inceleme","status":"publish","type":"product","link":"https:\/\/roveyayinevi.com.tr\/index.php\/urun\/aklin-islahi-uzerine-bir-inceleme\/","title":{"rendered":"Akl\u0131n Islah\u0131 \u00dczerine Bir \u0130nceleme"},"content":{"rendered":"<p>Latince asl\u0131ndan yap\u0131lm\u0131\u015f ilk T\u00fcrk\u00e7e \u00e7evirisini elinizde tuttu\u011funuz bu kitap, Spinoza\u2019n\u0131n d\u00fc\u015f\u00fcncelerini olgunla\u015ft\u0131r\u0131p felsefi terminolojisini \u015fekillendirmeye ba\u015flad\u0131\u011f\u0131, dolay\u0131s\u0131yla zihin d\u00fcnyas\u0131na giden yollar\u0131n temel ta\u015flar\u0131n\u0131 d\u00f6\u015fedi\u011fi eseridir. Bu eserinde Spinoza\u2019n\u0131n as\u0131l gayesi, insan\u0131n tabii kuvvetini b\u00fct\u00fcn \u00f6zellikleriyle tan\u0131mak ve eksiksiz bir y\u00f6ntem ke\u015ffederek onu do\u011fruya g\u00f6t\u00fcrecek bir mant\u0131k haritas\u0131 \u00e7izmektir. Bu ke\u015ffedildimi, arkas\u0131 gelir. \u0130\u00e7imizde mevcut olan do\u011fru kavram ilk ad\u0131m ataca\u011f\u0131m\u0131z basamak olur, d\u00fczg\u00fcn \u00e7\u0131kar\u0131mlar ve kan\u0131tlamalarla do\u011fru d\u00fc\u015f\u00fcnme, do\u011fru d\u00fc\u015f\u00fcnmeler do\u011furur. B\u00f6yle basamak basamak insan\u0131n bilgisi geli\u015fir, anlama yetisi gitgide artar ve daha ileriye, daha ileriye derken, en nihayet bilgeli\u011fin zirvesine kadar yol al\u0131n\u0131r. Bu zirve, zihnin i\u00e7inde hakikat yolculu\u011funa \u00e7\u0131kan her insan\u0131n en b\u00fcy\u00fck hedefidir; en y\u00fcksek bilgidir, en y\u00fcksek bilin\u00e7 d\u00fczeyidir ya da Spinoza\u2019n\u0131n kendi tabiriyle, zihnin do\u011fayla olan birli\u011finin k\u00fclli bilgisine ermedir. \u0130nsan ancak bu bilgide mutlulu\u011fa doyar; ancak bu bilgide yetkinli\u011fin, etkinli\u011fin ve \u00f6zg\u00fcrl\u00fc\u011f\u00fcn manas\u0131n\u0131 kavrar.<\/p>\n","protected":false},"excerpt":{"rendered":"<p>Latince asl\u0131ndan yap\u0131lm\u0131\u015f ilk T\u00fcrk\u00e7e \u00e7evirisini elinizde tuttu\u011funuz bu kitap, Spinoza\u2019n\u0131n d\u00fc\u015f\u00fcncelerini olgunla\u015ft\u0131r\u0131p felsefi terminolojisini \u015fekillendirmeye ba\u015flad\u0131\u011f\u0131, dolay\u0131s\u0131yla zihin d\u00fcnyas\u0131na giden yollar\u0131n temel ta\u015flar\u0131n\u0131 d\u00f6\u015fedi\u011fi eseridir.<span class=\"excerpt-hellip\"> [\u2026]<\/span><\/p>\n","protected":false},"featured_media":0,"template":"","meta":{"_monsterinsights_skip_tracking":false,"_monsterinsights_sitenote_active":false,"_monsterinsights_sitenote_note":"","_monsterinsights_sitenote_category":0},"product_brand":[],"product_cat":[20351,12388],"product_tag":[],"class_list":{"0":"post-716928","1":"product","2":"type-product","3":"status-publish","5":"product_cat-dusunce","6":"product_cat-felsefe","7":"pa_cilt-ciltsiz","8":"pa_tur-kitap","9":"pa_yayinevi-alfa-yayinlari","10":"pa_yazar-baruch-spinoza","12":"first","13":"instock","14":"sale","15":"shipping-taxable","16":"purchasable","17":"product-type-simple"},"_links":{"self":[{"href":"https:\/\/roveyayinevi.com.tr\/index.php\/wp-json\/wp\/v2\/product\/716928","targetHints":{"allow":["GET"]}}],"collection":[{"href":"https:\/\/roveyayinevi.com.tr\/index.php\/wp-json\/wp\/v2\/product"}],"about":[{"href":"https:\/\/roveyayinevi.com.tr\/index.php\/wp-json\/wp\/v2\/types\/product"}],"wp:attachment":[{"href":"https:\/\/roveyayinevi.com.tr\/index.php\/wp-json\/wp\/v2\/media?parent=716928"}],"wp:term":[{"taxonomy":"product_brand","embeddable":true,"href":"https:\/\/roveyayinevi.com.tr\/index.php\/wp-json\/wp\/v2\/product_brand?post=716928"},{"taxonomy":"product_cat","embeddable":true,"href":"https:\/\/roveyayinevi.com.tr\/index.php\/wp-json\/wp\/v2\/product_cat?post=716928"},{"taxonomy":"product_tag","embeddable":true,"href":"https:\/\/roveyayinevi.com.tr\/index.php\/wp-json\/wp\/v2\/product_tag?post=716928"}],"curies":[{"name":"wp","href":"https:\/\/api.w.org\/{rel}","templated":true}]}}