{"id":716927,"date":"2025-08-27T17:48:50","date_gmt":"2025-08-27T14:48:50","guid":{"rendered":"https:\/\/roveyayinevi.com.tr\/index.php\/urun\/euro-dolar-savasi\/"},"modified":"2026-04-16T02:25:05","modified_gmt":"2026-04-15T23:25:05","slug":"euro-dolar-savasi","status":"publish","type":"product","link":"https:\/\/roveyayinevi.com.tr\/index.php\/urun\/euro-dolar-savasi\/","title":{"rendered":"Euro Dolar Sava\u015f\u0131"},"content":{"rendered":"<p>ABD&#8217;yi \u00dc\u00e7\u00fcnc\u00fc D\u00fcnya Sava\u015f\u0131&#8217;na s\u00fcr\u00fckleyen yaln\u0131zca petrol m\u00fc yoksa ABD&#8217;nin d\u00fcnya medyas\u0131nda sans\u00fcrledi\u011fi \u00e7ok daha \u00f6nemli ve gizli ba\u015fka nedenler mi var?  Petrol ve &#8220;B\u00fcy\u00fck \u0130srail&#8221; d\u0131\u015f\u0131nda, ABD&#8217;yi Irak i\u015fgaline y\u00f6nelten, bir D\u00fcnya Sava\u015f\u0131&#8217;na yol a\u00e7acak \u00f6nemde \u00fc\u00e7\u00fcnc\u00fc ve gizli neden neydi?  Arap \u00fclkeleri Irak i\u015fgalinden bir y\u0131l \u00f6nce bu gizli nedeni biliyorlar m\u0131yd\u0131?  \u0130slam \u00fclkelerinin ABD&#8217;yi bir anda \u00e7\u00f6kertecek silah\u0131 nedir?  Saddam H\u00fcseyin 11 Eyl\u00fcl&#8217;den bir y\u0131l \u00f6nce d\u00fcnyadaki dolar egemenli\u011fini \u00e7\u00f6kertecek nas\u0131l bir sald\u0131r\u0131 yapm\u0131\u015ft\u0131?  Saddam&#8217;\u0131n ABD&#8217;yi ekonomik olarak \u00e7\u00f6kertmeye y\u00f6nelik sald\u0131r\u0131s\u0131 ABD taraf\u0131ndan ni\u00e7in sans\u00fcrlendi?  Kar\u015f\u0131l\u0131ks\u0131z dolar basarak d\u00fcnya ekonomisine egemen olan kalpazanlar kimler?  11 Eyl\u00fcl 2001 sald\u0131r\u0131s\u0131n\u0131, bir ay \u00f6nce A\u011fustos 2001&#8217;de duyuran ve Irak i\u015fgalini iki y\u0131l \u00f6ncesinden a\u00e7\u0131k-layan ABD Ba\u015fkan aday\u0131 kimdi?  ABD emperyalist bir \u00fclke mi, yoksa Uluslar\u00fcst\u00fc Yahudi bankerlerin kulland\u0131\u011f\u0131 bir piyon mu?  Roosevelt&#8217;in damad\u0131 Curtis Dall ve \u00f6ld\u00fcr\u00fclen ABD Ba\u015fkan\u0131 Kennedy&#8217;nin babas\u0131, Amerika&#8217;y\u0131 y\u00f6neten gizli \u00f6rg\u00fct hakk\u0131nda neler s\u00f6yledi?  Amerikan Kongre \u00fcyesi Larry P. Mc-Donald, bir u\u00e7ak kazas\u0131nda \u00f6ld\u00fcr\u00fclmeden \u00f6nce Amerika&#8217;y\u0131 y\u00f6netenler hakk\u0131nda hangi if\u015faatlarda bulunmu\u015ftu?  William Clark&#8217;\u0131n ABD&#8217;yi Irak&#8217;\u0131 i\u015fgale y\u00f6nelten \u00fc\u00e7\u00fcnc\u00fc ve gizli nedeni a\u00e7\u0131klayan sans\u00fcrlenmi\u015f yaz\u0131s\u0131n\u0131n tam metni  Clinton d\u00f6neminin ad\u0131 gizli tutulan dan\u0131\u015fman\u0131n, petrol kuru \u00fczerinde y\u00fcr\u00fct\u00fclen &#8220;euro-dolar sava\u015f\u0131&#8221;na ili\u015fkin a\u00e7\u0131klamalar\u0131, Amerikan bas\u0131n\u0131nda neden hala sans\u00fcrl\u00fc? N\u00fckleer Santral, ABD&#8217;nin \u0130ran&#8217;a sald\u0131rmaya y\u00f6nelten ger\u00e7ek neden N\u00fckleer Santral in\u015faat\u0131n\u0131 \u00f6nlemek mi, yoksa bu ABD&#8217;nin &#8220;euro-dolar sava\u015f\u0131&#8221;n\u0131 gizlemek i\u00e7in kulland\u0131\u011f\u0131 bir propaganda malzemesi mi?  Amerika, Hazel Handerson&#8217;un raporunu ni\u00e7in has\u0131r alt\u0131 ediyor?  Ni\u00e7in Chavez&#8217;i devirmek istiyor?  Hazar Petrolleri fiyaskosu neden gizleniyor?  Dr. Nayyer Ali, Amerika&#8217;n\u0131n OPEC&#8217;i yoketme plan\u0131n\u0131 a\u00e7\u0131kl\u0131yor  Usame Bin Laden, Hazar-Basra Boru Hatt\u0131&#8217;n\u0131 Suudi Arabistan ad\u0131na sabote etti\u011fi i\u00e7in mi ABD taraf\u0131ndan d\u00fc\u015fman ilan edildi?  Amerika, \u00fcnl\u00fc romanc\u0131s\u0131 Gore Vidal&#8217;\u0131n &#8220;Sava\u015f Hayali&#8221; adl\u0131 roman\u0131n\u0131 ni\u00e7in yasaklad\u0131?  Rusya, dolar egemenli\u011fini sarsmak i\u00e7in neler yap\u0131yor?  Dolar sisteminin \u00e7\u00f6k\u00fc\u015f\u00fc, Amerika&#8217;n\u0131n y\u0131k\u0131m\u0131n\u0131 getirecek mi?  OPEC \u00fclkeleri petrol\u00fc dolarla de\u011fil euroyla satmaya y\u00f6nelirse Amerika ne olacak?  Amerika uluslararas\u0131 bankerlerin stratejik magandas\u0131 m\u0131? Hangi Siyonist-Tro\u00e7kist Yahudi \u00c7etesi d\u00fcnyay\u0131 kan ve ate\u015fe bo\u011fuyor  1996&#8217;da Clinton&#8217;dan Irak&#8217;\u0131 i\u015fgal etmesini isteyenler kimler?  D\u00fcnyaya &#8220;Yahudi Soyk\u0131r\u0131m\u0131&#8221; diye yutturulan, ger\u00e7ekte &#8220;T\u00fcrk Soyk\u0131r\u0131m\u0131&#8221; m\u0131?  Amerika petrolden &#8216;bor&#8217;a y\u00f6nelirse, T\u00fcrkiye ne yapacak?  Bor&#8217;un petrol yerine yak\u0131t olarak kullan\u0131lmas\u0131, hangi T\u00fcrk bilim adam\u0131n\u0131n bulu\u015fu?  \u0130srail Kom\u00fcnist Partisi, kimi \u0130slamc\u0131larla ayn\u0131 g\u00f6r\u00fc\u015f\u00fc m\u00fc payla\u015f\u0131yor?  Siyonizm&#8217;le sava\u015fan Museviler kimler?  T\u00fcrk &#8216;toryum&#8217;u ve &#8216;bor&#8217;unda kimlerin g\u00f6z\u00fc var?  Endonezya, petrol\u00fcn\u00fc dolarla satmay\u0131 reddetti\u011fi i\u00e7in mi &#8216;tsunami&#8217;yle vuruldu?  &#8220;Dolar&#8217;a hay\u0131r!&#8221; isyan\u0131 b\u00fcy\u00fcyecek mi?  Amerika&#8217;n\u0131n bor madeni kendine yeterli mi, yoksa t\u00fckendi mi?  Amerika&#8217;n\u0131n Irak i\u015fgalinden \u00f6nce Sabiha G\u00f6k\u00e7en, Afyon ve \u00c7orlu havaalanlar\u0131n\u0131 askeri \u00fcsse d\u00f6n\u00fc\u015ft\u00fcrme iste\u011finin alt\u0131nda yatan ger\u00e7ek neydi?  Amerika Bat\u0131 Anadolu&#8217;ya ni\u00e7in g\u00f6z dikti? Amerika&#8217;y\u0131 y\u00f6neten 12 banker kimler?  Amerikan merkez bankas\u0131, devlet bankas\u0131 m\u0131 \u00f6zel banka m\u0131?  ABD Ba\u015fkanlar\u0131ndan Roosevelt ve Amerikan Yarg\u0131tay ba\u015fkan\u0131 Felix Frankfurter, Amerika&#8217;y\u0131 y\u00f6neten gizli g\u00fc\u00e7ler hakk\u0131nda ne dediler?New York Belediye Ba\u015fkan\u0131&#8217;n\u0131n &#8220;Amerika&#8217;y\u0131 bunlar y\u00f6netiyor&#8221; dedi\u011fi &#8220;g\u00f6r\u00fcnmez g\u00fc\u00e7ler&#8221; kimler?<\/p>\n","protected":false},"excerpt":{"rendered":"<p>ABD&#8217;yi \u00dc\u00e7\u00fcnc\u00fc D\u00fcnya Sava\u015f\u0131&#8217;na s\u00fcr\u00fckleyen yaln\u0131zca petrol m\u00fc yoksa ABD&#8217;nin d\u00fcnya medyas\u0131nda sans\u00fcrledi\u011fi \u00e7ok daha \u00f6nemli ve gizli ba\u015fka nedenler mi var? Petrol ve &#8220;B\u00fcy\u00fck \u0130srail&#8221;<span class=\"excerpt-hellip\"> [\u2026]<\/span><\/p>\n","protected":false},"featured_media":0,"template":"","meta":{"_monsterinsights_skip_tracking":false,"_monsterinsights_sitenote_active":false,"_monsterinsights_sitenote_note":"","_monsterinsights_sitenote_category":0},"product_brand":[],"product_cat":[12337,14543],"product_tag":[],"class_list":{"0":"post-716927","1":"product","2":"type-product","3":"status-publish","5":"product_cat-politika-siyaset","6":"product_cat-turkiye-siyaseti-ve-politikasi","7":"pa_cilt-ciltsiz","8":"pa_tur-kitap","9":"pa_yayinevi-otopsi-yayinevi","10":"pa_yazar-cengiz-ozkazanci","12":"first","13":"instock","14":"sale","15":"shipping-taxable","16":"purchasable","17":"product-type-simple"},"_links":{"self":[{"href":"https:\/\/roveyayinevi.com.tr\/index.php\/wp-json\/wp\/v2\/product\/716927","targetHints":{"allow":["GET"]}}],"collection":[{"href":"https:\/\/roveyayinevi.com.tr\/index.php\/wp-json\/wp\/v2\/product"}],"about":[{"href":"https:\/\/roveyayinevi.com.tr\/index.php\/wp-json\/wp\/v2\/types\/product"}],"wp:attachment":[{"href":"https:\/\/roveyayinevi.com.tr\/index.php\/wp-json\/wp\/v2\/media?parent=716927"}],"wp:term":[{"taxonomy":"product_brand","embeddable":true,"href":"https:\/\/roveyayinevi.com.tr\/index.php\/wp-json\/wp\/v2\/product_brand?post=716927"},{"taxonomy":"product_cat","embeddable":true,"href":"https:\/\/roveyayinevi.com.tr\/index.php\/wp-json\/wp\/v2\/product_cat?post=716927"},{"taxonomy":"product_tag","embeddable":true,"href":"https:\/\/roveyayinevi.com.tr\/index.php\/wp-json\/wp\/v2\/product_tag?post=716927"}],"curies":[{"name":"wp","href":"https:\/\/api.w.org\/{rel}","templated":true}]}}