{"id":716926,"date":"2025-08-27T17:48:49","date_gmt":"2025-08-27T14:48:49","guid":{"rendered":"https:\/\/roveyayinevi.com.tr\/index.php\/urun\/osmanli-toplumunda-zindiklik\/"},"modified":"2026-04-16T02:25:05","modified_gmt":"2026-04-15T23:25:05","slug":"osmanli-toplumunda-zindiklik","status":"publish","type":"product","link":"https:\/\/roveyayinevi.com.tr\/index.php\/urun\/osmanli-toplumunda-zindiklik\/","title":{"rendered":"Osmanl\u0131 Toplumunda Z\u0131nd\u0131kl\u0131k"},"content":{"rendered":"<p>Tarih boyunca g\u00fc\u00e7 ve d\u00fcnyevi menfaat dev\u015firmek i\u00e7in dinin temel esaslar\u0131n\u0131 tahrif eden, kavramlar\u0131n i\u00e7ini bo\u015faltan pek \u00e7ok istismar hareketi gelip ge\u00e7mi\u015ftir. D\u00fcn oldu\u011fu gibi z\u0131nd\u0131kl\u0131k, ilhad, ehl-i fesad, bat\u0131nilik, dehrilik gibi isimlerle an\u0131lan istismar hareketlerinin bug\u00fcn de \u00e7e\u015fitli isimler alt\u0131nda varl\u0131klar\u0131n\u0131 s\u00fcrd\u00fcrd\u00fckleri bir vak\u0131ad\u0131r.Nitekim tarihsel s\u00fcre\u00e7te z\u0131nd\u0131kl\u0131k; nifak hareketlerini de kapsayacak \u015fekilde M\u00fcsl\u00fcmanlara kar\u015f\u0131 her t\u00fcr dini, siyasi ve sosyal muhalefet hareketleri i\u00e7erisinde devam etmi\u015ftir. Keza Osmanl\u0131 d\u00f6neminde de bu t\u00fcr hareketler eksik olmam\u0131\u015ft\u0131r. Ancak Osmanl\u0131 devleti bu t\u00fcr hareketlere kar\u015f\u0131 refleks sergilemede ihmalkar davranmam\u0131\u015f, devleti ve toplumsal yap\u0131y\u0131 zedeleyece\u011fini d\u00fc\u015f\u00fcnd\u00fc\u011f\u00fc bu olu\u015fumlara kar\u015f\u0131 gerekli \u00f6nlemleri almakta teredd\u00fct g\u00f6stermemi\u015ftir.Eserde, Osmanl\u0131 toplumundaki z\u0131nd\u0131kl\u0131k olgusu Sultan IV. Mehmed d\u00f6neminin ba\u015fdefterdarl\u0131k k\u00e2tiplerinden Patburunzade Mehmed Efendi \u00f6rne\u011fi ile ele al\u0131nm\u0131\u015f, onun yarg\u0131lanma s\u00fcreci ve idam\u0131 hukuki tahlile tabi tutularak Osmanl\u0131 devlet ve adliyesinin z\u0131nd\u0131kl\u0131\u011fa bak\u0131\u015f\u0131 irdelenmi\u015ftir.<\/p>\n","protected":false},"excerpt":{"rendered":"<p>Tarih boyunca g\u00fc\u00e7 ve d\u00fcnyevi menfaat dev\u015firmek i\u00e7in dinin temel esaslar\u0131n\u0131 tahrif eden, kavramlar\u0131n i\u00e7ini bo\u015faltan pek \u00e7ok istismar hareketi gelip ge\u00e7mi\u015ftir. D\u00fcn oldu\u011fu gibi z\u0131nd\u0131kl\u0131k,<span class=\"excerpt-hellip\"> [\u2026]<\/span><\/p>\n","protected":false},"featured_media":0,"template":"","meta":{"_monsterinsights_skip_tracking":false,"_monsterinsights_sitenote_active":false,"_monsterinsights_sitenote_note":"","_monsterinsights_sitenote_category":0},"product_brand":[],"product_cat":[13517,12304],"product_tag":[],"class_list":{"0":"post-716926","1":"product","2":"type-product","3":"status-publish","5":"product_cat-osmanli-tarihi","6":"product_cat-tarih","7":"pa_cilt-ciltsiz","8":"pa_tur-kitap","9":"pa_yayinevi-bilge-kultur-sanat","10":"pa_yazar-omer-menekse","12":"first","13":"instock","14":"sale","15":"shipping-taxable","16":"purchasable","17":"product-type-simple"},"_links":{"self":[{"href":"https:\/\/roveyayinevi.com.tr\/index.php\/wp-json\/wp\/v2\/product\/716926","targetHints":{"allow":["GET"]}}],"collection":[{"href":"https:\/\/roveyayinevi.com.tr\/index.php\/wp-json\/wp\/v2\/product"}],"about":[{"href":"https:\/\/roveyayinevi.com.tr\/index.php\/wp-json\/wp\/v2\/types\/product"}],"wp:attachment":[{"href":"https:\/\/roveyayinevi.com.tr\/index.php\/wp-json\/wp\/v2\/media?parent=716926"}],"wp:term":[{"taxonomy":"product_brand","embeddable":true,"href":"https:\/\/roveyayinevi.com.tr\/index.php\/wp-json\/wp\/v2\/product_brand?post=716926"},{"taxonomy":"product_cat","embeddable":true,"href":"https:\/\/roveyayinevi.com.tr\/index.php\/wp-json\/wp\/v2\/product_cat?post=716926"},{"taxonomy":"product_tag","embeddable":true,"href":"https:\/\/roveyayinevi.com.tr\/index.php\/wp-json\/wp\/v2\/product_tag?post=716926"}],"curies":[{"name":"wp","href":"https:\/\/api.w.org\/{rel}","templated":true}]}}