{"id":716925,"date":"2025-08-27T17:48:49","date_gmt":"2025-08-27T14:48:49","guid":{"rendered":"https:\/\/roveyayinevi.com.tr\/index.php\/urun\/bir-haftada-sabahattin-ali\/"},"modified":"2026-04-16T02:25:05","modified_gmt":"2026-04-15T23:25:05","slug":"bir-haftada-sabahattin-ali","status":"publish","type":"product","link":"https:\/\/roveyayinevi.com.tr\/index.php\/urun\/bir-haftada-sabahattin-ali\/","title":{"rendered":"Bir Haftada Sabahattin Ali"},"content":{"rendered":"<p>Ger\u00e7ek\u00e7i \u00fcslubu ve samimi diliyle ya\u015fad\u0131\u011f\u0131 d\u00f6nemin toplumsal sorunlar\u0131na dikkat \u00e7eken Sabahattin Ali\u2019nin eserleri bug\u00fcn h\u00e2l\u00e2 g\u00fcncelli\u011fini s\u00fcrd\u00fcr\u00fcyor ve her ya\u015ftan okuru yakalamay\u0131 ba\u015far\u0131yor.  Edebiyat\u0131m\u0131z\u0131n en \u00f6nemli yazarlar\u0131ndan Sabahattin Ali\u2019yi tan\u0131ma kitab\u0131 olarak haz\u0131rlad\u0131\u011f\u0131m\u0131z  Bir Haftada Sabahattin Ali, yedi ayr\u0131 b\u00f6l\u00fcmden olu\u015fuyor. Her b\u00f6l\u00fcm\u00fc bir g\u00fcn olarak d\u00fc\u015f\u00fcnd\u00fc\u011f\u00fcn\u00fczde; bu kitapla her yeni g\u00fcne bir foto\u011fraf\u0131yla ba\u015flayacaks\u0131n\u0131z. Ard\u0131ndan yaz\u0131lar\u0131ndan bir al\u0131nt\u0131ya rastlayacaks\u0131n\u0131z. Sonras\u0131nda en sevilen \u00f6yk\u00fclerinden birini okuyup \u015fiirlerinden birini m\u0131r\u0131ldanarak g\u00fcn\u00fc sonland\u0131rm\u0131\u015f olacaks\u0131n\u0131z.    <\/p>\n","protected":false},"excerpt":{"rendered":"<p>Ger\u00e7ek\u00e7i \u00fcslubu ve samimi diliyle ya\u015fad\u0131\u011f\u0131 d\u00f6nemin toplumsal sorunlar\u0131na dikkat \u00e7eken Sabahattin Ali\u2019nin eserleri bug\u00fcn h\u00e2l\u00e2 g\u00fcncelli\u011fini s\u00fcrd\u00fcr\u00fcyor ve her ya\u015ftan okuru yakalamay\u0131 ba\u015far\u0131yor. Edebiyat\u0131m\u0131z\u0131n en<span class=\"excerpt-hellip\"> [\u2026]<\/span><\/p>\n","protected":false},"featured_media":0,"template":"","meta":{"_monsterinsights_skip_tracking":false,"_monsterinsights_sitenote_active":false,"_monsterinsights_sitenote_note":"","_monsterinsights_sitenote_category":0},"product_brand":[],"product_cat":[14009,12291],"product_tag":[],"class_list":{"0":"post-716925","1":"product","2":"type-product","3":"status-publish","5":"product_cat-biyografi-otobiyografi-edebiyat","6":"product_cat-edebiyat","7":"pa_cilt-ciltsiz","8":"pa_tur-kitap","9":"pa_yayinevi-fom-kitap","10":"pa_yazar-sabahattin-ali","12":"first","13":"instock","14":"sale","15":"shipping-taxable","16":"purchasable","17":"product-type-simple"},"_links":{"self":[{"href":"https:\/\/roveyayinevi.com.tr\/index.php\/wp-json\/wp\/v2\/product\/716925","targetHints":{"allow":["GET"]}}],"collection":[{"href":"https:\/\/roveyayinevi.com.tr\/index.php\/wp-json\/wp\/v2\/product"}],"about":[{"href":"https:\/\/roveyayinevi.com.tr\/index.php\/wp-json\/wp\/v2\/types\/product"}],"wp:attachment":[{"href":"https:\/\/roveyayinevi.com.tr\/index.php\/wp-json\/wp\/v2\/media?parent=716925"}],"wp:term":[{"taxonomy":"product_brand","embeddable":true,"href":"https:\/\/roveyayinevi.com.tr\/index.php\/wp-json\/wp\/v2\/product_brand?post=716925"},{"taxonomy":"product_cat","embeddable":true,"href":"https:\/\/roveyayinevi.com.tr\/index.php\/wp-json\/wp\/v2\/product_cat?post=716925"},{"taxonomy":"product_tag","embeddable":true,"href":"https:\/\/roveyayinevi.com.tr\/index.php\/wp-json\/wp\/v2\/product_tag?post=716925"}],"curies":[{"name":"wp","href":"https:\/\/api.w.org\/{rel}","templated":true}]}}